{"id":3019,"date":"2026-03-13T13:31:53","date_gmt":"2026-03-13T13:31:53","guid":{"rendered":"https:\/\/impress-he.eu\/?page_id=3019"},"modified":"2026-03-31T06:33:22","modified_gmt":"2026-03-31T06:33:22","slug":"feed-2","status":"publish","type":"page","link":"http:\/\/impress-he.eu\/pl\/knowledge-base\/feed-2\/","title":{"rendered":"KARMI\u0106"},"content":{"rendered":"<div data-elementor-type=\"wp-page\" data-elementor-id=\"3019\" class=\"elementor elementor-3019\" data-elementor-post-type=\"page\">\n\t\t\t\t\t\t<section data-particle_enable=\"false\" data-particle-mobile-disabled=\"false\" class=\"elementor-section elementor-top-section elementor-element elementor-element-e93cbd3 elementor-section-boxed elementor-section-height-default elementor-section-height-default\" data-id=\"e93cbd3\" data-element_type=\"section\" data-e-type=\"section\" data-settings=\"{&quot;background_background&quot;:&quot;classic&quot;}\">\n\t\t\t\t\t\t\t<div class=\"elementor-background-overlay\"><\/div>\n\t\t\t\t\t\t\t<div class=\"elementor-container elementor-column-gap-default\">\n\t\t\t\t\t<div class=\"elementor-column elementor-col-100 elementor-top-column elementor-element elementor-element-02afc70\" data-id=\"02afc70\" data-element_type=\"column\" data-e-type=\"column\">\n\t\t\t<div class=\"elementor-widget-wrap elementor-element-populated\">\n\t\t\t\t\t\t<div class=\"elementor-element elementor-element-28784dd elementor-invisible elementor-widget elementor-widget-heading\" data-id=\"28784dd\" data-element_type=\"widget\" data-e-type=\"widget\" data-settings=\"{&quot;_animation&quot;:&quot;fadeInUp&quot;}\" data-widget_type=\"heading.default\">\n\t\t\t\t<div class=\"elementor-widget-container\">\n\t\t\t\t\t<h1 class=\"elementor-heading-title elementor-size-default\">KARMI\u0106<\/h1>\t\t\t\t<\/div>\n\t\t\t\t<\/div>\n\t\t\t\t\t<\/div>\n\t\t<\/div>\n\t\t\t\t\t<\/div>\n\t\t<\/section>\n\t\t<div data-particle_enable=\"false\" data-particle-mobile-disabled=\"false\" class=\"elementor-element elementor-element-34de45c5 e-flex e-con-boxed e-con e-parent\" data-id=\"34de45c5\" data-element_type=\"container\" data-e-type=\"container\">\n\t\t\t\t\t<div class=\"e-con-inner\">\n\t\t\t\t<div class=\"elementor-element elementor-element-5d5a770b elementor-widget elementor-widget-text-editor\" data-id=\"5d5a770b\" data-element_type=\"widget\" data-e-type=\"widget\" data-widget_type=\"text-editor.default\">\n\t\t\t\t<div class=\"elementor-widget-container\">\n\t\t\t\t\t\t\t\t\t\n<p>Pasza dla zwierz\u0105t, cz\u0119sto okre\u015blana jako \u201cukryty silnik\u201d przemys\u0142u spo\u017cywczego, jest kluczowym elementem dla globalnych sektor\u00f3w mi\u0119snego, mleczarskiego i akwakultury. Wysokiej jako\u015bci pasze s\u0105 formu\u0142owane w celu optymalizacji wzrostu, zdrowia i dobrostanu zwierz\u0105t hodowlanych. Wykorzystuj\u0105c mieszank\u0119 zb\u00f3\u017c, \u015bruty bia\u0142kowych i specjalistycznych dodatk\u00f3w, producenci pasz zapewniaj\u0105 efektywn\u0105 konwersj\u0119 sk\u0142adnik\u00f3w od\u017cywczych przez zwierz\u0119ta. Bran\u017ca innowacyjnie wykorzystuje obecnie alternatywne \u017ar\u00f3d\u0142a bia\u0142ka, takie jak m\u0105czki owadzie i algi, aby zmniejszy\u0107 \u015blad \u015brodowiskowy tradycyjnej hodowli.<\/p>\n<p>Zanurz si\u0119 i dowiedz si\u0119 wi\u0119cej!<\/p>\n\t\t\t\t\t\t\t\t<\/div>\n\t\t\t\t<\/div>\n\t\t\t\t\t<\/div>\n\t\t\t\t<\/div>\n\t\t<div data-particle_enable=\"false\" data-particle-mobile-disabled=\"false\" class=\"elementor-element elementor-element-e83e7bb e-flex e-con-boxed e-con e-parent\" data-id=\"e83e7bb\" data-element_type=\"container\" data-e-type=\"container\">\n\t\t\t\t\t<div class=\"e-con-inner\">\n\t\t\t\t<div class=\"elementor-element elementor-element-ada417f elementor-widget elementor-widget-embedpres_elementor\" data-id=\"ada417f\" data-element_type=\"widget\" data-e-type=\"widget\" data-widget_type=\"embedpres_elementor.default\">\n\t\t\t\t<div class=\"elementor-widget-container\">\n\t\t\t\t\t\n\t\t<div class=\"embedpress-elements-wrapper\" id=\"ep-elements-id-ada417f\">\n\n\t\t\t\t\t\t\t<div id=\"ep-elementor-content-ada417f\"\n\t\t\t\t\tclass=\"ep-elementor-content\t\t\t\t\t\t\t\t\t\t  ep-content-protection-disabled\t\t\t\t\tsource-default\">\n\n\t\t\t\t\t<div id=\"ada417f\"\n\t\t\t\t\t\tclass=\"ep-embed-content-wrapper\t\t\t\t\t\t\t\t\t\t\t\t\t\t\t\t\t\tep-google-photos-\t\t\t\t\t\tdata-show-title=\"yes\"\t\t\t\t\t\t\"\n\t\t\t\t\t\t\t\t\t\t\t\t\t\t\t\t\t\t\t\t\t\t\t\t>\n\n\t\t\t\t\t\t<div id=\"ep-elementor-content-ada417f\"\n\t\t\t\t\t\t\tclass=\"ep-elementor-content\t\t\t\t\t\t\t\t\t\t\t\t\t\t  ep-content-protection-disabled\t\t\t\t\t\t\tsource-default\">\n\n\t\t\t\t\t\t\t<div >\n\t\t\t\t\t\t\t\t<div id=\"ada417f\"\n\t\t\t\t\t\t\t\t\tclass=\"ep-embed-content-wraper\"\n\t\t\t\t\t\t\t\t\t\t\t\t\t\t\t\t\t\t>\n\n\t\t\t\t\t\t\t\t\t\t\t\t\t\t\t\t\t<\/div>\n\n\t\t\t\t\t\t\t\t\n\t\t\t\t\t\t\t<\/div>\n\t\t\t\t\t\t<\/div>\n\t\t\t\t\t<\/div>\n\t\t\t\t<\/div>\n\n\t\t\t\n\t\t<\/div>\n\n\n\t\t\n\t\t\t\t<\/div>\n\t\t\t\t<\/div>\n\t\t\t\t\t<\/div>\n\t\t\t\t<\/div>\n\t\t<div data-particle_enable=\"false\" data-particle-mobile-disabled=\"false\" class=\"elementor-element elementor-element-0eab5a0 e-flex e-con-boxed e-con e-parent\" data-id=\"0eab5a0\" data-element_type=\"container\" data-e-type=\"container\">\n\t\t\t\t\t<div class=\"e-con-inner\">\n\t\t\t\t<div class=\"elementor-element elementor-element-7f7035f elementor-widget elementor-widget-html\" data-id=\"7f7035f\" data-element_type=\"widget\" data-e-type=\"widget\" id=\"open-popup\" data-widget_type=\"html.default\">\n\t\t\t\t<div class=\"elementor-widget-container\">\n\t\t\t\t\t<style>\r\n  \/* Make it clear that rows are clickable *\/\r\n  .clickable-row { cursor: pointer; }\r\n  .clickable-row:hover { background-color: #035A7D; }\r\n<\/style>\r\n\r\n<table border=\"0\">\r\n  <thead>\r\n    <tr><th>Tytu\u0142 zasobu dydaktycznego online<\/th>\r\n    <th>Kluczowa grupa docelowa<\/th>\r\n    <th>Nauka<\/th>\r\n    <th>Trudno\u015b\u0107<\/th><\/tr>\r\n  <\/thead>\r\n  <tbody>\r\n    <!-- Use data-url to store the target path -->\r\n    <tr class=\"clickable-row\" data-url=\"https:\/\/docs.google.com\/presentation\/d\/e\/2PACX-1vQ5hABnn8YQ3hKdxOaAAuw2Z5QVCQnQby82sRi-uU3QRtpB-xLIKFjnxZsDE3dF4Q\/pubembed?start=false&loop=false&delayms=3000\" onclick=\"updateIframe2(this)\">\r\n      <td>Przegl\u0105d prawa islamskiego dotycz\u0105cy zastosowania niebieskiej gospodarki do wykorzystania odpad\u00f3w organicznych jako alternatywnych materia\u0142\u00f3w paszowych (Studium spo\u0142eczno\u015bci hoduj\u0105cych ryby s\u0142odkowodne)<\/td>\r\n      <td>Uczniowie szk\u00f3\u0142 \u015brednich, nauczyciele licencjonowani<\/td>\r\n      <td>25 minut<\/td>\r\n      <td>Wy\u017cszy \u015bredniozaawansowany<\/td>\r\n    <\/tr>\r\n    <tr class=\"clickable-row\" data-url=\"https:\/\/docs.google.com\/presentation\/d\/e\/2PACX-1vTlNNkqnV-U0puAIH_9wXJ5b6nL5vvEl3HHXytnDS_WRaxopgnO5TeQz34Dpz0rmQ\/pubembed?start=false&loop=false&delayms=3000\" onclick=\"updateIframe2(this)\">\r\n      <td>Wydajno\u015b\u0107 karmienia Artemia bioflokami pochodz\u0105cymi z dw\u00f3ch rodzaj\u00f3w sta\u0142ych odpad\u00f3w rybnych<\/td>\r\n      <td>Uczniowie szk\u00f3\u0142 \u015brednich, nauczyciele licencjonowani<\/td>\r\n      <td>25 minut<\/td>\r\n      <td>Wy\u017cszy \u015bredniozaawansowany<\/td>\r\n    <\/tr>\r\n    <tr class=\"clickable-row\" data-url=\"https:\/\/docs.google.com\/presentation\/d\/e\/2PACX-1vSCoS7TFUozCAw1hHKF8WE4v3csNWsMbLD-a9MGKO032fKWeAU-ngjVcMYGM4eK0g\/pubembed?start=false&loop=false&delayms=3000\" onclick=\"updateIframe2(this)\">\r\n      <td>Od odpad\u00f3w przetw\u00f3rstwa rybnego do dodatk\u00f3w paszowych dla raka<\/td>\r\n      <td>Uczniowie szk\u00f3\u0142 \u015brednich, nauczyciele licencjonowani<\/td>\r\n      <td>40 minut<\/td>\r\n      <td>Wy\u017cszy \u015bredniozaawansowany<\/td>\r\n    <\/tr>\r\n    <tr class=\"clickable-row\" data-url=\"https:\/\/docs.google.com\/presentation\/d\/e\/2PACX-1vTqTZpEMlYwo9-86NYpNFaGnkZjcMZ3FaW8utXuxAHIxeL435heE_XOyd-d_z6XYw\/pubembed?start=false&loop=false&delayms=3000\" onclick=\"updateIframe2(this)\">\r\n      <td>Wykorzystanie o\u015bci rybnych do produkcji produkt\u00f3w o warto\u015bci ekonomicznej w ramach gospodarki o obiegu zamkni\u0119tym w miejscowo\u015bci Semayan<\/td>\r\n      <td>Uczniowie szk\u00f3\u0142 \u015brednich, nauczyciele licencjonowani<\/td>\r\n      <td>25 minut<\/td>\r\n      <td>Wy\u017cszy \u015bredniozaawansowany<\/td>\r\n    <\/tr>\r\n    <tr class=\"clickable-row\" data-url=\"https:\/\/docs.google.com\/presentation\/d\/e\/2PACX-1vSphm2nhFrWpl2oolQar9-JSjNcw8E4m5TeF_3KRB8kQm53xLlTvufs67qxfxN8GQ\/pubembed?start=false&loop=false&delayms=3000\" onclick=\"updateIframe2(this)\">\r\n      <td>Zu\u017cycie ryb na m\u0105czk\u0119 rybn\u0105: potencja\u0142, zr\u00f3wnowa\u017cony rozw\u00f3j i pojawiaj\u0105ce si\u0119 kwestie zwi\u0105zane z mikroplastikami i regulacjami<\/td>\r\n      <td>Uczniowie szk\u00f3\u0142 \u015brednich, nauczyciele licencjonowani<\/td>\r\n      <td>25 minut<\/td>\r\n      <td>Wy\u017cszy \u015bredniozaawansowany<\/td>\r\n    <\/tr>\r\n    <tr class=\"clickable-row\" data-url=\"https:\/\/docs.google.com\/presentation\/d\/e\/2PACX-1vQF81RPZ34PD0gk-rf-CQWaPQBMDGaHWNsOhVuukQs7FtlX-QORoqzMHzdmg3XPhg\/pubembed?start=false&loop=false&delayms=3000\" onclick=\"updateIframe2(this)\">\r\n      <td>WYKORZYSTANIE ODPAD\u00d3W RYBNYCH DO PRODUKCJI PROSZKU SILOSU RYBNEGO I JEGO ZASTOSOWANIE JAKO PASZA DLA KURCZAK\u00d3W I W HODOWLI RYB<\/td>\r\n      <td>Uczniowie liceum, studenci licencjacki<\/td>\r\n      <td>15 minut<\/td>\r\n      <td>Wy\u017cszy \u015bredniozaawansowany<\/td>\r\n    <\/tr>\r\n    <tr class=\"clickable-row\" data-url=\"https:\/\/docs.google.com\/presentation\/d\/e\/2PACX-1vRrLMuuWfm2FsKySRQaS5cjIJBYg0NFyV9cBSwPELO2gNCCsxQNcPf22HHsMGhN9Q\/pubembed?start=false&loop=false&delayms=3000\" onclick=\"updateIframe2(this)\">\r\n      <td>Produkty uboczne owad\u00f3w i ryb jako zr\u00f3wnowa\u017cone alternatywy dla konwencjonalnych bia\u0142ek zwierz\u0119cych w \u017cywieniu zwierz\u0105t<\/td>\r\n      <td>Uczniowie szk\u00f3\u0142 \u015brednich, nauczyciele licencjonowani<\/td>\r\n      <td>30 minut<\/td>\r\n      <td>Wy\u017cszy \u015bredniozaawansowany<\/td>\r\n    <\/tr>\r\n    <tr class=\"clickable-row\" data-url=\"https:\/\/docs.google.com\/presentation\/d\/e\/2PACX-1vSPebgUQCe3U53ki36x4pW_SZQsgb-3LUflzkg0PmJA8jpVTU8oG1WJNLq0CTBuNQ\/pubembed?start=false&loop=false&delayms=3000\" onclick=\"updateIframe2(this)\">\r\n      <td>Wykorzystanie odpad\u00f3w poprocesowych z pangasa (Pangasianodon hypophthalamus) w przygotowaniu paszy dla tilapii (Oreochromis niloticus)<\/td>\r\n      <td>Uczniowie szk\u00f3\u0142 \u015brednich, nauczyciele licencjonowani<\/td>\r\n      <td>15 minut<\/td>\r\n      <td>Wy\u017cszy \u015bredniozaawansowany<\/td>\r\n    <\/tr>\r\n    <tr class=\"clickable-row\" data-url=\"https:\/\/docs.google.com\/presentation\/d\/e\/2PACX-1vTRKqhFCrMlxn65-i8nw8qjmYR6k3p6pqUUvAtuFB4Vfk0L78TH6o4tny2p8z9T8w\/pubembed?start=false&loop=false&delayms=3000\" onclick=\"updateIframe2(this)\">\r\n      <td>Ocena mikroalg Chlamydomonas reinhardtii jako zr\u00f3wnowa\u017conego dodatku paszowego i substytutu m\u0105czki rybnej w akwakulturze, maj\u0105cego pozytywny wp\u0142yw na \u017cywienie cz\u0142owieka<\/td>\r\n      <td>Uczniowie szk\u00f3\u0142 \u015brednich, nauczyciele licencjonowani<\/td>\r\n      <td>35 minut<\/td>\r\n      <td>Wy\u017cszy \u015bredniozaawansowany<\/td>\r\n    <\/tr>\r\n  <\/tbody>\r\n<\/table>\r\n\r\n\t\t\t\t<\/div>\n\t\t\t\t<\/div>\n\t\t\t\t\t<\/div>\n\t\t\t\t<\/div>\n\t\t<div data-particle_enable=\"false\" data-particle-mobile-disabled=\"false\" class=\"elementor-element elementor-element-81daf6e e-flex e-con-boxed e-con e-parent\" data-id=\"81daf6e\" data-element_type=\"container\" data-e-type=\"container\">\n\t\t\t\t\t<div class=\"e-con-inner\">\n\t\t\t\t<div class=\"elementor-element elementor-element-898c297 elementor-widget elementor-widget-eael-lightbox\" data-id=\"898c297\" data-element_type=\"widget\" data-e-type=\"widget\" data-widget_type=\"eael-lightbox.default\">\n\t\t\t\t<div class=\"elementor-widget-container\">\n\t\t\t\t\t\n\n\t\t<div data-lightbox-type=\"lightbox_type_custom_html\" data-lightbox-type-url=\"\" data-lightbox-trigger-pageload=\"1\" data-lightbox-closebtn-color=\"#ffffff\" class=\"eael-lightbox-wrapper\" data-trigger=\"eael_lightbox_trigger_external\" data-lightbox-id=\"lightbox_6a0372ad657a8\" data-type=\"inline\" data-src=\"#eael-lightbox-window-6a0372ad657a8\" data-popup-layout=\"eael-lightbox-popup-standard\" data-main-class=\"eael-lightbox-modal-popup-898c297\" data-close_button=\"yes\" data-esc_exit=\"yes\" data-click_exit=\"yes\" data-effect=\"animated mfp-zoom-in\" data-trigger-element=\"#open-popup\">\n\t\t\t<div class=\"eael-lightbox-btn\">\n\t\t\t\t\t\t\t<\/div><!-- close .eael-lightbox-btn -->\n\t\t<\/div>\n\n\t\t<div class=\"eael-lightbox-popup-window eael-lightbox-popup-window-898c297 lightbox_type_custom_html\" id=\"eael-lightbox-window-6a0372ad657a8\">\n\t\t\t<div class=\"eael-lightbox-container\">\n\t\t\t\t<iframe id=\"mainFrame\" src=\"about:blank\" width=\"100%\" height=\"800px\" style=\"background:black;\"><\/iframe>\r\n\r\n<script>\r\nfunction updateIframe2(row) {\r\n  \/\/ Pull the URL from the data-url attribute of the clicked row\r\n  const url = row.getAttribute('data-url');\r\n  document.getElementById('mainFrame').src = url;\r\n}\r\n<\/script>\n\n\t\t\t<\/div>\n\t\t<\/div>\n\t\t\t\t<\/div>\n\t\t\t\t<\/div>\n\t\t\t\t\t<\/div>\n\t\t\t\t<\/div>\n\t\t\t\t<\/div>","protected":false},"excerpt":{"rendered":"<p>Online teaching resource title Key Target Audience Study Time Difficulty Review of Islamic Law Regarding the Application of the Blue Economy to the Use of Organic Waste as Alternative Feed Materials (Study of Freshwater Fish Farming Community High school students, bachelor educators 25 mins Upper-Intermediate Performance of feeding Artemia with bioflocs derived from two types [&hellip;]<\/p>\n","protected":false},"author":1,"featured_media":0,"parent":2467,"menu_order":2,"comment_status":"closed","ping_status":"closed","template":"","meta":{"iawp_total_views":45,"footnotes":""},"class_list":["post-3019","page","type-page","status-publish","hentry"],"_links":{"self":[{"href":"http:\/\/impress-he.eu\/pl\/wp-json\/wp\/v2\/pages\/3019","targetHints":{"allow":["GET"]}}],"collection":[{"href":"http:\/\/impress-he.eu\/pl\/wp-json\/wp\/v2\/pages"}],"about":[{"href":"http:\/\/impress-he.eu\/pl\/wp-json\/wp\/v2\/types\/page"}],"author":[{"embeddable":true,"href":"http:\/\/impress-he.eu\/pl\/wp-json\/wp\/v2\/users\/1"}],"replies":[{"embeddable":true,"href":"http:\/\/impress-he.eu\/pl\/wp-json\/wp\/v2\/comments?post=3019"}],"version-history":[{"count":119,"href":"http:\/\/impress-he.eu\/pl\/wp-json\/wp\/v2\/pages\/3019\/revisions"}],"predecessor-version":[{"id":3163,"href":"http:\/\/impress-he.eu\/pl\/wp-json\/wp\/v2\/pages\/3019\/revisions\/3163"}],"up":[{"embeddable":true,"href":"http:\/\/impress-he.eu\/pl\/wp-json\/wp\/v2\/pages\/2467"}],"wp:attachment":[{"href":"http:\/\/impress-he.eu\/pl\/wp-json\/wp\/v2\/media?parent=3019"}],"curies":[{"name":"wp","href":"https:\/\/api.w.org\/{rel}","templated":true}]}}