{"id":3194,"date":"2026-03-30T11:47:11","date_gmt":"2026-03-30T11:47:11","guid":{"rendered":"https:\/\/impress-he.eu\/?page_id=3194"},"modified":"2026-03-31T06:33:38","modified_gmt":"2026-03-31T06:33:38","slug":"ingredients","status":"publish","type":"page","link":"http:\/\/impress-he.eu\/pl\/knowledge-base\/ingredients\/","title":{"rendered":"SK\u0141ADNIKI"},"content":{"rendered":"<div data-elementor-type=\"wp-page\" data-elementor-id=\"3194\" class=\"elementor elementor-3194\" data-elementor-post-type=\"page\">\n\t\t\t\t\t\t<section data-particle_enable=\"false\" data-particle-mobile-disabled=\"false\" class=\"elementor-section elementor-top-section elementor-element elementor-element-e93cbd3 elementor-section-boxed elementor-section-height-default elementor-section-height-default\" data-id=\"e93cbd3\" data-element_type=\"section\" data-e-type=\"section\" data-settings=\"{&quot;background_background&quot;:&quot;classic&quot;}\">\n\t\t\t\t\t\t\t<div class=\"elementor-background-overlay\"><\/div>\n\t\t\t\t\t\t\t<div class=\"elementor-container elementor-column-gap-default\">\n\t\t\t\t\t<div class=\"elementor-column elementor-col-100 elementor-top-column elementor-element elementor-element-02afc70\" data-id=\"02afc70\" data-element_type=\"column\" data-e-type=\"column\">\n\t\t\t<div class=\"elementor-widget-wrap elementor-element-populated\">\n\t\t\t\t\t\t<div class=\"elementor-element elementor-element-28784dd elementor-invisible elementor-widget elementor-widget-heading\" data-id=\"28784dd\" data-element_type=\"widget\" data-e-type=\"widget\" data-settings=\"{&quot;_animation&quot;:&quot;fadeInUp&quot;}\" data-widget_type=\"heading.default\">\n\t\t\t\t<div class=\"elementor-widget-container\">\n\t\t\t\t\t<h1 class=\"elementor-heading-title elementor-size-default\">SK\u0141ADNIKI<\/h1>\t\t\t\t<\/div>\n\t\t\t\t<\/div>\n\t\t\t\t\t<\/div>\n\t\t<\/div>\n\t\t\t\t\t<\/div>\n\t\t<\/section>\n\t\t<div data-particle_enable=\"false\" data-particle-mobile-disabled=\"false\" class=\"elementor-element elementor-element-34de45c5 e-flex e-con-boxed e-con e-parent\" data-id=\"34de45c5\" data-element_type=\"container\" data-e-type=\"container\">\n\t\t\t\t\t<div class=\"e-con-inner\">\n\t\t\t\t<div class=\"elementor-element elementor-element-5d5a770b elementor-widget elementor-widget-text-editor\" data-id=\"5d5a770b\" data-element_type=\"widget\" data-e-type=\"widget\" data-widget_type=\"text-editor.default\">\n\t\t\t\t<div class=\"elementor-widget-container\">\n\t\t\t\t\t\t\t\t\t<p>Sk\u0142adniki to wyspecjalizowane komponenty, od podstawowych surowc\u00f3w, takich jak m\u0105ka i cukier, po z\u0142o\u017cone enzymy i \u015brodki konserwuj\u0105ce, kt\u00f3re decyduj\u0105 o teksturze, trwa\u0142o\u015bci i smaku zar\u00f3wno \u017cywno\u015bci, jak i pasz. Stanowi\u0105 one pomost mi\u0119dzy surowymi produktami rolnymi a gotowymi towarami konsumpcyjnymi. Na wsp\u00f3\u0142czesnym rynku obserwuje si\u0119 ogromny nacisk na sk\u0142adniki \u201cczystej etykiety\u201d, poniewa\u017c konsumenci domagaj\u0105 si\u0119 przejrzysto\u015bci i naturalnych alternatyw dla syntetycznych dodatk\u00f3w, co zmusza producent\u00f3w do przemy\u015blenia tradycyjnych receptur chemicznych.<\/p><p>Zanurz si\u0119 i dowiedz si\u0119 wi\u0119cej!<\/p>\t\t\t\t\t\t\t\t<\/div>\n\t\t\t\t<\/div>\n\t\t\t\t\t<\/div>\n\t\t\t\t<\/div>\n\t\t<div data-particle_enable=\"false\" data-particle-mobile-disabled=\"false\" class=\"elementor-element elementor-element-e83e7bb e-flex e-con-boxed e-con e-parent\" data-id=\"e83e7bb\" data-element_type=\"container\" data-e-type=\"container\">\n\t\t\t\t\t<div class=\"e-con-inner\">\n\t\t\t\t<div class=\"elementor-element elementor-element-ada417f elementor-widget elementor-widget-embedpres_elementor\" data-id=\"ada417f\" data-element_type=\"widget\" data-e-type=\"widget\" data-widget_type=\"embedpres_elementor.default\">\n\t\t\t\t<div class=\"elementor-widget-container\">\n\t\t\t\t\t\n\t\t<div class=\"embedpress-elements-wrapper\" id=\"ep-elements-id-ada417f\">\n\n\t\t\t\t\t\t\t<div id=\"ep-elementor-content-ada417f\"\n\t\t\t\t\tclass=\"ep-elementor-content\t\t\t\t\t\t\t\t\t\t  ep-content-protection-disabled\t\t\t\t\tsource-default\">\n\n\t\t\t\t\t<div id=\"ada417f\"\n\t\t\t\t\t\tclass=\"ep-embed-content-wrapper\t\t\t\t\t\t\t\t\t\t\t\t\t\t\t\t\t\tep-google-photos-\t\t\t\t\t\tdata-show-title=\"yes\"\t\t\t\t\t\t\"\n\t\t\t\t\t\t\t\t\t\t\t\t\t\t\t\t\t\t\t\t\t\t\t\t>\n\n\t\t\t\t\t\t<div id=\"ep-elementor-content-ada417f\"\n\t\t\t\t\t\t\tclass=\"ep-elementor-content\t\t\t\t\t\t\t\t\t\t\t\t\t\t  ep-content-protection-disabled\t\t\t\t\t\t\tsource-default\">\n\n\t\t\t\t\t\t\t<div >\n\t\t\t\t\t\t\t\t<div id=\"ada417f\"\n\t\t\t\t\t\t\t\t\tclass=\"ep-embed-content-wraper\"\n\t\t\t\t\t\t\t\t\t\t\t\t\t\t\t\t\t\t>\n\n\t\t\t\t\t\t\t\t\t\t\t\t\t\t\t\t\t<\/div>\n\n\t\t\t\t\t\t\t\t\n\t\t\t\t\t\t\t<\/div>\n\t\t\t\t\t\t<\/div>\n\t\t\t\t\t<\/div>\n\t\t\t\t<\/div>\n\n\t\t\t\n\t\t<\/div>\n\n\n\t\t\n\t\t\t\t<\/div>\n\t\t\t\t<\/div>\n\t\t\t\t\t<\/div>\n\t\t\t\t<\/div>\n\t\t<div data-particle_enable=\"false\" data-particle-mobile-disabled=\"false\" class=\"elementor-element elementor-element-0eab5a0 e-flex e-con-boxed e-con e-parent\" data-id=\"0eab5a0\" data-element_type=\"container\" data-e-type=\"container\">\n\t\t\t\t\t<div class=\"e-con-inner\">\n\t\t\t\t<div class=\"elementor-element elementor-element-7f7035f elementor-widget elementor-widget-html\" data-id=\"7f7035f\" data-element_type=\"widget\" data-e-type=\"widget\" id=\"open-popup\" data-widget_type=\"html.default\">\n\t\t\t\t<div class=\"elementor-widget-container\">\n\t\t\t\t\t<style>\r\n  \/* Make it clear that rows are clickable *\/\r\n  .clickable-row { cursor: pointer; }\r\n  .clickable-row:hover { background-color: #035A7D; }\r\n<\/style>\r\n\r\n<table border=\"0\">\r\n  <thead>\r\n    <tr><th>Tytu\u0142 zasobu dydaktycznego online<\/th>\r\n    <th>Kluczowa grupa docelowa<\/th>\r\n    <th>Nauka<\/th>\r\n    <th>Trudno\u015b\u0107<\/th><\/tr>\r\n  <\/thead>\r\n  <tbody>\r\n    <!-- Use data-url to store the target path -->\r\n    <tr class=\"clickable-row\" data-url=\"https:\/\/docs.google.com\/presentation\/d\/e\/2PACX-1vQ5hABnn8YQ3hKdxOaAAuw2Z5QVCQnQby82sRi-uU3QRtpB-xLIKFjnxZsDE3dF4Q\/pubembed?start=false&loop=false&delayms=3000\" onclick=\"updateIframe2(this)\">\r\n      <td>Energetyczna i ekonomiczna ocena wsp\u00f3\u0142przetwarzania odciek\u00f3w rybnych zero-waste<\/td>\r\n      <td>Liceum, studenci licencjatu<\/td>\r\n      <td>35 minut<\/td>\r\n      <td>Wy\u017cszy \u015bredniozaawansowany<\/td>\r\n    <\/tr>\r\n    \r\n    <tr class=\"clickable-row\" data-url=\"https:\/\/docs.google.com\/presentation\/d\/e\/2PACX-1vRagrpGVUEctxZiBbOySscGTH-Wiefx13S15r192FlgzHZRq5RiJkFumkj4ilEhuw\/pubembed?start=false&loop=false&delayms=3000\" onclick=\"updateIframe2(this)\">\r\n      <td>Ekstrakcja zdrowych olej\u00f3w z trzewi rybnych przy u\u017cyciu technologii konwencjonalnych i zaawansowanych<\/td>\r\n      <td>Liceum, studenci licencjatu<\/td>\r\n      <td>15 minut<\/td>\r\n      <td>Wy\u017cszy \u015bredniozaawansowany<\/td>\r\n    <\/tr>\r\n    \r\n    <tr class=\"clickable-row\" data-url=\"https:\/\/docs.google.com\/presentation\/d\/e\/2PACX-1vSFFoTUr-1h7rsNPLha7I6zDYlSSRzVP9OOd3d5h3lLIbjYiomTq4oiBJziPOuN6w\/pubembed?start=false&loop=false&delayms=3000\" onclick=\"updateIframe2(this)\">\r\n      <td>Od odpad\u00f3w rybnych do warto\u015bci: przegl\u0105d zr\u00f3wnowa\u017conego odzyskiwania kwas\u00f3w Omega-3 do suplement\u00f3w diety<\/td>\r\n      <td>Liceum, licencjat-wychowawca<\/td>\r\n      <td>60 minut<\/td>\r\n      <td>Wy\u017cszy \u015bredniozaawansowany<\/td>\r\n    <\/tr>\r\n    \r\n    <tr class=\"clickable-row\" data-url=\"https:\/\/docs.google.com\/presentation\/d\/e\/2PACX-1vS4i3QEDbOE-Qe9yT2ZL55QKXYXMkb4PxLGdC4H61mGjzkXqEXPW_Y0q0UevrdqKg\/pubembed?start=false&loop=false&delayms=3000\" onclick=\"updateIframe2(this)\">\r\n      <td>Produkcja substytutu ludzkiego t\u0142uszczu mlecznego przez in\u017cynierowane szczepy Yarrowia lipolytica<\/td>\r\n      <td>Liceum, studenci licencjatu<\/td>\r\n      <td>30 minut<\/td>\r\n      <td>Wy\u017cszy \u015bredniozaawansowany<\/td>\r\n    <\/tr>\r\n    \r\n    <tr class=\"clickable-row\" data-url=\"https:\/\/docs.google.com\/presentation\/d\/e\/2PACX-1vRZ_ltF5dO46Ar3mmSo9DIHo88No3A8mWDWwdQ1fLu9wD03kJKApkWYGCKWe6CXwQ\/pubembed?start=false&loop=false&delayms=3000\" onclick=\"updateIframe2(this)\">\r\n      <td>Charakteryzacja chemiczna i frakcjonowanie rozpuszczalnikowe oleju z tilapia pod k\u0105tem jego potencjalnego zastosowania jako substytutu t\u0142uszczu mleka ludzkiego<\/td>\r\n      <td>Liceum, studenci licencjatu<\/td>\r\n      <td>40 minut<\/td>\r\n      <td>Wy\u017cszy \u015bredniozaawansowany<\/td>\r\n    <\/tr>\r\n    \r\n    <tr class=\"clickable-row\" data-url=\"https:\/\/docs.google.com\/presentation\/d\/e\/2PACX-1vS58rzgs-NaN-ldulfsAeCl--L32pcdz-EmPZ_Nuh9Cya9CooDEEXkyi9SPoKzZqg\/pubembed?start=false&loop=false&delayms=3000\" onclick=\"updateIframe2(this)\">\r\n      <td>Por\u00f3wnanie substytut\u00f3w t\u0142uszczu mleka ludzkiego z Rhodococcus opacus z produktami komercyjnymi na bazie olej\u00f3w ro\u015blinnych<\/td>\r\n      <td>Liceum, studenci licencjatu<\/td>\r\n      <td>20 minut<\/td>\r\n      <td>Wy\u017cszy \u015bredniozaawansowany<\/td>\r\n    <\/tr>\r\n    \r\n    <tr class=\"clickable-row\" data-url=\"https:\/\/docs.google.com\/presentation\/d\/e\/2PACX-1vSArbsHUJN1gxAzYnFqjKH7PQ2KXZRRHHYEgblJ7tRrryBi10AW3Gz7iL40ZXaMmg\/pubembed?start=false&loop=false&delayms=3000\" onclick=\"updateIframe2(this)\">\r\n      <td>Produkty Uboczne z Ryb : \u0179r\u00f3d\u0142o Enzym\u00f3w do Generowania Kr\u0105\u017c\u0105cych Bioaktywnych Hydrolizat\u00f3w<\/td>\r\n      <td>Liceum, licencjat-wychowawca<\/td>\r\n      <td>30 minut<\/td>\r\n      <td>Wy\u017cszy \u015bredniozaawansowany<\/td>\r\n    <\/tr>\r\n    \r\n    <tr class=\"clickable-row\" data-url=\"https:\/\/docs.google.com\/presentation\/d\/e\/2PACX-1vR0blFPrWx8HAo_jS6DXN4ocasdg9WzcoBCEmGrGelZegmIWyPRVsmZDRzp_Y-CZQ\/pubembed?start=false&loop=false&delayms=3000\" onclick=\"updateIframe2(this)\">\r\n      <td>Przetwarzanie strumieni pobocznych bogatych w bia\u0142ko bez generowania odpad\u00f3w<\/td>\r\n      <td>Nauczyciele klas I-III<\/td>\r\n      <td>30 minut<\/td>\r\n      <td>Pocz\u0105tkuj\u0105cy<\/td>\r\n    <\/tr>\r\n    \r\n    <tr class=\"clickable-row\" data-url=\"https:\/\/docs.google.com\/presentation\/d\/e\/2PACX-1vT0TopQTHbpJUI1BUYbnMTQAIZ3Aiz3srl5dRM0InW-ciPCDXlzpneW0qSb3sTuVA\/pubembed?start=false&loop=false&delayms=3000\" onclick=\"updateIframe2(this)\">\r\n      <td>Rozw\u00f3j, charakterystyka i analiza g\u0142\u00f3wnych sk\u0142adowych tortilli z ufortyfikowanej m\u0105ki pszennej rafinowanej wzbogaconej py\u0142em kostnym ryb oraz jej atrybuty organoleptyczne<\/td>\r\n      <td>Liceum, studenci licencjatu<\/td>\r\n      <td>30 minut<\/td>\r\n      <td>Wy\u017cszy \u015bredniozaawansowany<\/td>\r\n    <\/tr>\r\n    \r\n    <tr class=\"clickable-row\" data-url=\"https:\/\/docs.google.com\/presentation\/d\/e\/2PACX-1vRuHWkMllsveZ-A11Hlt30y2FNOgPZszsJ196qzA8QY1Pf5J-qGyrQxdc5JtUH_Hg\/pubembed?start=false&loop=false&delayms=3000\" onclick=\"updateIframe2(this)\">\r\n      <td>Chitynowe Nanow\u0142\u00f3kna: Zamiana Odpad\u00f3w z Rybo\u0142\u00f3wstwa w Produkty<\/td>\r\n      <td>Liceum, studenci licencjatu<\/td>\r\n      <td>20 minut<\/td>\r\n      <td>Wy\u017cszy \u015bredniozaawansowany<\/td>\r\n    <\/tr>\r\n    \r\n    <tr class=\"clickable-row\" data-url=\"https:\/\/docs.google.com\/presentation\/d\/e\/2PACX-1vRBpIO4dc4cA3Spyk1X22TBjfrkY1arpePFAIP-JwnyHpWvAABXNvZDc09jKt6pBg\/pubembed?start=false&loop=false&delayms=3000\" onclick=\"updateIframe2(this)\">\r\n      <td>Integracja \u017celatyny i chitozanu pozyskiwanych ze \u015bcinek rybnych do jadalnej folii nanokompozytowej dla owoc\u00f3w \u0142atwo psuj\u0105cych si\u0119<\/td>\r\n      <td>Liceum, licencjat-wychowawca<\/td>\r\n      <td>30 minut<\/td>\r\n      <td>Wy\u017cszy \u015bredniozaawansowany<\/td>\r\n    <\/tr>\r\n    \r\n    <tr class=\"clickable-row\" data-url=\"https:\/\/docs.google.com\/presentation\/d\/e\/2PACX-1vR0NmqVNW-DD6ZChYSFwG4Gr6VEOLkfUUJclE-UdyIWpK7ugvZs7-3SkfqV2WojHQ\/pubembed?start=false&loop=false&delayms=3000\" onclick=\"updateIframe2(this)\">\r\n      <td>Wykorzystanie sk\u00f3r \u015bledzi hawajskich (Elops hawaiensis) jako surowca do produkcji \u017celatyny z zastosowaniem kombinacji roztwor\u00f3w do wymaczania<\/td>\r\n      <td>Liceum, licencjat-wychowawca<\/td>\r\n      <td>20 minut<\/td>\r\n      <td>Wy\u017cszy \u015bredniozaawansowany<\/td>\r\n    <\/tr>\r\n    \r\n    <tr class=\"clickable-row\" data-url=\"https:\/\/docs.google.com\/presentation\/d\/e\/2PACX-1vRWNvQOl_KO2-yj7DMy_bVpcE8HsH38QLkmI36N4SxESntvYRnYDeX4hZqIumZJGw\/pubembed?start=false&loop=false&delayms=3000\" onclick=\"updateIframe2(this)\">\r\n      <td>Opracowanie skutecznego procesu wykorzystania kolagenu z odpad\u00f3w pochodzenia zwierz\u0119cego i rybnego<\/td>\r\n      <td>Liceum, studenci licencjatu<\/td>\r\n      <td>25 minut<\/td>\r\n      <td>Wy\u017cszy \u015bredniozaawansowany<\/td>\r\n    <\/tr>\r\n    \r\n    <tr class=\"clickable-row\" data-url=\"https:\/\/docs.google.com\/presentation\/d\/e\/2PACX-1vTk0_ojYB0P6jt_owu_F7uQHE-uyVTYelksjih1WcNkxKBPDJf0hfMCKLMyaaaZjw\/pubembed?start=false&loop=false&delayms=3000\" onclick=\"updateIframe2(this)\">\r\n      <td>Wykonanie i charakterystyka membran kompozytowych z nanocz\u0105stek ZIF-8 za\u0142adowanych \u017celatyn\u0105\/alginianem sodu\/karwakrolem pochodz\u0105cych z odpad\u00f3w \u0142usek ryb o przed\u0142u\u017conym dzia\u0142aniu antybakteryjnym do aktywnego opakowania \u017cywno\u015bci<\/td>\r\n      <td>Liceum, studenci licencjatu<\/td>\r\n      <td>30 minut<\/td>\r\n      <td>Wy\u017cszy \u015bredniozaawansowany<\/td>\r\n    <\/tr>\r\n    \r\n    <tr class=\"clickable-row\" data-url=\"https:\/\/docs.google.com\/presentation\/d\/e\/2PACX-1vQ2yssW_V6WplgxijcxKdVoyV89Xm0OLCIByH9J_7zf4hYIYzxF-bu9ozVLzRNiWw\/pubembed?start=false&loop=false&delayms=3000\" onclick=\"updateIframe2(this)\">\r\n      <td>Funkcjonalne i od\u017cywcze w\u0142a\u015bciwo\u015bci bia\u0142ek i lipid\u00f3w odzyskanych w procesie izoelektrycznym z produkt\u00f3w ubocznych ryb i ryb o niskiej warto\u015bci<\/td>\r\n      <td>Liceum, studenci licencjatu<\/td>\r\n      <td>30 minut<\/td>\r\n      <td>Wy\u017cszy \u015bredniozaawansowany<\/td>\r\n    <\/tr>\r\n    \r\n    <tr class=\"clickable-row\" data-url=\"https:\/\/docs.google.com\/presentation\/d\/e\/2PACX-1vREWkJYdTvh4ldBHvwiUwPyRJh-tjnmzUpKNrumqX3noqf6wrE-MEY-da4BSbFlvw\/pubembed?start=false&loop=false&delayms=3000\" onclick=\"updateIframe2(this)\">\r\n      <td>Mikroorganizmy jako narz\u0119dzie do bioremediacji odpad\u00f3w rybnych ze \u015brodowiska i produkcji zwi\u0105zk\u00f3w o warto\u015bci dodanej<\/td>\r\n      <td>Liceum, studenci licencjatu<\/td>\r\n      <td>20 minut<\/td>\r\n      <td>Wy\u017cszy \u015bredniozaawansowany<\/td>\r\n    <\/tr>\r\n    \r\n    <tr class=\"clickable-row\" data-url=\"https:\/\/docs.google.com\/presentation\/d\/e\/2PACX-1vQbZ14TiOqVROTtTye3RfhgzA3DB7Oi5yVH-d0cFu3zE0NZ3qF4Ui91BZFsyz8cxg\/pubembed?start=false&loop=false&delayms=3000\" onclick=\"updateIframe2(this)\">\r\n      <td>W kierunku odzyskiwania zwi\u0105zk\u00f3w bioaktywnych z produkt\u00f3w ubocznych suma (Pangasius hypophthalmus) metod\u0105 enzymatyczn\u0105 z zerow\u0105 ilo\u015bci\u0105 odpad\u00f3w<\/td>\r\n      <td>Liceum, licencjat-wychowawca<\/td>\r\n      <td>30 minut<\/td>\r\n      <td>Wy\u017cszy \u015bredniozaawansowany<\/td>\r\n    <\/tr>\r\n    \r\n    <tr class=\"clickable-row\" data-url=\"https:\/\/docs.google.com\/presentation\/d\/e\/2PACX-1vQUNw5cJivebxXmBZtLsM70Q5MV5zWmtZGcex28wcpLCJXOMRF7OFUaYW2GXVSZvw\/pubembed?start=false&loop=false&delayms=3000\" onclick=\"updateIframe2(this)\">\r\n      <td>Sk\u0142ad kwas\u00f3w t\u0142uszczowych i analiza warto\u015bci od\u017cywczej surowego oleju rybnego ze zu\u017cytego surowca uzyskanych zoptymalizowanymi, \u0142agodniejszymi metodami ekstrakcji<\/td>\r\n      <td>Liceum, licencjat-wychowawca<\/td>\r\n      <td>45 minut<\/td>\r\n      <td>Wy\u017cszy \u015bredniozaawansowany<\/td>\r\n    <\/tr>\r\n    \r\n  <\/tbody>\r\n<\/table>\r\n\r\n\t\t\t\t<\/div>\n\t\t\t\t<\/div>\n\t\t\t\t\t<\/div>\n\t\t\t\t<\/div>\n\t\t<div data-particle_enable=\"false\" data-particle-mobile-disabled=\"false\" class=\"elementor-element elementor-element-81daf6e e-flex e-con-boxed e-con e-parent\" data-id=\"81daf6e\" data-element_type=\"container\" data-e-type=\"container\">\n\t\t\t\t\t<div class=\"e-con-inner\">\n\t\t\t\t<div class=\"elementor-element elementor-element-898c297 elementor-widget elementor-widget-eael-lightbox\" data-id=\"898c297\" data-element_type=\"widget\" data-e-type=\"widget\" data-widget_type=\"eael-lightbox.default\">\n\t\t\t\t<div class=\"elementor-widget-container\">\n\t\t\t\t\t\n\n\t\t<div data-lightbox-type=\"lightbox_type_custom_html\" data-lightbox-type-url=\"\" data-lightbox-trigger-pageload=\"1\" data-lightbox-closebtn-color=\"#ffffff\" class=\"eael-lightbox-wrapper\" data-trigger=\"eael_lightbox_trigger_external\" data-lightbox-id=\"lightbox_6a037316ce1fc\" data-type=\"inline\" data-src=\"#eael-lightbox-window-6a037316ce1fc\" data-popup-layout=\"eael-lightbox-popup-standard\" data-main-class=\"eael-lightbox-modal-popup-898c297\" data-close_button=\"yes\" data-esc_exit=\"yes\" data-click_exit=\"yes\" data-effect=\"animated mfp-zoom-in\" data-trigger-element=\"#open-popup\">\n\t\t\t<div class=\"eael-lightbox-btn\">\n\t\t\t\t\t\t\t<\/div><!-- close .eael-lightbox-btn -->\n\t\t<\/div>\n\n\t\t<div class=\"eael-lightbox-popup-window eael-lightbox-popup-window-898c297 lightbox_type_custom_html\" id=\"eael-lightbox-window-6a037316ce1fc\">\n\t\t\t<div class=\"eael-lightbox-container\">\n\t\t\t\t<iframe id=\"mainFrame\" src=\"about:blank\" width=\"100%\" height=\"800px\" style=\"background:black;\"><\/iframe>\r\n\r\n<script>\r\nfunction updateIframe2(row) {\r\n  \/\/ Pull the URL from the data-url attribute of the clicked row\r\n  const url = row.getAttribute('data-url');\r\n  document.getElementById('mainFrame').src = url;\r\n}\r\n<\/script>\n\n\t\t\t<\/div>\n\t\t<\/div>\n\t\t\t\t<\/div>\n\t\t\t\t<\/div>\n\t\t\t\t\t<\/div>\n\t\t\t\t<\/div>\n\t\t\t\t<\/div>","protected":false},"excerpt":{"rendered":"<p>Ingredients are specialized components, ranging from basic commodities like flour and sugar to complex enzymes and preservatives, that define the texture, shelf-life, and flavor of both food and feed. They serve as the bridge between raw agricultural outputs and finished consumer goods. In the modern market, there is a massive push for &#8220;clean label&#8221; ingredients, [&hellip;]<\/p>\n","protected":false},"author":1,"featured_media":0,"parent":2467,"menu_order":4,"comment_status":"closed","ping_status":"closed","template":"","meta":{"iawp_total_views":32,"footnotes":""},"class_list":["post-3194","page","type-page","status-publish","hentry"],"_links":{"self":[{"href":"http:\/\/impress-he.eu\/pl\/wp-json\/wp\/v2\/pages\/3194","targetHints":{"allow":["GET"]}}],"collection":[{"href":"http:\/\/impress-he.eu\/pl\/wp-json\/wp\/v2\/pages"}],"about":[{"href":"http:\/\/impress-he.eu\/pl\/wp-json\/wp\/v2\/types\/page"}],"author":[{"embeddable":true,"href":"http:\/\/impress-he.eu\/pl\/wp-json\/wp\/v2\/users\/1"}],"replies":[{"embeddable":true,"href":"http:\/\/impress-he.eu\/pl\/wp-json\/wp\/v2\/comments?post=3194"}],"version-history":[{"count":10,"href":"http:\/\/impress-he.eu\/pl\/wp-json\/wp\/v2\/pages\/3194\/revisions"}],"predecessor-version":[{"id":3205,"href":"http:\/\/impress-he.eu\/pl\/wp-json\/wp\/v2\/pages\/3194\/revisions\/3205"}],"up":[{"embeddable":true,"href":"http:\/\/impress-he.eu\/pl\/wp-json\/wp\/v2\/pages\/2467"}],"wp:attachment":[{"href":"http:\/\/impress-he.eu\/pl\/wp-json\/wp\/v2\/media?parent=3194"}],"curies":[{"name":"wp","href":"https:\/\/api.w.org\/{rel}","templated":true}]}}