{"id":3,"date":"2023-05-04T10:48:41","date_gmt":"2023-05-04T10:48:41","guid":{"rendered":"https:\/\/impress-he.eu\/?page_id=3"},"modified":"2024-07-07T11:25:34","modified_gmt":"2024-07-07T11:25:34","slug":"privacy-policy","status":"publish","type":"page","link":"https:\/\/impress-he.eu\/de\/privacy-policy\/","title":{"rendered":"Datenschutzbestimmungen"},"content":{"rendered":"<div data-elementor-type=\"wp-page\" data-elementor-id=\"3\" class=\"elementor elementor-3\" data-elementor-post-type=\"page\">\n\t\t\t\t\t\t<section data-particle_enable=\"false\" data-particle-mobile-disabled=\"false\" class=\"elementor-section elementor-top-section elementor-element elementor-element-14f04574 elementor-section-boxed elementor-section-height-default elementor-section-height-default\" data-id=\"14f04574\" data-element_type=\"section\" data-e-type=\"section\">\n\t\t\t\t\t\t<div class=\"elementor-container elementor-column-gap-default\">\n\t\t\t\t\t<div class=\"elementor-column elementor-col-100 elementor-top-column elementor-element elementor-element-4b70c5a\" data-id=\"4b70c5a\" data-element_type=\"column\" data-e-type=\"column\">\n\t\t\t<div class=\"elementor-widget-wrap elementor-element-populated\">\n\t\t\t\t\t\t<div class=\"elementor-element elementor-element-4f254933 elementor-widget elementor-widget-text-editor\" data-id=\"4f254933\" data-element_type=\"widget\" data-e-type=\"widget\" data-widget_type=\"text-editor.default\">\n\t\t\t\t<div class=\"elementor-widget-container\">\n\t\t\t\t\t\t\t\t\t<h2><strong>Datenschutzbestimmungen<\/strong><\/h2>\n<p>Diese Datenschutzrichtlinie regelt die Verwendung Ihrer personenbezogenen Daten durch das IMPRESS-Projekt - dieses Projekt wurde im Rahmen der Finanzhilfevereinbarung Nr. 101084437 vom Programm Horizont Europa der Europ\u00e4ischen Union gef\u00f6rdert -, wenn Sie mit uns per E-Mail, Telefon, \u00fcber das Kontaktformular auf der Website und unsere Social-Media-Kan\u00e4le, z. B. LinkedIn, Twitter, Facebook, YouTube, SlideShare (im Folgenden als \u201cSocial-Media-Kan\u00e4le\u201d bezeichnet), kommunizieren oder mit uns auf Messen und Veranstaltungen interagieren.<\/p>\n<p>HINWEIS: Wenn Sie wissen m\u00f6chten, wie wir personenbezogene Daten \u00fcber Cookies auf unserer Website verarbeiten, verweisen wir Sie auf unsere Cookie-Richtlinie.<\/p>\n<h4><strong> Wer ist f\u00fcr die Verarbeitung Ihrer personenbezogenen Daten verantwortlich?<\/strong><\/h4>\n<p>1.1 Ihre personenbezogenen Daten werden von Reframe.food, dem Verbreitungs- und Kommunikationspartner des IMPRESS-Projekts, verarbeitet. Dieses Projekt wird durch das Programm Horizont Europa der Europ\u00e4ischen Union unter der Finanzhilfevereinbarung Nr. 101084437 finanziert. Sie k\u00f6nnen uns per E-Mail unter info@impress-he.eu kontaktieren.<\/p>\n<p>1.2 Reframe.food beh\u00e4lt sich das Recht vor, diese Datenschutzrichtlinie nach eigenem Ermessen und von Zeit zu Zeit zu \u00e4ndern oder zu erg\u00e4nzen. Solche Modifikationen, \u00c4nderungen oder Erg\u00e4nzungen werden \u00fcber die Website bekannt gegeben. Falls Sie Fragen oder Anmerkungen zu den \u00c4nderungen oder Erg\u00e4nzungen haben, k\u00f6nnen Sie uns eine E-Mail an info@impress-he.eu schicken.<\/p>\n<h4><strong> Welche Kategorien von personenbezogenen Daten verarbeiten wir?<\/strong><\/h4>\n<p>2.1 Wenn Sie das Kontaktformular auf unserer Website ausf\u00fcllen oder uns per E-Mail, Telefon oder \u00fcber Social-Media-Kan\u00e4le kontaktieren, erheben wir Daten:<\/p>\n<ul>\n<li>die grundlegenden Identit\u00e4tsdaten, die Sie uns zur Verf\u00fcgung stellen, wie Name, E-Mail-Adresse, Postanschrift, Telefonnummer, das Unternehmen, f\u00fcr das Sie arbeiten, Ihre Funktion;<\/li>\n<li>den Inhalt Ihrer Mitteilung und die technischen Einzelheiten der Mitteilung selbst (mit wem Sie auf unserer Seite korrespondieren, Datum und Uhrzeit usw.);<\/li>\n<li>Ihre Pr\u00e4ferenzen in Bezug auf den Erhalt unserer E-Mail-Nachrichten, wie Newsletter, Werbung usw;<\/li>\n<li>elektronische Identifikationsdaten, wie z. B. die IP-Adresse;<\/li>\n<li>\u00f6ffentlich zug\u00e4ngliche Informationen Ihres Profils auf Social-Media-Kan\u00e4len und alle anderen personenbezogenen Daten, die Sie uns zur Verf\u00fcgung stellen.<\/li>\n<\/ul>\n<p>2.2 Immer wenn Sie uns Ihre Visitenkarte hinterlassen oder auf Messen und Veranstaltungen, auf denen wir vertreten sind, mit uns in Kontakt treten, k\u00f6nnen wir Daten erfassen:<\/p>\n<ul>\n<li>die grundlegenden Identit\u00e4tsdaten, die Sie uns zur Verf\u00fcgung stellen, wie z. B. Name, E-Mail-Adresse, Postanschrift, Telefonnummer, das Unternehmen, f\u00fcr das Sie arbeiten, Ihre Funktion (d. h., wenn diese Informationen von Ihnen zur Verf\u00fcgung gestellt werden oder auf Ihrer Visitenkarte stehen);<\/li>\n<li>Ihr Image.<\/li>\n<\/ul>\n<h4><strong> Zu welchem Zweck verwenden wir Ihre personenbezogenen Daten?<\/strong><\/h4>\n<p>3.1 Reframe.food verarbeitet Ihre personenbezogenen Daten, um Ihnen auf personalisierte und effiziente Weise die von Ihnen angeforderten Informationen, Produkte und\/oder Dienstleistungen \u00fcber die Website, E-Mail, Telefon, Social-Media-Kan\u00e4le sowie Messen und Veranstaltungen zukommen zu lassen.<\/p>\n<p>3.2 Reframe.food verarbeitet Ihre personenbezogenen Daten, um mit Ihnen infolge unseres Kontakts auf einer Messe und\/oder Veranstaltung oder infolge Ihrer Kontaktaufnahme \u00fcber die Website, E-Mail, Telefon oder einen unserer Social-Media-Kan\u00e4le zu kommunizieren.<\/p>\n<p>3.3 Reframe.food verarbeitet Ihre pers\u00f6nlichen Daten, um statistische Analysen durchzuf\u00fchren, damit wir unsere Website, unsere Produkte und Dienstleistungen verbessern oder neue Produkte und Dienstleistungen entwickeln k\u00f6nnen.<\/p>\n<p>3.4 Reframe.food verarbeitet Ihre personenbezogenen Daten, um gesetzlichen Verpflichtungen nachzukommen oder um einer angemessenen Aufforderung von zust\u00e4ndigen Strafverfolgungsbeh\u00f6rden oder -vertretern, Justizbeh\u00f6rden, Regierungsstellen oder -organen, einschlie\u00dflich der zust\u00e4ndigen Datenschutzbeh\u00f6rden, nachzukommen. Ihre personenbezogenen Daten k\u00f6nnen auf eigene Initiative von Reframe.food an die Polizei oder die Justizbeh\u00f6rden als Beweismittel \u00fcbermittelt werden oder wenn ein begr\u00fcndeter Verdacht auf eine rechtswidrige Handlung oder Straftat besteht, die Sie durch Ihre Registrierung oder Nutzung der Website, unserer Social-Media-Kan\u00e4le oder anderer Kommunikation mit uns begangen haben.<\/p>\n<p>3.5 Reframe.food kann Ihre personenbezogenen Daten zur Wahrung der berechtigten Interessen von IMPRESS project, seiner Partner oder eines Dritten verarbeiten, wenn Ihre Registrierung oder Nutzung der Website, der Social-Media-Kan\u00e4le oder anderer Kommunikationskan\u00e4le (a) eine Verletzung der geltenden Nutzungsbedingungen oder der Rechte am geistigen Eigentum oder sonstiger Rechte Dritter darstellen kann, (b) eine Bedrohung f\u00fcr die Sicherheit oder Integrit\u00e4t der Website darstellt, (c) eine Gefahr f\u00fcr die Website oder die zugrundeliegenden Systeme von IMPRESS project oder seinen Unterauftragnehmern durch Viren, Trojaner, Spyware, Malware oder eine andere Form von b\u00f6sartigem Code darstellt, oder (d) in irgendeiner Weise hasserf\u00fcllt, obsz\u00f6n, diskriminierend, rassistisch, verleumderisch, geh\u00e4ssig, verletzend oder in irgendeiner anderen Weise unangemessen oder illegal ist.<\/p>\n<p>3.6 Reframe.food verarbeitet Ihre unter 2.1 und 2.2 genannten personenbezogenen Daten f\u00fcr Marketingzwecke, d.h. um Ihnen gezielte Mitteilungen, Aktionen, Angebote und andere Werbung von IMPRESS project und ausgew\u00e4hlten Partnern zukommen zu lassen. IMPRESS project wird Ihnen nur dann Mitteilungen, Werbeaktionen, Angebote, Newsletter und andere Werbung per E-Mail oder \u00fcber andere elektronische Kommunikationskan\u00e4le von Mensch zu Mensch zusenden, wenn Sie ausdr\u00fccklich in den Erhalt solcher Mitteilungen, Newsletter und anderer Werbung eingewilligt haben.<\/p>\n<h4><strong> Warum ist unsere Verarbeitung Ihrer personenbezogenen Daten rechtm\u00e4\u00dfig?<\/strong><\/h4>\n<p>4.1 F\u00fcr die Verarbeitung Ihrer personenbezogenen Daten zu dem in Ziffer 3.1 genannten Zweck bitten wir Sie um Ihre Zustimmung.<\/p>\n<p>4.2 Die Verarbeitung Ihrer personenbezogenen Daten zu dem in Ziffer 3.4 genannten Zweck ist erforderlich, damit IMPRESS project seinen gesetzlichen Verpflichtungen nachkommen kann.<\/p>\n<p>4.3 Die Verarbeitung Ihrer personenbezogenen Daten zu den in den Abschnitten 3.2, 3.3 und 3.6 genannten Zwecken ist zur Wahrung der berechtigten Interessen des IMPRESS-Projekts erforderlich, die darin bestehen:<\/p>\n<ul>\n<li>in der Lage zu sein, auf Ihre Informationsanfragen und andere Anfragen angemessen zu reagieren;<\/li>\n<li>Ihre pers\u00f6nlichen Daten an unsere Partner im IMPRESS-Projekt weitergeben, um Ihnen angemessene Informationen zukommen zu lassen;<\/li>\n<li>die es uns erm\u00f6glichen, uns in Gerichtsverfahren zu verteidigen;<\/li>\n<li>kontinuierliche Verbesserungen der Website, unserer Social-Media-Kan\u00e4le, Produkte und Dienstleistungen, um sicherzustellen, dass Sie das bestm\u00f6gliche Erlebnis haben;<\/li>\n<li>unsere Website, Social-Media-Kan\u00e4le, Produkte und Dienstleistungen vor Missbrauch und illegalen Aktivit\u00e4ten zu sch\u00fctzen;<\/li>\n<li>die Wahrung unserer kommerziellen und gesch\u00e4ftlichen Interessen und Bed\u00fcrfnisse in Anbetracht der sich \u00e4ndernden Marktbedingungen.<\/li>\n<li>Marketing und Werbung f\u00fcr unsere Produkte, Dienstleistungen und Marken sowie eine insgesamt erfolgreiche Vermarktung unserer Produkte und Dienstleistungen.<\/li>\n<\/ul>\n<p>4.4 F\u00fcr die Verarbeitung Ihrer personenbezogenen Daten zu den in Abschnitt 3.1 genannten Zwecken bittet Reframe.food als verantwortliche Partei um Ihre Zustimmung. Indem Sie der Verarbeitung Ihrer personenbezogenen Daten zum Zweck der Zusendung von Mitteilungen, Werbeaktionen, Angeboten, Newslettern und sonstiger Werbung per E-Mail oder \u00fcber andere elektronische Kommunikationskan\u00e4le von Person zu Person zustimmen, erkl\u00e4ren Sie sich damit einverstanden, dass wir Ihre personenbezogenen Daten zu diesem Zweck in der in dieser Datenschutzrichtlinie beschriebenen Weise und unter den dort genannten Bedingungen verarbeiten d\u00fcrfen.<\/p>\n<h4><strong> Was sind unsere Qualit\u00e4tsgarantien?<\/strong><\/h4>\n<p>5.1 Reframe.food bem\u00fcht sich nach Kr\u00e4ften, nur solche personenbezogenen Daten zu verarbeiten, die zur Erreichung der unter dem Verarbeitungszweck genannten Zwecke erforderlich sind.<\/p>\n<p>5.2 Ihre personenbezogenen Daten werden nur so lange verarbeitet, wie es f\u00fcr die oben genannten Zwecke erforderlich ist oder bis Sie Ihre Einwilligung zur Verarbeitung widerrufen. Reframe.food wird Ihre personenbezogenen Daten de-identifizieren, wenn sie f\u00fcr die im Verarbeitungszweck genannten Zwecke nicht mehr erforderlich sind, es sei denn, es liegt ein solcher Fall vor:<\/p>\n<ul>\n<li>ein \u00fcberwiegendes Interesse des IMPRESS-Projekts oder eines anderen Dritten daran, dass Ihre personenbezogenen Daten identifizierbar bleiben;<\/li>\n<li>eine gesetzliche oder beh\u00f6rdliche Verpflichtung oder eine gerichtliche oder beh\u00f6rdliche Anordnung, die das IMPRESS-Projekt daran hindert, sie zu de-identifizieren.<\/li>\n<\/ul>\n<p>5.3 Reframe.food trifft alle geeigneten technischen und organisatorischen Ma\u00dfnahmen, um Ihre personenbezogenen Daten vor unbefugtem Zugriff oder Diebstahl sowie vor versehentlichem Verlust, Manipulation oder Zerst\u00f6rung zu sch\u00fctzen. Der Zugriff von Mitarbeitern von Reframe.food oder von Drittverarbeitern erfolgt nur bei Bedarf und unterliegt strengen Vertraulichkeitsanforderungen.<\/p>\n<h4><strong> Welche Rechte haben Sie?<\/strong><\/h4>\n<p>6.1 Sie haben das Recht, Zugang zu allen von Reframe.food verarbeiteten personenbezogenen Daten zu verlangen, die Sie betreffen. Reframe.food beh\u00e4lt sich das Recht vor, eine Verwaltungsgeb\u00fchr f\u00fcr mehrere aufeinanderfolgende Antr\u00e4ge auf Zugang zu erheben, die eindeutig gestellt werden, um das IMPRESS-Projekt zu bel\u00e4stigen oder zu sch\u00e4digen.<\/p>\n<p>6.2 Sie haben das Recht, zu verlangen, dass Sie betreffende unrichtige personenbezogene Daten unentgeltlich berichtigt werden. Wird ein Antrag auf Berichtigung gestellt, so ist diesem Antrag ein Nachweis \u00fcber die Fehlerhaftigkeit der Daten beizuf\u00fcgen, f\u00fcr die eine Berichtigung beantragt wird.<\/p>\n<p>6.3 Sie haben das Recht, Ihre fr\u00fcher erteilte Einwilligung zur Verarbeitung Ihrer personenbezogenen Daten gem\u00e4\u00df Ziffer 4.4 zu widerrufen.<\/p>\n<p>6.4 Sie haben das Recht zu verlangen, dass Sie betreffende personenbezogene Daten gel\u00f6scht werden, wenn sie f\u00fcr die oben genannten Zwecke nicht mehr ben\u00f6tigt werden oder wenn Sie Ihre Einwilligung zur Verarbeitung dieser Daten widerrufen. Sie m\u00fcssen jedoch bedenken, dass ein Antrag auf L\u00f6schung von Reframe.food gepr\u00fcft wird:<\/p>\n<ul>\n<li>\u00fcberwiegende Interessen des IMPRESS-Projekts oder eines Dritten;<\/li>\n<li>gesetzliche oder regulatorische Verpflichtungen oder beh\u00f6rdliche oder gerichtliche Anordnungen, die einer solchen L\u00f6schung entgegenstehen k\u00f6nnten.<br \/>Anstelle der L\u00f6schung k\u00f6nnen Sie auch verlangen, dass Reframe.food die Verarbeitung Ihrer personenbezogenen Daten einschr\u00e4nkt, wenn (a) Sie die Richtigkeit dieser Daten bestreiten, (b) die Verarbeitung unrechtm\u00e4\u00dfig ist oder (c) die Daten f\u00fcr die oben genannten Zwecke nicht mehr ben\u00f6tigt werden, Sie sie aber zur Verteidigung in einem Gerichtsverfahren ben\u00f6tigen.<\/li>\n<\/ul>\n<p>6.5 Sie haben das Recht, gegen die Verarbeitung personenbezogener Daten Widerspruch einzulegen, wenn Sie nachweisen k\u00f6nnen, dass schwerwiegende und gerechtfertigte Gr\u00fcnde im Zusammenhang mit Ihrer besonderen Situation vorliegen, die einen solchen Widerspruch rechtfertigen. Handelt es sich bei der beabsichtigten Verarbeitung jedoch um Direktwerbung, so haben Sie das Recht, kostenlos und ohne Begr\u00fcndung Widerspruch gegen diese Verarbeitung einzulegen.<\/p>\n<p>6.6 Sie haben das Recht, von uns alle personenbezogenen Daten, die Sie uns zur Verf\u00fcgung gestellt haben, in einem strukturierten, g\u00e4ngigen und maschinenlesbaren Format zu erhalten.<\/p>\n<p>6.7 Wenn Sie einen Antrag auf Aus\u00fcbung eines oder mehrerer der oben genannten Rechte stellen m\u00f6chten, k\u00f6nnen Sie eine E-Mail an info@impress-he.eu f\u00fcr alle Fragen zu den Rechten der betroffenen Person senden. Eine E-Mail, in der Sie um die Aus\u00fcbung eines Rechts bitten, ist nicht als Zustimmung zur Verarbeitung Ihrer personenbezogenen Daten zu verstehen, die \u00fcber das hinausgeht, was f\u00fcr die Bearbeitung Ihrer Anfrage erforderlich ist. In einem solchen Antrag sollte klar angegeben werden, welches Recht Sie aus\u00fcben m\u00f6chten, und die Gr\u00fcnde daf\u00fcr, falls dies erforderlich ist. Der Antrag sollte datiert und unterschrieben sein und von einer digital eingescannten Kopie Ihres g\u00fcltigen Personalausweises begleitet werden, die Ihre Identit\u00e4t belegt.<br \/>IMPRESS project wird Sie unverz\u00fcglich \u00fcber den Erhalt dieses Antrags informieren. Erweist sich der Antrag als g\u00fcltig, wird IMPRESS project ihn so schnell wie m\u00f6glich, sp\u00e4testens jedoch drei\u00dfig (30) Tage nach Eingang des Antrags, mitteilen.<\/p>\n<p><br \/>Wenn Sie eine Beschwerde \u00fcber die Verarbeitung Ihrer personenbezogenen Daten durch Reframe.food haben, k\u00f6nnen Sie sich jederzeit \u00fcber die im ersten Absatz dieser Klausel genannte E-Mail-Adresse an IMPRESS project wenden. Sollten Sie mit der Antwort von IMPRESS project nicht zufrieden sein, steht es Ihnen frei, eine Beschwerde bei der zust\u00e4ndigen Datenschutzbeh\u00f6rde einzureichen, d. h. bei der Datenschutzbeh\u00f6rde des Landes, in dem Sie Ihren Wohnsitz haben, oder bei der Griechischen Datenschutzbeh\u00f6rde (A\u03c1\u03c7\u03ae \u03a0\u03c1\u03bf\u03c3\u03c4\u03b1\u03c3\u03af\u03b1\u03c2 \u0394\u03b5\u03b4\u03bf\u03bc\u03ad\u03bd\u03c9\u03bd \u03a0\u03c1\u03bf\u03c3\u03c9\u03c0\u03b9\u03ba\u03bf\u03cd \u03a7\u03b1\u03c1\u03b1\u03ba\u03c4\u03ae\u03c1\u03b1). Weitere Informationen finden Sie unter <a href=\"https:\/\/www.dpa.gr\/en\">https:\/\/www.dpa.gr\/en<\/a> .<\/p>\n<p>\u00a0<\/p>\t\t\t\t\t\t\t\t<\/div>\n\t\t\t\t<\/div>\n\t\t\t\t\t<\/div>\n\t\t<\/div>\n\t\t\t\t\t<\/div>\n\t\t<\/section>\n\t\t\t\t<\/div>","protected":false},"excerpt":{"rendered":"<p>Privacy policy This privacy policy governs the use of your personal data by IMPRESS project \u2013 this project has received funding from the European Union\u2019s Horizon Europe Programme under grant agreement No 101084437; communicate with us via e-mail, telephone, the contact form available on the website and our social media channels; e.g. LinkedIn, Twitter, Facebook, [&hellip;]<\/p>\n","protected":false},"author":1,"featured_media":0,"parent":0,"menu_order":0,"comment_status":"closed","ping_status":"open","template":"","meta":{"iawp_total_views":58,"footnotes":""},"class_list":["post-3","page","type-page","status-publish","hentry"],"_links":{"self":[{"href":"https:\/\/impress-he.eu\/de\/wp-json\/wp\/v2\/pages\/3","targetHints":{"allow":["GET"]}}],"collection":[{"href":"https:\/\/impress-he.eu\/de\/wp-json\/wp\/v2\/pages"}],"about":[{"href":"https:\/\/impress-he.eu\/de\/wp-json\/wp\/v2\/types\/page"}],"author":[{"embeddable":true,"href":"https:\/\/impress-he.eu\/de\/wp-json\/wp\/v2\/users\/1"}],"replies":[{"embeddable":true,"href":"https:\/\/impress-he.eu\/de\/wp-json\/wp\/v2\/comments?post=3"}],"version-history":[{"count":11,"href":"https:\/\/impress-he.eu\/de\/wp-json\/wp\/v2\/pages\/3\/revisions"}],"predecessor-version":[{"id":1880,"href":"https:\/\/impress-he.eu\/de\/wp-json\/wp\/v2\/pages\/3\/revisions\/1880"}],"wp:attachment":[{"href":"https:\/\/impress-he.eu\/de\/wp-json\/wp\/v2\/media?parent=3"}],"curies":[{"name":"wp","href":"https:\/\/api.w.org\/{rel}","templated":true}]}}