{"id":3159,"date":"2026-03-30T11:10:41","date_gmt":"2026-03-30T11:10:41","guid":{"rendered":"https:\/\/impress-he.eu\/?page_id=3159"},"modified":"2026-03-31T06:33:17","modified_gmt":"2026-03-31T06:33:17","slug":"food","status":"publish","type":"page","link":"https:\/\/impress-he.eu\/de\/knowledge-base\/food\/","title":{"rendered":"ESSEN"},"content":{"rendered":"<div data-elementor-type=\"wp-page\" data-elementor-id=\"3159\" class=\"elementor elementor-3159\" data-elementor-post-type=\"page\">\n\t\t\t\t\t\t<section data-particle_enable=\"false\" data-particle-mobile-disabled=\"false\" class=\"elementor-section elementor-top-section elementor-element elementor-element-e93cbd3 elementor-section-boxed elementor-section-height-default elementor-section-height-default\" data-id=\"e93cbd3\" data-element_type=\"section\" data-e-type=\"section\" data-settings=\"{&quot;background_background&quot;:&quot;classic&quot;}\">\n\t\t\t\t\t\t\t<div class=\"elementor-background-overlay\"><\/div>\n\t\t\t\t\t\t\t<div class=\"elementor-container elementor-column-gap-default\">\n\t\t\t\t\t<div class=\"elementor-column elementor-col-100 elementor-top-column elementor-element elementor-element-02afc70\" data-id=\"02afc70\" data-element_type=\"column\" data-e-type=\"column\">\n\t\t\t<div class=\"elementor-widget-wrap elementor-element-populated\">\n\t\t\t\t\t\t<div class=\"elementor-element elementor-element-28784dd elementor-invisible elementor-widget elementor-widget-heading\" data-id=\"28784dd\" data-element_type=\"widget\" data-e-type=\"widget\" data-settings=\"{&quot;_animation&quot;:&quot;fadeInUp&quot;}\" data-widget_type=\"heading.default\">\n\t\t\t\t<div class=\"elementor-widget-container\">\n\t\t\t\t\t<h1 class=\"elementor-heading-title elementor-size-default\">ESSEN<\/h1>\t\t\t\t<\/div>\n\t\t\t\t<\/div>\n\t\t\t\t\t<\/div>\n\t\t<\/div>\n\t\t\t\t\t<\/div>\n\t\t<\/section>\n\t\t<div data-particle_enable=\"false\" data-particle-mobile-disabled=\"false\" class=\"elementor-element elementor-element-34de45c5 e-flex e-con-boxed e-con e-parent\" data-id=\"34de45c5\" data-element_type=\"container\" data-e-type=\"container\">\n\t\t\t\t\t<div class=\"e-con-inner\">\n\t\t\t\t<div class=\"elementor-element elementor-element-5d5a770b elementor-widget elementor-widget-text-editor\" data-id=\"5d5a770b\" data-element_type=\"widget\" data-e-type=\"widget\" data-widget_type=\"text-editor.default\">\n\t\t\t\t<div class=\"elementor-widget-container\">\n\t\t\t\t\t\t\t\t\t\n<p>Nahrungsmittel stellen die letzte Stufe der landwirtschaftlichen Wertsch\u00f6pfungskette dar und dienen als prim\u00e4re Energie- und N\u00e4hrstoffquelle f\u00fcr das menschliche Leben. \u00dcber die biologische Notwendigkeit hinaus ist Nahrung ein Eckpfeiler des globalen Handels und der kulturellen Identit\u00e4t. Die moderne Lebensmittelproduktion konzentriert sich auf die Balance zwischen N\u00e4hrstoffdichte und Lebensmittelsicherheitsstandards, um sicherzustellen, dass das, was auf den Teller gelangt, frei von Krankheitserregern und reich an essentiellen Vitaminen ist. Angesichts der wachsenden Weltbev\u00f6lkerung richtet sich die Industrie verst\u00e4rkt auf nachhaltige Beschaffung und \u201cfunktionelle Lebensmittel\u201d aus, die \u00fcber die grundlegende Ern\u00e4hrung hinaus gesundheitliche Vorteile bieten.<\/p>\n<p>Tauchen Sie ein, um mehr zu erfahren!<\/p>\n\t\t\t\t\t\t\t\t<\/div>\n\t\t\t\t<\/div>\n\t\t\t\t\t<\/div>\n\t\t\t\t<\/div>\n\t\t<div data-particle_enable=\"false\" data-particle-mobile-disabled=\"false\" class=\"elementor-element elementor-element-e83e7bb e-flex e-con-boxed e-con e-parent\" data-id=\"e83e7bb\" data-element_type=\"container\" data-e-type=\"container\">\n\t\t\t\t\t<div class=\"e-con-inner\">\n\t\t\t\t<div class=\"elementor-element elementor-element-ada417f elementor-widget elementor-widget-embedpres_elementor\" data-id=\"ada417f\" data-element_type=\"widget\" data-e-type=\"widget\" data-widget_type=\"embedpres_elementor.default\">\n\t\t\t\t<div class=\"elementor-widget-container\">\n\t\t\t\t\t\n\t\t<div class=\"embedpress-elements-wrapper\" id=\"ep-elements-id-ada417f\">\n\n\t\t\t\t\t\t\t<div id=\"ep-elementor-content-ada417f\"\n\t\t\t\t\tclass=\"ep-elementor-content\t\t\t\t\t\t\t\t\t\t  ep-content-protection-disabled\t\t\t\t\tsource-default\">\n\n\t\t\t\t\t<div id=\"ada417f\"\n\t\t\t\t\t\tclass=\"ep-embed-content-wrapper\t\t\t\t\t\t\t\t\t\t\t\t\t\t\t\t\t\tep-google-photos-\t\t\t\t\t\tdata-show-title=\"yes\"\t\t\t\t\t\t\"\n\t\t\t\t\t\t\t\t\t\t\t\t\t\t\t\t\t\t\t\t\t\t\t\t>\n\n\t\t\t\t\t\t<div id=\"ep-elementor-content-ada417f\"\n\t\t\t\t\t\t\tclass=\"ep-elementor-content\t\t\t\t\t\t\t\t\t\t\t\t\t\t  ep-content-protection-disabled\t\t\t\t\t\t\tsource-default\">\n\n\t\t\t\t\t\t\t<div >\n\t\t\t\t\t\t\t\t<div id=\"ada417f\"\n\t\t\t\t\t\t\t\t\tclass=\"ep-embed-content-wraper\"\n\t\t\t\t\t\t\t\t\t\t\t\t\t\t\t\t\t\t>\n\n\t\t\t\t\t\t\t\t\t\t\t\t\t\t\t\t\t<\/div>\n\n\t\t\t\t\t\t\t\t\n\t\t\t\t\t\t\t<\/div>\n\t\t\t\t\t\t<\/div>\n\t\t\t\t\t<\/div>\n\t\t\t\t<\/div>\n\n\t\t\t\n\t\t<\/div>\n\n\n\t\t\n\t\t\t\t<\/div>\n\t\t\t\t<\/div>\n\t\t\t\t\t<\/div>\n\t\t\t\t<\/div>\n\t\t<div data-particle_enable=\"false\" data-particle-mobile-disabled=\"false\" class=\"elementor-element elementor-element-0eab5a0 e-flex e-con-boxed e-con e-parent\" data-id=\"0eab5a0\" data-element_type=\"container\" data-e-type=\"container\">\n\t\t\t\t\t<div class=\"e-con-inner\">\n\t\t\t\t<div class=\"elementor-element elementor-element-7f7035f elementor-widget elementor-widget-html\" data-id=\"7f7035f\" data-element_type=\"widget\" data-e-type=\"widget\" id=\"open-popup\" data-widget_type=\"html.default\">\n\t\t\t\t<div class=\"elementor-widget-container\">\n\t\t\t\t\t<style>\r\n  \/* Make it clear that rows are clickable *\/\r\n  .clickable-row { cursor: pointer; }\r\n  .clickable-row:hover { background-color: #035A7D; }\r\n<\/style>\r\n\r\n<table border=\"0\">\r\n  <thead>\r\n    <tr><th>Online-Lehrmittel-Titel<\/th>\r\n    <th>Zielgruppe<\/th>\r\n    <th>Lernzeit<\/th>\r\n    <th>Schwierigkeitsgrad<\/th><\/tr>\r\n  <\/thead>\r\n  <tbody>\r\n    <!-- Use data-url to store the target path -->\r\n    <tr class=\"clickable-row\" data-url=\"https:\/\/docs.google.com\/presentation\/d\/e\/2PACX-1vR1U3I3VUtz_DlgW3jQkXbHCsJi2R7PJHYCYOnKEUsF7-e9aCjQNNDGi3v8vIcFIA\/pubembed?start=false&loop=false&delayms=3000\" onclick=\"updateIframe2(this)\">\r\n      <td>Fischproteinisolat: Entwicklung funktioneller Lebensmittel mit nutrazeutischen Inhaltsstoffen<\/td>\r\n      <td>Gymnasium, Bachelor-Lehrkr\u00e4fte<\/td>\r\n      <td>30 Minuten<\/td>\r\n      <td>Oberstufe<\/td>\r\n    <\/tr>\r\n    <tr class=\"clickable-row\" data-url=\"https:\/\/docs.google.com\/presentation\/d\/e\/2PACX-1vRgCcZZwAE9nKtGU8sR6Awi7r9IALdCL2wGC7YD_NUP-IUCuQT_kP-VvMdrvbvJBQ\/pubembed?start=false&loop=false&delayms=3000\" onclick=\"updateIframe2(this)\">\r\n      <td>Pulverisierte Snack-Produkte aus ganzen Fischen: Bewertung der strukturellen, textuellen, pastierenden und wasserverteilenden Eigenschaften<\/td>\r\n      <td>Gymnasium, Bachelorstudenten<\/td>\r\n      <td>20 Minuten<\/td>\r\n      <td>Oberstufe<\/td>\r\n    <\/tr>\r\n    <tr class=\"clickable-row\" data-url=\"https:\/\/docs.google.com\/presentation\/d\/e\/2PACX-1vQNS8CpGvldGh6g1Fal46fMZOlAB47-u1QOhlh8N2QAkakItUUo-AA5PGzkS0P88g\/pubembed?start=false&loop=false&delayms=3000\" onclick=\"updateIframe2(this)\">\r\n      <td>Nachhaltige Verwertung von Proteinen aus Nebenprodukten der Fischverarbeitung: Extraktion, biologische Aktivit\u00e4ten und Anwendungen<\/td>\r\n      <td>Gymnasium, Bachelor-Lehrkr\u00e4fte<\/td>\r\n      <td>45 Minuten<\/td>\r\n      <td>Oberstufe<\/td>\r\n    <\/tr>\r\n    <tr class=\"clickable-row\" data-url=\"https:\/\/docs.google.com\/presentation\/d\/e\/2PACX-1vTTg3m2yCqApKrthu-Bu7ERNboebtbfxL5ZzpWU98q7-KlEZmcwNhHm3BBVzoJ9aQ\/pubembed?start=false&loop=false&delayms=3000\" onclick=\"updateIframe2(this)\">\r\n      <td>Der Aufstieg von Aquakultur-Nebenprodukten: Steigerung von Nahrungsmittelproduktion, Wert und Nachhaltigkeit durch strategische Nutzung<\/td>\r\n      <td>Gymnasium, Bachelorstudenten<\/td>\r\n      <td>20 Minuten<\/td>\r\n      <td>Oberstufe<\/td>\r\n    <\/tr>\r\n    <tr class=\"clickable-row\" data-url=\"https:\/\/docs.google.com\/presentation\/d\/e\/2PACX-1vSKyBAg58WwlFeeULgQ_oeCpwn1Z9tr-GfviOhXLwMWeZ3hHpw_ztlaflUPp5XgLA\/pubembed?start=false&loop=false&delayms=3000\" onclick=\"updateIframe2(this)\">\r\n      <td>Umweltbewertung von Fisch\u00f6l-Ersatzstoffen aus Mikroalgen unter Verwendung von Lebensmittelabf\u00e4llen<\/td>\r\n      <td>Gymnasium, Bachelorstudenten<\/td>\r\n      <td>30 Minuten<\/td>\r\n      <td>Oberstufe<\/td>\r\n    <\/tr>\r\n    <tr class=\"clickable-row\" data-url=\"https:\/\/docs.google.com\/presentation\/d\/e\/2PACX-1vTkDzHBkbJtlrdUFqE85E3AzcHD5lP-yhOqMYiv6VGabVv3_KMDw8yer1pI4xbXYA\/pubembed?start=false&loop=false&delayms=3000\" onclick=\"updateIframe2(this)\">\r\n      <td>Entwicklung der elektro-biochemischen Technologie zur Verarbeitung von sekund\u00e4ren Fischrohstoffen und neuen Produkten auf Basis von Fischpasten<\/td>\r\n      <td>Gymnasium, Bachelorstudenten<\/td>\r\n      <td>15 Minuten<\/td>\r\n      <td>Oberstufe<\/td>\r\n    <\/tr>\r\n    <tr class=\"clickable-row\" data-url=\"https:\/\/docs.google.com\/presentation\/d\/e\/2PACX-1vSGX7klUndY119o0o1xra43znHN5jhwR4ukA2kFnUP4VCyVfoB8DrWRpaapfrnu2Q\/pubembed?start=false&loop=false&delayms=3000\" onclick=\"updateIframe2(this)\">\r\n      <td>Einbeziehung von Fisch- und Fischereiabf\u00e4llen in Lebensmittelformulierungen: Ein \u00dcberblick \u00fcber den aktuellen Wissensstand<\/td>\r\n      <td>Gymnasium, Bachelorstudenten<\/td>\r\n      <td>30 Minuten<\/td>\r\n      <td>Oberstufe<\/td>\r\n    <\/tr>\r\n    <tr class=\"clickable-row\" data-url=\"https:\/\/docs.google.com\/presentation\/d\/e\/2PACX-1vTeOvCzWyEcJXsUJVj0V7wrXtOCpAHTSm1LUtR9Y0DAgDP6MdY91q8RPhMOfEqkmw\/pubembed?start=false&loop=false&delayms=3000\" onclick=\"updateIframe2(this)\">\r\n      <td>Von Thunfischinnereien zu Mehrwertprodukten: Ein zirkul\u00e4rer Ansatz zur Verwertung von Fischabf\u00e4llen durch gr\u00fcne enzymatische Hydrolyse<\/td>\r\n      <td>Gymnasium, Bachelor-Lehrkr\u00e4fte<\/td>\r\n      <td>25 Minuten<\/td>\r\n      <td>Oberstufe<\/td>\r\n    <\/tr>\r\n    <tr class=\"clickable-row\" data-url=\"https:\/\/docs.google.com\/presentation\/d\/e\/2PACX-1vS1m6CSczFGMqvsGQQSKT9RS0J-ePtQsKOD1euon1NXPh05BGc3mpcfheTUF57NNQ\/pubembed?start=false&loop=false&delayms=3000\" onclick=\"updateIframe2(this)\">\r\n      <td>Alternative Quellen f\u00fcr Omega-3-Fetts\u00e4uren: K\u00f6nnen wir einen nachhaltigen Ersatz f\u00fcr Fisch finden?<\/td>\r\n      <td>Gymnasium, Bachelor-Lehrkr\u00e4fte<\/td>\r\n      <td>40 Minuten<\/td>\r\n      <td>Oberstufe<\/td>\r\n    <\/tr>\r\n    <tr class=\"clickable-row\" data-url=\"https:\/\/docs.google.com\/presentation\/d\/e\/2PACX-1vRnLl92s4oQ5a2odDENaAnWXpV9NdIHDZYLFFIHO6xxVWISw9Scp3m6sHgH8y8Dwg\/pubembed?start=false&loop=false&delayms=3000\" onclick=\"updateIframe2(this)\">\r\n      <td>Ist Omega-3 aus Algen ein guter Ersatz f\u00fcr Fisch\u00f6l \u2013 in der menschlichen Ern\u00e4hrung?<\/td>\r\n      <td>Gymnasium, Bachelor-Lehrkr\u00e4fte<\/td>\r\n      <td>35 Minuten<\/td>\r\n      <td>Oberstufe<\/td>\r\n    <\/tr>\r\n    <tr class=\"clickable-row\" data-url=\"https:\/\/docs.google.com\/presentation\/d\/e\/2PACX-1vQ5Pg4HHXkjd3gIyF_BLO1O8X1FvN1s2zKgrHcmQqoaaLAbOZiNSmx1eWCQeWBqRQ\/pubembed?start=false&loop=false&delayms=3000\" onclick=\"updateIframe2(this)\">\r\n      <td>Chemische Charakterisierung von Trachinotus ovatus-\u00d6l f\u00fcr seine potenzielle Anwendung als Muttermilchfett-Ersatz<\/td>\r\n      <td>Gymnasium, Bachelor-Lehrkr\u00e4fte<\/td>\r\n      <td>25 Minuten<\/td>\r\n      <td>Oberstufe<\/td>\r\n    <\/tr>\r\n    <tr class=\"clickable-row\" data-url=\"https:\/\/docs.google.com\/presentation\/d\/e\/2PACX-1vQvUBZdqz-eaKzgh4oUBQhe3UGME8Qchosk2twIMYzQEHfupl3aoxS9ZhpWCTlO7A\/pubembed?start=false&loop=false&delayms=3000\" onclick=\"updateIframe2(this)\">\r\n      <td>Einzellerprotein<\/td>\r\n      <td>Gymnasium, Bachelor-Lehrkr\u00e4fte<\/td>\r\n      <td>35 Minuten<\/td>\r\n      <td>Oberstufe<\/td>\r\n    <\/tr>\r\n    <tr class=\"clickable-row\" data-url=\"https:\/\/docs.google.com\/presentation\/d\/e\/2PACX-1vR1zgy77XmJMvihzfFA-SwpQLBme1muZQc700SBeu-Z6BZetpFMvRLVvk-DRobxGQ\/pubembed?start=false&loop=false&delayms=3000\" onclick=\"updateIframe2(this)\">\r\n      <td>Von Fischabf\u00e4llen zu Omega-3-Konzentraten in einem Bioraffinerie-Konzept<\/td>\r\n      <td>Gymnasium, Bachelorstudenten<\/td>\r\n      <td>45 Minuten<\/td>\r\n      <td>Oberstufe<\/td>\r\n    <\/tr>\r\n    <tr class=\"clickable-row\" data-url=\"https:\/\/docs.google.com\/presentation\/d\/e\/2PACX-1vSpfwnZ4GoRv_Pnq6uANJ49PUDDJmfL8mmTjj5D3l-z2N-Jzx78jefMiW2P26HK-w\/pubembed?start=false&loop=false&delayms=3000\" onclick=\"updateIframe2(this)\">\r\n      <td>\"Zero-Waste\"-Lebensmittelproduktionssystem zur F\u00f6rderung synergistischer Wechselwirkungen zwischen Aquakultur und Gartenbau<\/td>\r\n      <td>Gymnasium, Bachelorstudenten<\/td>\r\n      <td>25 Minuten<\/td>\r\n      <td>Oberstufe<\/td>\r\n    <\/tr>\r\n\r\n  <\/tbody>\r\n<\/table>\r\n\r\n\t\t\t\t<\/div>\n\t\t\t\t<\/div>\n\t\t\t\t\t<\/div>\n\t\t\t\t<\/div>\n\t\t<div data-particle_enable=\"false\" data-particle-mobile-disabled=\"false\" class=\"elementor-element elementor-element-81daf6e e-flex e-con-boxed e-con e-parent\" data-id=\"81daf6e\" data-element_type=\"container\" data-e-type=\"container\">\n\t\t\t\t\t<div class=\"e-con-inner\">\n\t\t\t\t<div class=\"elementor-element elementor-element-898c297 elementor-widget elementor-widget-eael-lightbox\" data-id=\"898c297\" data-element_type=\"widget\" data-e-type=\"widget\" data-widget_type=\"eael-lightbox.default\">\n\t\t\t\t<div class=\"elementor-widget-container\">\n\t\t\t\t\t\n\n\t\t<div data-lightbox-type=\"lightbox_type_custom_html\" data-lightbox-type-url=\"\" data-lightbox-trigger-pageload=\"1\" data-lightbox-closebtn-color=\"#ffffff\" class=\"eael-lightbox-wrapper\" data-trigger=\"eael_lightbox_trigger_external\" data-lightbox-id=\"lightbox_69f0ddac8ef38\" data-type=\"inline\" data-src=\"#eael-lightbox-window-69f0ddac8ef38\" data-popup-layout=\"eael-lightbox-popup-standard\" data-main-class=\"eael-lightbox-modal-popup-898c297\" data-close_button=\"yes\" data-esc_exit=\"yes\" data-click_exit=\"yes\" data-effect=\"animated mfp-zoom-in\" data-trigger-element=\"#open-popup\">\n\t\t\t<div class=\"eael-lightbox-btn\">\n\t\t\t\t\t\t\t<\/div><!-- close .eael-lightbox-btn -->\n\t\t<\/div>\n\n\t\t<div class=\"eael-lightbox-popup-window eael-lightbox-popup-window-898c297 lightbox_type_custom_html\" id=\"eael-lightbox-window-69f0ddac8ef38\">\n\t\t\t<div class=\"eael-lightbox-container\">\n\t\t\t\t<iframe id=\"mainFrame\" src=\"about:blank\" width=\"100%\" height=\"800px\" style=\"background:black;\"><\/iframe>\r\n\r\n<script>\r\nfunction updateIframe2(row) {\r\n  \/\/ Pull the URL from the data-url attribute of the clicked row\r\n  const url = row.getAttribute('data-url');\r\n  document.getElementById('mainFrame').src = url;\r\n}\r\n<\/script>\n\n\t\t\t<\/div>\n\t\t<\/div>\n\t\t\t\t<\/div>\n\t\t\t\t<\/div>\n\t\t\t\t\t<\/div>\n\t\t\t\t<\/div>\n\t\t\t\t<\/div>","protected":false},"excerpt":{"rendered":"<p>Online teaching resource title Key Target Audience Study Time Difficulty Fish protein isolate: Development of functional foods with nutraceutical ingredients High school, Bachelor educators 30 mins Upper-Intermediate Whole Fish Powder Snacks: Evaluation of Structural, Textural, Pasting, and Water Distribution Properties High school, Bachelor students 20 mins Upper-Intermediate Sustainable utilization of proteins from fish processing by-products: [&hellip;]<\/p>\n","protected":false},"author":1,"featured_media":0,"parent":2467,"menu_order":1,"comment_status":"closed","ping_status":"closed","template":"","meta":{"iawp_total_views":31,"footnotes":""},"class_list":["post-3159","page","type-page","status-publish","hentry"],"_links":{"self":[{"href":"https:\/\/impress-he.eu\/de\/wp-json\/wp\/v2\/pages\/3159","targetHints":{"allow":["GET"]}}],"collection":[{"href":"https:\/\/impress-he.eu\/de\/wp-json\/wp\/v2\/pages"}],"about":[{"href":"https:\/\/impress-he.eu\/de\/wp-json\/wp\/v2\/types\/page"}],"author":[{"embeddable":true,"href":"https:\/\/impress-he.eu\/de\/wp-json\/wp\/v2\/users\/1"}],"replies":[{"embeddable":true,"href":"https:\/\/impress-he.eu\/de\/wp-json\/wp\/v2\/comments?post=3159"}],"version-history":[{"count":19,"href":"https:\/\/impress-he.eu\/de\/wp-json\/wp\/v2\/pages\/3159\/revisions"}],"predecessor-version":[{"id":3181,"href":"https:\/\/impress-he.eu\/de\/wp-json\/wp\/v2\/pages\/3159\/revisions\/3181"}],"up":[{"embeddable":true,"href":"https:\/\/impress-he.eu\/de\/wp-json\/wp\/v2\/pages\/2467"}],"wp:attachment":[{"href":"https:\/\/impress-he.eu\/de\/wp-json\/wp\/v2\/media?parent=3159"}],"curies":[{"name":"wp","href":"https:\/\/api.w.org\/{rel}","templated":true}]}}