{"id":3215,"date":"2026-03-30T12:45:52","date_gmt":"2026-03-30T12:45:52","guid":{"rendered":"https:\/\/impress-he.eu\/?page_id=3215"},"modified":"2026-03-31T06:33:44","modified_gmt":"2026-03-31T06:33:44","slug":"packaging","status":"publish","type":"page","link":"https:\/\/impress-he.eu\/de\/knowledge-base\/packaging\/","title":{"rendered":"VERPACKUNG"},"content":{"rendered":"<div data-elementor-type=\"wp-page\" data-elementor-id=\"3215\" class=\"elementor elementor-3215\" data-elementor-post-type=\"page\">\n\t\t\t\t\t\t<section data-particle_enable=\"false\" data-particle-mobile-disabled=\"false\" class=\"elementor-section elementor-top-section elementor-element elementor-element-e93cbd3 elementor-section-boxed elementor-section-height-default elementor-section-height-default\" data-id=\"e93cbd3\" data-element_type=\"section\" data-e-type=\"section\" data-settings=\"{&quot;background_background&quot;:&quot;classic&quot;}\">\n\t\t\t\t\t\t\t<div class=\"elementor-background-overlay\"><\/div>\n\t\t\t\t\t\t\t<div class=\"elementor-container elementor-column-gap-default\">\n\t\t\t\t\t<div class=\"elementor-column elementor-col-100 elementor-top-column elementor-element elementor-element-02afc70\" data-id=\"02afc70\" data-element_type=\"column\" data-e-type=\"column\">\n\t\t\t<div class=\"elementor-widget-wrap elementor-element-populated\">\n\t\t\t\t\t\t<div class=\"elementor-element elementor-element-28784dd elementor-invisible elementor-widget elementor-widget-heading\" data-id=\"28784dd\" data-element_type=\"widget\" data-e-type=\"widget\" data-settings=\"{&quot;_animation&quot;:&quot;fadeInUp&quot;}\" data-widget_type=\"heading.default\">\n\t\t\t\t<div class=\"elementor-widget-container\">\n\t\t\t\t\t<h1 class=\"elementor-heading-title elementor-size-default\">VERPACKUNG<\/h1>\t\t\t\t<\/div>\n\t\t\t\t<\/div>\n\t\t\t\t\t<\/div>\n\t\t<\/div>\n\t\t\t\t\t<\/div>\n\t\t<\/section>\n\t\t<div data-particle_enable=\"false\" data-particle-mobile-disabled=\"false\" class=\"elementor-element elementor-element-34de45c5 e-flex e-con-boxed e-con e-parent\" data-id=\"34de45c5\" data-element_type=\"container\" data-e-type=\"container\">\n\t\t\t\t\t<div class=\"e-con-inner\">\n\t\t\t\t<div class=\"elementor-element elementor-element-5d5a770b elementor-widget elementor-widget-text-editor\" data-id=\"5d5a770b\" data-element_type=\"widget\" data-e-type=\"widget\" data-widget_type=\"text-editor.default\">\n\t\t\t\t<div class=\"elementor-widget-container\">\n\t\t\t\t\t\t\t\t\t<p>Verpackungen sind das entscheidende letzte Glied, das die Integrit\u00e4t des Produkts vom Werk bis zum Verbraucher sichert. Ihre Hauptaufgabe ist die Konservierung, die Verl\u00e4ngerung der Haltbarkeit und die Verhinderung von Kontamination oder Verderb. \u00dcber den Schutz hinaus dient die Verpackung als wichtiges Kommunikationsmittel, das regulatorische Informationen, N\u00e4hrwertangaben und Markenpr\u00e4senz anzeigt. Heute strebt die Industrie nach einer \u201cKreislaufwirtschaft\u201d und ersetzt herk\u00f6mmliche Kunststoffe durch biologisch abbaubare Materialien und recycelbare Polymere, um den globalen Abfallfu\u00dfabdruck zu reduzieren.<\/p><p style=\"text-align: center;\"><strong>Module in Entwicklung \u2013 Voraussichtlicher Start Sommer 2026!<\/strong><\/p>\t\t\t\t\t\t\t\t<\/div>\n\t\t\t\t<\/div>\n\t\t\t\t\t<\/div>\n\t\t\t\t<\/div>\n\t\t<div data-particle_enable=\"false\" data-particle-mobile-disabled=\"false\" class=\"elementor-element elementor-element-e83e7bb e-flex e-con-boxed e-con e-parent\" data-id=\"e83e7bb\" data-element_type=\"container\" data-e-type=\"container\">\n\t\t\t\t\t<div class=\"e-con-inner\">\n\t\t\t\t<div class=\"elementor-element elementor-element-ada417f elementor-widget elementor-widget-embedpres_elementor\" data-id=\"ada417f\" data-element_type=\"widget\" data-e-type=\"widget\" data-widget_type=\"embedpres_elementor.default\">\n\t\t\t\t<div class=\"elementor-widget-container\">\n\t\t\t\t\t\n\t\t<div class=\"embedpress-elements-wrapper\" id=\"ep-elements-id-ada417f\">\n\n\t\t\t\t\t\t\t<div id=\"ep-elementor-content-ada417f\"\n\t\t\t\t\tclass=\"ep-elementor-content\t\t\t\t\t\t\t\t\t\t  ep-content-protection-disabled\t\t\t\t\tsource-default\">\n\n\t\t\t\t\t<div id=\"ada417f\"\n\t\t\t\t\t\tclass=\"ep-embed-content-wrapper\t\t\t\t\t\t\t\t\t\t\t\t\t\t\t\t\t\tep-google-photos-\t\t\t\t\t\tdata-show-title=\"yes\"\t\t\t\t\t\t\"\n\t\t\t\t\t\t\t\t\t\t\t\t\t\t\t\t\t\t\t\t\t\t\t\t>\n\n\t\t\t\t\t\t<div id=\"ep-elementor-content-ada417f\"\n\t\t\t\t\t\t\tclass=\"ep-elementor-content\t\t\t\t\t\t\t\t\t\t\t\t\t\t  ep-content-protection-disabled\t\t\t\t\t\t\tsource-default\">\n\n\t\t\t\t\t\t\t<div >\n\t\t\t\t\t\t\t\t<div id=\"ada417f\"\n\t\t\t\t\t\t\t\t\tclass=\"ep-embed-content-wraper\"\n\t\t\t\t\t\t\t\t\t\t\t\t\t\t\t\t\t\t>\n\n\t\t\t\t\t\t\t\t\t\t\t\t\t\t\t\t\t<\/div>\n\n\t\t\t\t\t\t\t\t\n\t\t\t\t\t\t\t<\/div>\n\t\t\t\t\t\t<\/div>\n\t\t\t\t\t<\/div>\n\t\t\t\t<\/div>\n\n\t\t\t\n\t\t<\/div>\n\n\n\t\t\n\t\t\t\t<\/div>\n\t\t\t\t<\/div>\n\t\t\t\t\t<\/div>\n\t\t\t\t<\/div>\n\t\t<div data-particle_enable=\"false\" data-particle-mobile-disabled=\"false\" class=\"elementor-element elementor-element-0eab5a0 elementor-hidden-desktop elementor-hidden-tablet elementor-hidden-mobile e-flex e-con-boxed e-con e-parent\" data-id=\"0eab5a0\" data-element_type=\"container\" data-e-type=\"container\">\n\t\t\t\t\t<div class=\"e-con-inner\">\n\t\t\t\t<div class=\"elementor-element elementor-element-7f7035f elementor-widget elementor-widget-html\" data-id=\"7f7035f\" data-element_type=\"widget\" data-e-type=\"widget\" id=\"open-popup\" data-widget_type=\"html.default\">\n\t\t\t\t<div class=\"elementor-widget-container\">\n\t\t\t\t\t<style>\r\n  \/* Make it clear that rows are clickable *\/\r\n  .clickable-row { cursor: pointer; }\r\n  .clickable-row:hover { background-color: #035A7D; }\r\n<\/style>\r\n\r\n<table border=\"0\">\r\n  <thead>\r\n    <tr><th>Online-Lehrmittel-Titel<\/th>\r\n    <th>Zielgruppe<\/th>\r\n    <th>Lernzeit<\/th>\r\n    <th>Schwierigkeitsgrad<\/th><\/tr>\r\n  <\/thead>\r\n  <tbody>\r\n    <!-- Use data-url to store the target path -->\r\n    <tr class=\"clickable-row\" data-url=\"https:\/\/docs.google.com\/presentation\/d\/e\/2PACX-1vQ5hABnn8YQ3hKdxOaAAuw2Z5QVCQnQby82sRi-uU3QRtpB-xLIKFjnxZsDE3dF4Q\/pubembed?start=false&loop=false&delayms=3000\" onclick=\"updateIframe2(this)\">\r\n      <td>Energetische und wirtschaftliche Bewertung der Null-Abfall-Co-Stream-Verarbeitung von Fisch<\/td>\r\n      <td>Gymnasium, Bachelor-Studenten<\/td>\r\n      <td>35 Minuten<\/td>\r\n      <td>Oberstufe<\/td>\r\n    <\/tr>\r\n    \r\n    \r\n    \r\n  <\/tbody>\r\n<\/table>\r\n\r\n\t\t\t\t<\/div>\n\t\t\t\t<\/div>\n\t\t\t\t\t<\/div>\n\t\t\t\t<\/div>\n\t\t<div data-particle_enable=\"false\" data-particle-mobile-disabled=\"false\" class=\"elementor-element elementor-element-81daf6e elementor-hidden-desktop elementor-hidden-tablet elementor-hidden-mobile e-flex e-con-boxed e-con e-parent\" data-id=\"81daf6e\" data-element_type=\"container\" data-e-type=\"container\">\n\t\t\t\t\t<div class=\"e-con-inner\">\n\t\t\t\t<div class=\"elementor-element elementor-element-898c297 elementor-widget elementor-widget-eael-lightbox\" data-id=\"898c297\" data-element_type=\"widget\" data-e-type=\"widget\" data-widget_type=\"eael-lightbox.default\">\n\t\t\t\t<div class=\"elementor-widget-container\">\n\t\t\t\t\t\n\n\t\t<div data-lightbox-type=\"lightbox_type_custom_html\" data-lightbox-type-url=\"\" data-lightbox-trigger-pageload=\"1\" data-lightbox-closebtn-color=\"#ffffff\" class=\"eael-lightbox-wrapper\" data-trigger=\"eael_lightbox_trigger_external\" data-lightbox-id=\"lightbox_6a037f7711202\" data-type=\"inline\" data-src=\"#eael-lightbox-window-6a037f7711202\" data-popup-layout=\"eael-lightbox-popup-standard\" data-main-class=\"eael-lightbox-modal-popup-898c297\" data-close_button=\"yes\" data-esc_exit=\"yes\" data-click_exit=\"yes\" data-effect=\"animated mfp-zoom-in\" data-trigger-element=\"#open-popup\">\n\t\t\t<div class=\"eael-lightbox-btn\">\n\t\t\t\t\t\t\t<\/div><!-- close .eael-lightbox-btn -->\n\t\t<\/div>\n\n\t\t<div class=\"eael-lightbox-popup-window eael-lightbox-popup-window-898c297 lightbox_type_custom_html\" id=\"eael-lightbox-window-6a037f7711202\">\n\t\t\t<div class=\"eael-lightbox-container\">\n\t\t\t\t<iframe id=\"mainFrame\" src=\"about:blank\" width=\"100%\" height=\"800px\" style=\"background:black;\"><\/iframe>\r\n\r\n<script>\r\nfunction updateIframe2(row) {\r\n  \/\/ Pull the URL from the data-url attribute of the clicked row\r\n  const url = row.getAttribute('data-url');\r\n  document.getElementById('mainFrame').src = url;\r\n}\r\n<\/script>\n\n\t\t\t<\/div>\n\t\t<\/div>\n\t\t\t\t<\/div>\n\t\t\t\t<\/div>\n\t\t\t\t\t<\/div>\n\t\t\t\t<\/div>\n\t\t\t\t<\/div>","protected":false},"excerpt":{"rendered":"<p>Packaging is the critical final link that ensures product integrity from the factory to the home. Its primary role is preservation, extending shelf life and preventing contamination or spoilage. Beyond protection, packaging serves as a vital communication tool, displaying regulatory information, nutritional facts, and branding. Today, industry is racing toward a &#8220;circular economy,&#8221; replacing traditional [&hellip;]<\/p>\n","protected":false},"author":1,"featured_media":0,"parent":2467,"menu_order":5,"comment_status":"closed","ping_status":"closed","template":"","meta":{"iawp_total_views":12,"footnotes":""},"class_list":["post-3215","page","type-page","status-publish","hentry"],"_links":{"self":[{"href":"https:\/\/impress-he.eu\/de\/wp-json\/wp\/v2\/pages\/3215","targetHints":{"allow":["GET"]}}],"collection":[{"href":"https:\/\/impress-he.eu\/de\/wp-json\/wp\/v2\/pages"}],"about":[{"href":"https:\/\/impress-he.eu\/de\/wp-json\/wp\/v2\/types\/page"}],"author":[{"embeddable":true,"href":"https:\/\/impress-he.eu\/de\/wp-json\/wp\/v2\/users\/1"}],"replies":[{"embeddable":true,"href":"https:\/\/impress-he.eu\/de\/wp-json\/wp\/v2\/comments?post=3215"}],"version-history":[{"count":7,"href":"https:\/\/impress-he.eu\/de\/wp-json\/wp\/v2\/pages\/3215\/revisions"}],"predecessor-version":[{"id":3222,"href":"https:\/\/impress-he.eu\/de\/wp-json\/wp\/v2\/pages\/3215\/revisions\/3222"}],"up":[{"embeddable":true,"href":"https:\/\/impress-he.eu\/de\/wp-json\/wp\/v2\/pages\/2467"}],"wp:attachment":[{"href":"https:\/\/impress-he.eu\/de\/wp-json\/wp\/v2\/media?parent=3215"}],"curies":[{"name":"wp","href":"https:\/\/api.w.org\/{rel}","templated":true}]}}