{"id":919,"date":"2023-07-26T11:32:25","date_gmt":"2023-07-26T11:32:25","guid":{"rendered":"https:\/\/impress-he.eu\/?page_id=919"},"modified":"2023-08-23T07:38:57","modified_gmt":"2023-08-23T07:38:57","slug":"ucc","status":"publish","type":"page","link":"https:\/\/impress-he.eu\/de\/project-partners\/ucc\/","title":{"rendered":"Universit\u00e4t College Cork"},"content":{"rendered":"<div data-elementor-type=\"wp-page\" data-elementor-id=\"919\" class=\"elementor elementor-919\" data-elementor-post-type=\"page\">\n\t\t\t\t\t\t<section data-particle_enable=\"false\" data-particle-mobile-disabled=\"false\" class=\"elementor-section elementor-top-section elementor-element elementor-element-24fcc84a elementor-section-boxed elementor-section-height-default elementor-section-height-default\" data-id=\"24fcc84a\" data-element_type=\"section\" data-e-type=\"section\" data-settings=\"{&quot;background_background&quot;:&quot;classic&quot;}\">\n\t\t\t\t\t\t\t<div class=\"elementor-background-overlay\"><\/div>\n\t\t\t\t\t\t\t<div class=\"elementor-container elementor-column-gap-default\">\n\t\t\t\t\t<div class=\"elementor-column elementor-col-100 elementor-top-column elementor-element elementor-element-3c414b43\" data-id=\"3c414b43\" data-element_type=\"column\" data-e-type=\"column\">\n\t\t\t<div class=\"elementor-widget-wrap elementor-element-populated\">\n\t\t\t\t\t\t<div class=\"elementor-element elementor-element-388a5e87 elementor-invisible elementor-widget elementor-widget-heading\" data-id=\"388a5e87\" data-element_type=\"widget\" data-e-type=\"widget\" data-settings=\"{&quot;_animation&quot;:&quot;fadeInUp&quot;}\" data-widget_type=\"heading.default\">\n\t\t\t\t<div class=\"elementor-widget-container\">\n\t\t\t\t\t<h1 class=\"elementor-heading-title elementor-size-default\">Universit\u00e4t College Cork<\/h1>\t\t\t\t<\/div>\n\t\t\t\t<\/div>\n\t\t\t\t\t<\/div>\n\t\t<\/div>\n\t\t\t\t\t<\/div>\n\t\t<\/section>\n\t\t\t\t<section data-particle_enable=\"false\" data-particle-mobile-disabled=\"false\" class=\"elementor-section elementor-top-section elementor-element elementor-element-28f5d5f9 elementor-section-content-middle elementor-section-boxed elementor-section-height-default elementor-section-height-default\" data-id=\"28f5d5f9\" data-element_type=\"section\" data-e-type=\"section\">\n\t\t\t\t\t\t<div class=\"elementor-container elementor-column-gap-default\">\n\t\t\t\t\t<div class=\"elementor-column elementor-col-50 elementor-top-column elementor-element elementor-element-1374bd48\" data-id=\"1374bd48\" data-element_type=\"column\" data-e-type=\"column\">\n\t\t\t<div class=\"elementor-widget-wrap elementor-element-populated\">\n\t\t\t\t\t\t<div class=\"elementor-element elementor-element-7dff9e99 e-transform elementor-invisible elementor-widget elementor-widget-image\" data-id=\"7dff9e99\" data-element_type=\"widget\" data-e-type=\"widget\" data-settings=\"{&quot;_animation&quot;:&quot;rotateInUpRight&quot;,&quot;_transform_rotateZ_effect&quot;:{&quot;unit&quot;:&quot;px&quot;,&quot;size&quot;:-2,&quot;sizes&quot;:[]},&quot;_transform_rotateZ_effect_tablet&quot;:{&quot;unit&quot;:&quot;deg&quot;,&quot;size&quot;:&quot;&quot;,&quot;sizes&quot;:[]},&quot;_transform_rotateZ_effect_mobile&quot;:{&quot;unit&quot;:&quot;deg&quot;,&quot;size&quot;:&quot;&quot;,&quot;sizes&quot;:[]}}\" data-widget_type=\"image.default\">\n\t\t\t\t<div class=\"elementor-widget-container\">\n\t\t\t\t\t\t\t\t\t\t\t\t\t\t\t<img fetchpriority=\"high\" decoding=\"async\" width=\"800\" height=\"450\" src=\"https:\/\/impress-he.eu\/wp-content\/uploads\/2023\/06\/11.UCC_.jpg\" class=\"attachment-full size-full wp-image-160\" alt=\"\" srcset=\"https:\/\/impress-he.eu\/wp-content\/uploads\/2023\/06\/11.UCC_.jpg 800w, https:\/\/impress-he.eu\/wp-content\/uploads\/2023\/06\/11.UCC_-300x169.jpg 300w, https:\/\/impress-he.eu\/wp-content\/uploads\/2023\/06\/11.UCC_-768x432.jpg 768w\" sizes=\"(max-width: 800px) 100vw, 800px\" \/>\t\t\t\t\t\t\t\t\t\t\t\t\t\t\t<\/div>\n\t\t\t\t<\/div>\n\t\t\t\t<div class=\"elementor-element elementor-element-57b6bdd1 elementor-widget__width-initial elementor-absolute e-transform elementor-invisible elementor-widget elementor-widget-image\" data-id=\"57b6bdd1\" data-element_type=\"widget\" data-e-type=\"widget\" data-settings=\"{&quot;_position&quot;:&quot;absolute&quot;,&quot;_animation&quot;:&quot;rotateInUpLeft&quot;,&quot;_transform_rotateZ_effect&quot;:{&quot;unit&quot;:&quot;px&quot;,&quot;size&quot;:2,&quot;sizes&quot;:[]},&quot;_transform_rotateZ_effect_tablet&quot;:{&quot;unit&quot;:&quot;deg&quot;,&quot;size&quot;:&quot;&quot;,&quot;sizes&quot;:[]},&quot;_transform_rotateZ_effect_mobile&quot;:{&quot;unit&quot;:&quot;deg&quot;,&quot;size&quot;:&quot;&quot;,&quot;sizes&quot;:[]}}\" data-widget_type=\"image.default\">\n\t\t\t\t<div class=\"elementor-widget-container\">\n\t\t\t\t\t\t\t\t\t\t\t\t\t\t\t<img decoding=\"async\" width=\"1875\" height=\"1250\" src=\"https:\/\/impress-he.eu\/wp-content\/uploads\/2023\/07\/UCC.jpg\" class=\"attachment-full size-full wp-image-921\" alt=\"\" srcset=\"https:\/\/impress-he.eu\/wp-content\/uploads\/2023\/07\/UCC.jpg 1875w, https:\/\/impress-he.eu\/wp-content\/uploads\/2023\/07\/UCC-300x200.jpg 300w, https:\/\/impress-he.eu\/wp-content\/uploads\/2023\/07\/UCC-1024x683.jpg 1024w, https:\/\/impress-he.eu\/wp-content\/uploads\/2023\/07\/UCC-768x512.jpg 768w, https:\/\/impress-he.eu\/wp-content\/uploads\/2023\/07\/UCC-1536x1024.jpg 1536w\" sizes=\"(max-width: 1875px) 100vw, 1875px\" \/>\t\t\t\t\t\t\t\t\t\t\t\t\t\t\t<\/div>\n\t\t\t\t<\/div>\n\t\t\t\t\t<\/div>\n\t\t<\/div>\n\t\t\t\t<div class=\"elementor-column elementor-col-50 elementor-top-column elementor-element elementor-element-418835ce elementor-invisible\" data-id=\"418835ce\" data-element_type=\"column\" data-e-type=\"column\" data-settings=\"{&quot;animation&quot;:&quot;fadeInLeft&quot;}\">\n\t\t\t<div class=\"elementor-widget-wrap elementor-element-populated\">\n\t\t\t\t\t\t<div class=\"elementor-element elementor-element-70113784 elementor-widget elementor-widget-heading\" data-id=\"70113784\" data-element_type=\"widget\" data-e-type=\"widget\" data-widget_type=\"heading.default\">\n\t\t\t\t<div class=\"elementor-widget-container\">\n\t\t\t\t\t<h2 class=\"elementor-heading-title elementor-size-default\">Schaffung und Unterst\u00fctzung von weltweit f\u00fchrenden Forschungsclustern<\/h2>\t\t\t\t<\/div>\n\t\t\t\t<\/div>\n\t\t\t\t<div class=\"elementor-element elementor-element-3646a739 elementor-widget elementor-widget-text-editor\" data-id=\"3646a739\" data-element_type=\"widget\" data-e-type=\"widget\" data-widget_type=\"text-editor.default\">\n\t\t\t\t<div class=\"elementor-widget-container\">\n\t\t\t\t\t\t\t\t\t<p><span style=\"font-weight: 400;\">Das University College Cork ist eine international wettbewerbsf\u00e4hige, forschungsgeleitete Universit\u00e4t, die eine Schl\u00fcsselrolle bei der Entwicklung der wissensbasierten Wirtschaft Irlands spielt. Die wichtigsten Forschungspriorit\u00e4ten des UCC basieren auf Bereichen, in denen das UCC \u00fcber Exzellenz, Gr\u00f6\u00dfe, Wettbewerbsvorteile und ein Netzwerk verf\u00fcgt, um in den Bereichen Lebensmittel und Ern\u00e4hrung, Zukunft und neue Technologien, Gesundheit und Wohlbefinden sowie Nachhaltigkeit und Klimaschutz erhebliche Auswirkungen zu erzielen.<\/span><\/p>\t\t\t\t\t\t\t\t<\/div>\n\t\t\t\t<\/div>\n\t\t\t\t<div class=\"elementor-element elementor-element-6c99c200 elementor-widget elementor-widget-button\" data-id=\"6c99c200\" data-element_type=\"widget\" data-e-type=\"widget\" data-widget_type=\"button.default\">\n\t\t\t\t<div class=\"elementor-widget-container\">\n\t\t\t\t\t\t\t\t\t<div class=\"elementor-button-wrapper\">\n\t\t\t\t\t<a class=\"elementor-button elementor-button-link elementor-size-md\" href=\"https:\/\/www.ucc.ie\/en\/\" target=\"_blank\">\n\t\t\t\t\t\t<span class=\"elementor-button-content-wrapper\">\n\t\t\t\t\t\t<span class=\"elementor-button-icon\">\n\t\t\t\t<i aria-hidden=\"true\" class=\"fas fa-arrow-right\"><\/i>\t\t\t<\/span>\n\t\t\t\t\t\t\t\t\t<span class=\"elementor-button-text\">Website besuchen<\/span>\n\t\t\t\t\t<\/span>\n\t\t\t\t\t<\/a>\n\t\t\t\t<\/div>\n\t\t\t\t\t\t\t\t<\/div>\n\t\t\t\t<\/div>\n\t\t\t\t\t<\/div>\n\t\t<\/div>\n\t\t\t\t\t<\/div>\n\t\t<\/section>\n\t\t\t\t<section data-particle_enable=\"false\" data-particle-mobile-disabled=\"false\" class=\"elementor-section elementor-top-section elementor-element elementor-element-10956d1 elementor-section-boxed elementor-section-height-default elementor-section-height-default\" data-id=\"10956d1\" data-element_type=\"section\" data-e-type=\"section\" data-settings=\"{&quot;background_background&quot;:&quot;classic&quot;}\">\n\t\t\t\t\t\t\t<div class=\"elementor-background-overlay\"><\/div>\n\t\t\t\t\t\t\t<div class=\"elementor-container elementor-column-gap-default\">\n\t\t\t\t\t<div class=\"elementor-column elementor-col-50 elementor-top-column elementor-element elementor-element-d4987b6\" data-id=\"d4987b6\" data-element_type=\"column\" data-e-type=\"column\">\n\t\t\t<div class=\"elementor-widget-wrap elementor-element-populated\">\n\t\t\t\t\t\t<section data-particle_enable=\"false\" data-particle-mobile-disabled=\"false\" class=\"elementor-section elementor-inner-section elementor-element elementor-element-5946684 elementor-section-boxed elementor-section-height-default elementor-section-height-default\" data-id=\"5946684\" data-element_type=\"section\" data-e-type=\"section\">\n\t\t\t\t\t\t<div class=\"elementor-container elementor-column-gap-default\">\n\t\t\t\t\t<div class=\"elementor-column elementor-col-50 elementor-inner-column elementor-element elementor-element-debb7f6 elementor-invisible\" data-id=\"debb7f6\" data-element_type=\"column\" data-e-type=\"column\" data-settings=\"{&quot;animation&quot;:&quot;fadeInUp&quot;}\">\n\t\t\t<div class=\"elementor-widget-wrap elementor-element-populated\">\n\t\t\t\t\t\t<div class=\"elementor-element elementor-element-6fb939d elementor-widget elementor-widget-heading\" data-id=\"6fb939d\" data-element_type=\"widget\" data-e-type=\"widget\" data-widget_type=\"heading.default\">\n\t\t\t\t<div class=\"elementor-widget-container\">\n\t\t\t\t\t<h6 class=\"elementor-heading-title elementor-size-default\">LAND<\/h6>\t\t\t\t<\/div>\n\t\t\t\t<\/div>\n\t\t\t\t<div class=\"elementor-element elementor-element-8ec1487 elementor-widget elementor-widget-text-editor\" data-id=\"8ec1487\" data-element_type=\"widget\" data-e-type=\"widget\" data-widget_type=\"text-editor.default\">\n\t\t\t\t<div class=\"elementor-widget-container\">\n\t\t\t\t\t\t\t\t\t<p><span style=\"font-weight: 400;\">Irland<\/span><\/p>\t\t\t\t\t\t\t\t<\/div>\n\t\t\t\t<\/div>\n\t\t\t\t\t<\/div>\n\t\t<\/div>\n\t\t\t\t<div class=\"elementor-column elementor-col-50 elementor-inner-column elementor-element elementor-element-654f3f8 elementor-invisible\" data-id=\"654f3f8\" data-element_type=\"column\" data-e-type=\"column\" data-settings=\"{&quot;animation&quot;:&quot;fadeInUp&quot;}\">\n\t\t\t<div class=\"elementor-widget-wrap elementor-element-populated\">\n\t\t\t\t\t\t<div class=\"elementor-element elementor-element-8a071e4 elementor-widget elementor-widget-image\" data-id=\"8a071e4\" data-element_type=\"widget\" data-e-type=\"widget\" data-widget_type=\"image.default\">\n\t\t\t\t<div class=\"elementor-widget-container\">\n\t\t\t\t\t\t\t\t\t\t\t\t\t\t\t<img decoding=\"async\" width=\"800\" height=\"400\" src=\"https:\/\/impress-he.eu\/wp-content\/uploads\/2023\/07\/flag-ireland-e1690362298921.png\" class=\"attachment-large size-large wp-image-831\" alt=\"\" srcset=\"https:\/\/impress-he.eu\/wp-content\/uploads\/2023\/07\/flag-ireland-e1690362298921.png 800w, https:\/\/impress-he.eu\/wp-content\/uploads\/2023\/07\/flag-ireland-e1690362298921-300x150.png 300w, https:\/\/impress-he.eu\/wp-content\/uploads\/2023\/07\/flag-ireland-e1690362298921-768x384.png 768w\" sizes=\"(max-width: 800px) 100vw, 800px\" \/>\t\t\t\t\t\t\t\t\t\t\t\t\t\t\t<\/div>\n\t\t\t\t<\/div>\n\t\t\t\t\t<\/div>\n\t\t<\/div>\n\t\t\t\t\t<\/div>\n\t\t<\/section>\n\t\t\t\t<section data-particle_enable=\"false\" data-particle-mobile-disabled=\"false\" class=\"elementor-section elementor-inner-section elementor-element elementor-element-42ca3d34 elementor-section-boxed elementor-section-height-default elementor-section-height-default\" data-id=\"42ca3d34\" data-element_type=\"section\" data-e-type=\"section\">\n\t\t\t\t\t\t<div class=\"elementor-container elementor-column-gap-default\">\n\t\t\t\t\t<div class=\"elementor-column elementor-col-50 elementor-inner-column elementor-element elementor-element-c836e42 elementor-invisible\" data-id=\"c836e42\" data-element_type=\"column\" data-e-type=\"column\" data-settings=\"{&quot;animation&quot;:&quot;fadeInUp&quot;}\">\n\t\t\t<div class=\"elementor-widget-wrap elementor-element-populated\">\n\t\t\t\t\t\t<div class=\"elementor-element elementor-element-2b2ba682 elementor-widget elementor-widget-heading\" data-id=\"2b2ba682\" data-element_type=\"widget\" data-e-type=\"widget\" data-widget_type=\"heading.default\">\n\t\t\t\t<div class=\"elementor-widget-container\">\n\t\t\t\t\t<h6 class=\"elementor-heading-title elementor-size-default\">VOLLST\u00c4NDIGER NAME<\/h6>\t\t\t\t<\/div>\n\t\t\t\t<\/div>\n\t\t\t\t<div class=\"elementor-element elementor-element-104eda87 elementor-widget elementor-widget-text-editor\" data-id=\"104eda87\" data-element_type=\"widget\" data-e-type=\"widget\" data-widget_type=\"text-editor.default\">\n\t\t\t\t<div class=\"elementor-widget-container\">\n\t\t\t\t\t\t\t\t\t<p><span style=\"font-weight: 400;\">Universit\u00e4t College Cork<\/span><\/p>\t\t\t\t\t\t\t\t<\/div>\n\t\t\t\t<\/div>\n\t\t\t\t\t<\/div>\n\t\t<\/div>\n\t\t\t\t<div class=\"elementor-column elementor-col-50 elementor-inner-column elementor-element elementor-element-b4b1244 elementor-invisible\" data-id=\"b4b1244\" data-element_type=\"column\" data-e-type=\"column\" data-settings=\"{&quot;animation&quot;:&quot;fadeInUp&quot;}\">\n\t\t\t<div class=\"elementor-widget-wrap elementor-element-populated\">\n\t\t\t\t\t\t<div class=\"elementor-element elementor-element-e04f3de elementor-widget elementor-widget-heading\" data-id=\"e04f3de\" data-element_type=\"widget\" data-e-type=\"widget\" data-widget_type=\"heading.default\">\n\t\t\t\t<div class=\"elementor-widget-container\">\n\t\t\t\t\t<h6 class=\"elementor-heading-title elementor-size-default\">KURZER NAME<\/h6>\t\t\t\t<\/div>\n\t\t\t\t<\/div>\n\t\t\t\t<div class=\"elementor-element elementor-element-39886ad elementor-widget elementor-widget-text-editor\" data-id=\"39886ad\" data-element_type=\"widget\" data-e-type=\"widget\" data-widget_type=\"text-editor.default\">\n\t\t\t\t<div class=\"elementor-widget-container\">\n\t\t\t\t\t\t\t\t\t<p><span style=\"font-weight: 400;\">UCC<\/span><\/p>\t\t\t\t\t\t\t\t<\/div>\n\t\t\t\t<\/div>\n\t\t\t\t\t<\/div>\n\t\t<\/div>\n\t\t\t\t\t<\/div>\n\t\t<\/section>\n\t\t\t\t<section data-particle_enable=\"false\" data-particle-mobile-disabled=\"false\" class=\"elementor-section elementor-inner-section elementor-element elementor-element-74e2dd4 elementor-section-boxed elementor-section-height-default elementor-section-height-default\" data-id=\"74e2dd4\" data-element_type=\"section\" data-e-type=\"section\">\n\t\t\t\t\t\t<div class=\"elementor-container elementor-column-gap-default\">\n\t\t\t\t\t<div class=\"elementor-column elementor-col-100 elementor-inner-column elementor-element elementor-element-0fa9e24 elementor-invisible\" data-id=\"0fa9e24\" data-element_type=\"column\" data-e-type=\"column\" data-settings=\"{&quot;animation&quot;:&quot;fadeInUp&quot;}\">\n\t\t\t<div class=\"elementor-widget-wrap elementor-element-populated\">\n\t\t\t\t\t\t<div class=\"elementor-element elementor-element-0fe200e elementor-widget elementor-widget-heading\" data-id=\"0fe200e\" data-element_type=\"widget\" data-e-type=\"widget\" data-widget_type=\"heading.default\">\n\t\t\t\t<div class=\"elementor-widget-container\">\n\t\t\t\t\t<h6 class=\"elementor-heading-title elementor-size-default\">KONTAKTPERSON<\/h6>\t\t\t\t<\/div>\n\t\t\t\t<\/div>\n\t\t\t\t<div class=\"elementor-element elementor-element-5b40f4b elementor-widget elementor-widget-text-editor\" data-id=\"5b40f4b\" data-element_type=\"widget\" data-e-type=\"widget\" data-widget_type=\"text-editor.default\">\n\t\t\t\t<div class=\"elementor-widget-container\">\n\t\t\t\t\t\t\t\t\t<h4><strong>Marcel Jansen<\/strong><\/h4><p>\u00a0<\/p>\t\t\t\t\t\t\t\t<\/div>\n\t\t\t\t<\/div>\n\t\t\t\t<div class=\"elementor-element elementor-element-0fc4200 elementor-icon-list--layout-traditional elementor-list-item-link-full_width elementor-widget elementor-widget-icon-list\" data-id=\"0fc4200\" data-element_type=\"widget\" data-e-type=\"widget\" data-widget_type=\"icon-list.default\">\n\t\t\t\t<div class=\"elementor-widget-container\">\n\t\t\t\t\t\t\t<ul class=\"elementor-icon-list-items\">\n\t\t\t\t\t\t\t<li class=\"elementor-icon-list-item\">\n\t\t\t\t\t\t\t\t\t\t\t<a href=\"mailto:m.jansen@ucc.ie%20\">\n\n\t\t\t\t\t\t\t\t\t\t\t\t<span class=\"elementor-icon-list-icon\">\n\t\t\t\t\t\t\t<i aria-hidden=\"true\" class=\"far fa-envelope\"><\/i>\t\t\t\t\t\t<\/span>\n\t\t\t\t\t\t\t\t\t\t<span class=\"elementor-icon-list-text\">m.jansen@ucc.ie <\/span>\n\t\t\t\t\t\t\t\t\t\t\t<\/a>\n\t\t\t\t\t\t\t\t\t<\/li>\n\t\t\t\t\t\t<\/ul>\n\t\t\t\t\t\t<\/div>\n\t\t\t\t<\/div>\n\t\t\t\t\t<\/div>\n\t\t<\/div>\n\t\t\t\t\t<\/div>\n\t\t<\/section>\n\t\t\t\t\t<\/div>\n\t\t<\/div>\n\t\t\t\t<div class=\"elementor-column elementor-col-50 elementor-top-column elementor-element elementor-element-781eb8f\" data-id=\"781eb8f\" data-element_type=\"column\" data-e-type=\"column\">\n\t\t\t<div class=\"elementor-widget-wrap elementor-element-populated\">\n\t\t\t\t\t\t<section data-particle_enable=\"false\" data-particle-mobile-disabled=\"false\" class=\"elementor-section elementor-inner-section elementor-element elementor-element-57edc19 elementor-section-boxed elementor-section-height-default elementor-section-height-default\" data-id=\"57edc19\" data-element_type=\"section\" data-e-type=\"section\">\n\t\t\t\t\t\t<div class=\"elementor-container elementor-column-gap-default\">\n\t\t\t\t\t<div class=\"elementor-column elementor-col-100 elementor-inner-column elementor-element elementor-element-1513fe7 elementor-invisible\" data-id=\"1513fe7\" data-element_type=\"column\" data-e-type=\"column\" data-settings=\"{&quot;animation&quot;:&quot;fadeInUp&quot;}\">\n\t\t\t<div class=\"elementor-widget-wrap elementor-element-populated\">\n\t\t\t\t\t\t<div class=\"elementor-element elementor-element-d59f2c3 elementor-widget elementor-widget-heading\" data-id=\"d59f2c3\" data-element_type=\"widget\" data-e-type=\"widget\" data-widget_type=\"heading.default\">\n\t\t\t\t<div class=\"elementor-widget-container\">\n\t\t\t\t\t<h2 class=\"elementor-heading-title elementor-size-default\">Rolle im Projekt\n\n<\/h2>\t\t\t\t<\/div>\n\t\t\t\t<\/div>\n\t\t\t\t<div class=\"elementor-element elementor-element-3b0ab26 elementor-widget elementor-widget-text-editor\" data-id=\"3b0ab26\" data-element_type=\"widget\" data-e-type=\"widget\" data-widget_type=\"text-editor.default\">\n\t\t\t\t<div class=\"elementor-widget-container\">\n\t\t\t\t\t\t\t\t\t<p><b>Blei:<\/b><span style=\"font-weight: 400;\"> Wasserlinsenzucht aus Brauchwasser<\/span><\/p><p><b>Beteiligung an Aufgaben, die die Einbeziehung aller Partner erfordern<\/b><span style=\"font-weight: 400;\">Kapitalisierung und Verkn\u00fcpfung mit laufenden und fr\u00fcheren Aktivit\u00e4ten, Kartierung bestehender Produkte und Beteiligter aus Wirtschaft und Forschung, Pr\u00fcfung von Regulierungsfragen f\u00fcr Futtermittel, Lebensmittel und Verpackungen, Kartierung und Quantifizierung der Fischabf\u00e4lle aus Verarbeitung, Einzelhandel und HORECA-Sektor, F\u00f6rderung ausgew\u00e4hlter, nicht ausreichend genutzter Fisch- und Aquakulturrohstoffe im Verbrauch, LCA neuartiger Inhaltsstoffe, Prozesse und Produkte\/ LCC\/LCSAm, Bewertung von Verhaltensmustern bei der \u00dcbernahme von Wertsch\u00f6pfungsketten, alle Aufgaben im Zusammenhang mit der Gestaltung der Wertsch\u00f6pfungsketten f\u00fcr die erfolgreiche Vermarktung neuer Produkte<\/span><\/p>\t\t\t\t\t\t\t\t<\/div>\n\t\t\t\t<\/div>\n\t\t\t\t\t<\/div>\n\t\t<\/div>\n\t\t\t\t\t<\/div>\n\t\t<\/section>\n\t\t\t\t\t<\/div>\n\t\t<\/div>\n\t\t\t\t\t<\/div>\n\t\t<\/section>\n\t\t\t\t<\/div>","protected":false},"excerpt":{"rendered":"<p>creating and supporting world-leading clusters of researchers University College Cork is an internationally competitive, research-led university that plays a key role in the development of Ireland\u2019s knowledge-based economy. UCC&#8217;s key research priorities are based on areas in which UCC has excellence, scale, competitive advantage and network to deliver significant impact in the area of Food [&hellip;]<\/p>\n","protected":false},"author":1,"featured_media":160,"parent":583,"menu_order":6,"comment_status":"closed","ping_status":"closed","template":"","meta":{"iawp_total_views":71,"footnotes":""},"class_list":["post-919","page","type-page","status-publish","has-post-thumbnail","hentry"],"_links":{"self":[{"href":"https:\/\/impress-he.eu\/de\/wp-json\/wp\/v2\/pages\/919","targetHints":{"allow":["GET"]}}],"collection":[{"href":"https:\/\/impress-he.eu\/de\/wp-json\/wp\/v2\/pages"}],"about":[{"href":"https:\/\/impress-he.eu\/de\/wp-json\/wp\/v2\/types\/page"}],"author":[{"embeddable":true,"href":"https:\/\/impress-he.eu\/de\/wp-json\/wp\/v2\/users\/1"}],"replies":[{"embeddable":true,"href":"https:\/\/impress-he.eu\/de\/wp-json\/wp\/v2\/comments?post=919"}],"version-history":[{"count":16,"href":"https:\/\/impress-he.eu\/de\/wp-json\/wp\/v2\/pages\/919\/revisions"}],"predecessor-version":[{"id":1426,"href":"https:\/\/impress-he.eu\/de\/wp-json\/wp\/v2\/pages\/919\/revisions\/1426"}],"up":[{"embeddable":true,"href":"https:\/\/impress-he.eu\/de\/wp-json\/wp\/v2\/pages\/583"}],"wp:featuredmedia":[{"embeddable":true,"href":"https:\/\/impress-he.eu\/de\/wp-json\/wp\/v2\/media\/160"}],"wp:attachment":[{"href":"https:\/\/impress-he.eu\/de\/wp-json\/wp\/v2\/media?parent=919"}],"curies":[{"name":"wp","href":"https:\/\/api.w.org\/{rel}","templated":true}]}}