{"id":3,"date":"2023-05-04T10:48:41","date_gmt":"2023-05-04T10:48:41","guid":{"rendered":"https:\/\/impress-he.eu\/?page_id=3"},"modified":"2024-07-07T11:25:34","modified_gmt":"2024-07-07T11:25:34","slug":"privacy-policy","status":"publish","type":"page","link":"https:\/\/impress-he.eu\/es\/privacy-policy\/","title":{"rendered":"Pol\u00edtica de privacidad"},"content":{"rendered":"<div data-elementor-type=\"wp-page\" data-elementor-id=\"3\" class=\"elementor elementor-3\" data-elementor-post-type=\"page\">\n\t\t\t\t\t\t<section data-particle_enable=\"false\" data-particle-mobile-disabled=\"false\" class=\"elementor-section elementor-top-section elementor-element elementor-element-14f04574 elementor-section-boxed elementor-section-height-default elementor-section-height-default\" data-id=\"14f04574\" data-element_type=\"section\">\n\t\t\t\t\t\t<div class=\"elementor-container elementor-column-gap-default\">\n\t\t\t\t\t<div class=\"elementor-column elementor-col-100 elementor-top-column elementor-element elementor-element-4b70c5a\" data-id=\"4b70c5a\" data-element_type=\"column\">\n\t\t\t<div class=\"elementor-widget-wrap elementor-element-populated\">\n\t\t\t\t\t\t<div class=\"elementor-element elementor-element-4f254933 elementor-widget elementor-widget-text-editor\" data-id=\"4f254933\" data-element_type=\"widget\" data-widget_type=\"text-editor.default\">\n\t\t\t\t<div class=\"elementor-widget-container\">\n\t\t\t\t\t\t\t\t\t<h2><strong>Pol\u00edtica de privacidad<\/strong><\/h2>\n<p>Esta pol\u00edtica de privacidad regula el uso de sus datos personales por parte del proyecto IMPRESS - este proyecto ha recibido financiaci\u00f3n del Programa Horizonte Europa de la Uni\u00f3n Europea en virtud del acuerdo de subvenci\u00f3n n\u00ba 101084437; comunicarse con nosotros por correo electr\u00f3nico, tel\u00e9fono, el formulario de contacto disponible en el sitio web y nuestros canales de medios sociales; por ejemplo, LinkedIn, Twitter, Facebook, YouTube, SlideShare (en lo sucesivo, \u201cCanales de medios sociales\u201d); o interactuar con nosotros en ferias y eventos.<\/p>\n<p>NOTA: Si desea informaci\u00f3n sobre c\u00f3mo procesamos los datos personales a trav\u00e9s de cookies en nuestro Sitio Web, le remitimos a nuestra Pol\u00edtica de cookies.<\/p>\n<h4><strong> \u00bfQui\u00e9n es responsable del tratamiento de sus datos personales?<\/strong><\/h4>\n<p>1.1 Sus datos personales son tratados por Reframe.food, socio de difusi\u00f3n y comunicaci\u00f3n del proyecto IMPRESS - este proyecto ha recibido financiaci\u00f3n del Programa Horizonte Europa de la Uni\u00f3n Europea en virtud del acuerdo de subvenci\u00f3n n\u00ba 101084437. Puede ponerse en contacto con nosotros por correo electr\u00f3nico en info@impress-he.eu.<\/p>\n<p>1.2 Reframe.food se reserva el derecho de modificar, cambiar o enmendar esta Pol\u00edtica de Privacidad a su propia discreci\u00f3n y de vez en cuando. Tales modificaciones, cambios o enmiendas ser\u00e1n comunicados a trav\u00e9s del Sitio Web. En caso de preguntas o comentarios con respecto a las modificaciones, cambios o enmiendas, puede informarnos enviando un e-mail a info@impress-he.eu.<\/p>\n<h4><strong> \u00bfQu\u00e9 categor\u00edas de datos personales tratamos?<\/strong><\/h4>\n<p>2.1 Cuando rellena el formulario de contacto de nuestro sitio web o se pone en contacto con nosotros por correo electr\u00f3nico, tel\u00e9fono o a trav\u00e9s de los canales de las redes sociales, recopilamos informaci\u00f3n:<\/p>\n<ul>\n<li>la informaci\u00f3n b\u00e1sica de identidad que nos proporcione, como nombre, direcci\u00f3n de correo electr\u00f3nico, direcci\u00f3n postal, n\u00famero de tel\u00e9fono, la empresa para la que trabaja, su funci\u00f3n;<\/li>\n<li>el contenido de su comunicaci\u00f3n y los detalles t\u00e9cnicos de la propia comunicaci\u00f3n (con qui\u00e9n mantiene correspondencia por nuestra parte, fecha y hora, etc.);<\/li>\n<li>sus preferencias en cuanto a la recepci\u00f3n de nuestras comunicaciones por correo electr\u00f3nico, como boletines, anuncios, etc;<\/li>\n<li>datos de identificaci\u00f3n electr\u00f3nica, como la direcci\u00f3n IP;<\/li>\n<li>informaci\u00f3n p\u00fablicamente disponible de su perfil en los canales de medios sociales y cualquier otro dato personal que decida proporcionarnos.<\/li>\n<\/ul>\n<p>2.2 Siempre que nos deje su tarjeta de visita o interact\u00fae con nosotros en ferias y eventos en los que estemos presentes, podremos recopilar:<\/p>\n<ul>\n<li>la informaci\u00f3n b\u00e1sica de identidad que nos facilite, como el nombre, la direcci\u00f3n de correo electr\u00f3nico, la direcci\u00f3n postal, el n\u00famero de tel\u00e9fono, la empresa para la que trabaja, su funci\u00f3n (es decir, cuando dicha informaci\u00f3n sea facilitada por usted o figure en su tarjeta de visita);<\/li>\n<li>tu imagen.<\/li>\n<\/ul>\n<h4><strong> \u00bfCon qu\u00e9 fin utilizamos sus datos personales?<\/strong><\/h4>\n<p>3.1 Reframe.food trata sus datos personales para proporcionarle de forma personalizada y eficiente la informaci\u00f3n, productos y\/o servicios que solicite a trav\u00e9s del Sitio Web, correo electr\u00f3nico, tel\u00e9fono, Canales de Medios Sociales y ferias y eventos.<\/p>\n<p>3.2 Reframe.food procesa sus datos personales para comunicarse con usted como resultado de nuestro contacto en una feria y\/o evento o como resultado de su aproximaci\u00f3n a trav\u00e9s del Sitio Web, correo electr\u00f3nico, tel\u00e9fono o uno de nuestros Canales de Medios Sociales.<\/p>\n<p>3.3 Reframe.food procesa sus datos personales para realizar an\u00e1lisis estad\u00edsticos que nos permitan mejorar nuestro sitio web, nuestros productos y servicios o desarrollar nuevos productos y servicios.<\/p>\n<p>3.4 Reframe.food procesa sus datos personales para cumplir obligaciones legales o atender cualquier solicitud razonable de agentes o representantes de las fuerzas de seguridad, autoridades judiciales, agencias u organismos gubernamentales competentes, incluidas las autoridades competentes en materia de protecci\u00f3n de datos. Sus datos personales podr\u00e1n ser transferidos por iniciativa propia de Reframe.food a la polic\u00eda o a las autoridades judiciales como prueba o si existen sospechas justificadas de un acto il\u00edcito o delito cometido por usted a trav\u00e9s de su registro o uso del Sitio Web, nuestros Canales de Medios Sociales u otra comunicaci\u00f3n con nosotros.<\/p>\n<p>3.5 Reframe.food puede procesar sus datos personales para la preservaci\u00f3n de los intereses leg\u00edtimos del proyecto IMPRESS, sus socios o un tercero si y cuando su registro en, o el uso del Sitio Web, los Canales de Medios Sociales u otros canales de comunicaci\u00f3n pueda considerarse (a) una violaci\u00f3n de las condiciones de uso aplicables o de los derechos de propiedad intelectual o cualquier otro derecho de un tercero, (b) una amenaza a la seguridad o integridad del Sitio Web, (c) un peligro para el Sitio Web o cualquiera de los sistemas subyacentes del proyecto IMPRESS o de sus subcontratistas debido a virus, troyanos, spyware, malware o cualquier otra forma de c\u00f3digo malicioso, o (d) de alguna manera odioso, obsceno, discriminatorio, racista, difamatorio, malicioso, hiriente o de alguna otra manera inapropiado o ilegal.<\/p>\n<p>3.6 Reframe.food procesa sus datos personales mencionados en las cl\u00e1usulas 2.1, 2.2 anteriores con fines de marketing, es decir, para proporcionarle comunicaciones, promociones, ofertas y otros anuncios espec\u00edficos del proyecto IMPRESS y de socios seleccionados. El proyecto IMPRESS s\u00f3lo le enviar\u00e1 comunicaciones, promociones, ofertas, boletines y otros anuncios por correo electr\u00f3nico u otros canales de comunicaci\u00f3n electr\u00f3nica de persona a persona si usted ha dado su consentimiento expl\u00edcito para recibir dichas comunicaciones, boletines y otros anuncios.<\/p>\n<h4><strong> \u00bfPor qu\u00e9 es leg\u00edtimo el tratamiento de sus datos personales?<\/strong><\/h4>\n<p>4.1 Para el tratamiento de sus datos personales con la finalidad indicada en la cl\u00e1usula 3.1, solicitamos su consentimiento.<\/p>\n<p>4.2 El tratamiento de sus datos personales para los fines indicados en la cl\u00e1usula 3.4 es necesario para que el proyecto IMPRESS pueda cumplir con sus obligaciones legales.<\/p>\n<p>4.3 El tratamiento de sus datos personales para los fines expuestos en las cl\u00e1usulas 3.2, 3.3 y 3.6 es necesario para los intereses leg\u00edtimos del proyecto IMPRESS, que son:<\/p>\n<ul>\n<li>poder responder adecuadamente a sus solicitudes de informaci\u00f3n y otras peticiones;<\/li>\n<li>comunicar sus datos personales a nuestros socios del proyecto IMPRESS para proporcionarle la informaci\u00f3n adecuada;<\/li>\n<li>permiti\u00e9ndonos defendernos en procedimientos judiciales;<\/li>\n<li>mejoras continuas del sitio web, nuestros canales de medios sociales, productos y servicios para garantizar que usted tenga la mejor experiencia posible;<\/li>\n<li>mantener nuestro sitio web, canales de medios sociales, productos y servicios a salvo de usos indebidos y actividades ilegales;<\/li>\n<li>salvaguardar nuestros intereses y necesidades comerciales y empresariales ante las cambiantes condiciones del mercado.<\/li>\n<li>la comercializaci\u00f3n y promoci\u00f3n de nuestros productos, servicios y marcas el \u00e9xito general de la comercializaci\u00f3n de nuestros productos y servicios.<\/li>\n<\/ul>\n<p>4.4 Para el tratamiento de sus datos personales para las finalidades descritas en la cl\u00e1usula 3.1, Reframe.food, como responsable, solicita su consentimiento. Al consentir que tratemos sus datos personales para enviarle comunicaciones, promociones, ofertas, boletines y otros anuncios por correo electr\u00f3nico u otros canales de comunicaci\u00f3n electr\u00f3nica de persona a persona, usted acepta que estemos autorizados a tratar sus datos personales para este fin en la forma y condiciones descritas en la presente Pol\u00edtica de Privacidad.<\/p>\n<h4><strong> \u00bfCu\u00e1les son nuestras garant\u00edas de calidad?<\/strong><\/h4>\n<p>5.1 Reframe.food hace todo lo posible por tratar \u00fanicamente los datos personales necesarios para alcanzar los fines enumerados en la finalidad del tratamiento.<\/p>\n<p>5.2 Sus datos personales ser\u00e1n tratados \u00fanicamente durante el tiempo necesario para los fines arriba indicados o hasta el momento en que usted retire su consentimiento para el tratamiento de los mismos. Reframe.food desidentificar\u00e1 sus datos personales cuando ya no sean necesarios para los fines indicados en la finalidad del tratamiento, a menos que exista:<\/p>\n<ul>\n<li>un inter\u00e9s superior del proyecto IMPRESS o de cualquier otro tercero en mantener sus datos personales identificables;<\/li>\n<li>una obligaci\u00f3n legal o reglamentaria o una orden judicial o administrativa que impida al proyecto IMPRESS desidentificarlos.<\/li>\n<\/ul>\n<p>5.3 Reframe.food adopta todas las medidas t\u00e9cnicas y organizativas apropiadas para mantener sus datos personales a salvo de accesos no autorizados o robos, as\u00ed como de p\u00e9rdidas accidentales, alteraciones o destrucci\u00f3n. El acceso por parte del personal de Reframe.food o de sus terceros procesadores se realizar\u00e1 \u00fanicamente cuando sea necesario y estar\u00e1 sujeto a estrictas obligaciones de confidencialidad.<\/p>\n<h4><strong> \u00bfCu\u00e1les son sus derechos?<\/strong><\/h4>\n<p>6.1 Usted tiene derecho a solicitar el acceso a todos los datos personales procesados por Reframe.food que le conciernan. Reframe.food se reserva el derecho a cobrar una tasa administrativa por m\u00faltiples solicitudes de acceso posteriores que se presenten claramente por causar molestias o perjuicios al proyecto IMPRESS.<\/p>\n<p>6.2 Tiene derecho a solicitar que se corrijan gratuitamente los datos personales que le conciernan y que sean inexactos. Si se presenta una solicitud de rectificaci\u00f3n, dicha solicitud deber\u00e1 ir acompa\u00f1ada de la prueba del car\u00e1cter err\u00f3neo de los datos cuya rectificaci\u00f3n se solicita.<\/p>\n<p>6.3 Tiene derecho a retirar el consentimiento que haya dado anteriormente en virtud de la cl\u00e1usula 4.4 para el tratamiento de sus datos personales.<\/p>\n<p>6.4 Usted tiene derecho a solicitar la supresi\u00f3n de los datos personales que le conciernen cuando ya no sean necesarios para los fines anteriormente indicados o cuando retire su consentimiento para el tratamiento de los mismos. No obstante, debe tener en cuenta que Reframe.food evaluar\u00e1 su solicitud de supresi\u00f3n:<\/p>\n<ul>\n<li>intereses preponderantes del proyecto IMPRESS o de cualquier otro tercero;<\/li>\n<li>obligaciones legales o reglamentarias u \u00f3rdenes administrativas o judiciales que puedan contradecir dicha supresi\u00f3n.<br \/>En lugar de la supresi\u00f3n, tambi\u00e9n puede solicitar que Reframe.food limite el tratamiento de sus datos personales siempre y cuando (a) usted impugne la exactitud de dichos datos, (b) el tratamiento sea ileg\u00edtimo o (c) los datos ya no sean necesarios para los fines expuestos anteriormente, pero usted los necesite para defenderse en un procedimiento judicial.<\/li>\n<\/ul>\n<p>6.5 Tiene derecho a oponerse al tratamiento de datos personales si puede demostrar que existen motivos graves y justificados relacionados con sus circunstancias particulares que justifiquen dicha oposici\u00f3n. No obstante, si el tratamiento previsto se califica de marketing directo, tiene derecho a oponerse a dicho tratamiento de forma gratuita y sin justificaci\u00f3n.<\/p>\n<p>6.6 Tiene derecho a recibir de nosotros en un formato estructurado, de uso com\u00fan y lectura mec\u00e1nica todos los datos personales que nos haya facilitado.<\/p>\n<p>6.7 Si desea presentar una solicitud para ejercer uno o varios de los derechos enumerados anteriormente, puede enviar un correo electr\u00f3nico a info@impress-he.eu para todas las cuestiones relacionadas con los derechos de los interesados. Un correo electr\u00f3nico solicitando el ejercicio de un derecho no se interpretar\u00e1 como consentimiento para el tratamiento de sus datos personales m\u00e1s all\u00e1 de lo necesario para tramitar su solicitud. Dicha solicitud deber\u00e1 indicar y especificar claramente el derecho que desea ejercer y los motivos para ello, si fuera necesario. Asimismo, deber\u00e1 estar fechada y firmada e ir acompa\u00f1ada de una copia digitalizada de su documento de identidad v\u00e1lido que acredite su identidad.<br \/>El proyecto IMPRESS le informar\u00e1 sin demora de haber recibido esta solicitud. Si la solicitud resulta ser v\u00e1lida, el proyecto IMPRESS se lo notificar\u00e1 tan pronto como sea razonablemente posible y a m\u00e1s tardar treinta (30) d\u00edas despu\u00e9s de haber recibido la solicitud.<\/p>\n<p><br \/>Si tiene alguna queja en relaci\u00f3n con el tratamiento de sus datos personales por Reframe.food, siempre puede ponerse en contacto con IMPRESS project a trav\u00e9s de la direcci\u00f3n de correo electr\u00f3nico mencionada en el primer p\u00e1rrafo de esta cl\u00e1usula. Si sigue insatisfecho con la respuesta del proyecto IMPRESS, es libre de presentar una reclamaci\u00f3n ante la autoridad de protecci\u00f3n de datos competente, es decir, la autoridad de protecci\u00f3n de datos del pa\u00eds en el que resida o la Autoridad Hel\u00e9nica de Protecci\u00f3n de Datos (A\u03c1\u03c7\u03ae \u03a0\u03c1\u03bf\u03c3\u03c4\u03b1\u03c3\u03af\u03b1\u03c2 \u0394\u03b5\u03b4\u03bf\u03bc\u03ad\u03bd\u03c9\u03bd \u03a0\u03c1\u03bf\u03c3\u03c9\u03c0\u03b9\u03ba\u03bf\u03cd \u03a7\u03b1\u03c1\u03b1\u03ba\u03c4\u03ae\u03c1\u03b1). Para m\u00e1s informaci\u00f3n, visite <a href=\"https:\/\/www.dpa.gr\/en\">https:\/\/www.dpa.gr\/en<\/a> .<\/p>\n<p>\u00a0<\/p>\t\t\t\t\t\t\t\t<\/div>\n\t\t\t\t<\/div>\n\t\t\t\t\t<\/div>\n\t\t<\/div>\n\t\t\t\t\t<\/div>\n\t\t<\/section>\n\t\t\t\t<\/div>","protected":false},"excerpt":{"rendered":"<p>Privacy policy This privacy policy governs the use of your personal data by IMPRESS project \u2013 this project has received funding from the European Union\u2019s Horizon Europe Programme under grant agreement No 101084437; communicate with us via e-mail, telephone, the contact form available on the website and our social media channels; e.g. LinkedIn, Twitter, Facebook, [&hellip;]<\/p>","protected":false},"author":1,"featured_media":0,"parent":0,"menu_order":0,"comment_status":"closed","ping_status":"open","template":"","meta":{"iawp_total_views":58,"footnotes":""},"class_list":["post-3","page","type-page","status-publish","hentry"],"_links":{"self":[{"href":"https:\/\/impress-he.eu\/es\/wp-json\/wp\/v2\/pages\/3","targetHints":{"allow":["GET"]}}],"collection":[{"href":"https:\/\/impress-he.eu\/es\/wp-json\/wp\/v2\/pages"}],"about":[{"href":"https:\/\/impress-he.eu\/es\/wp-json\/wp\/v2\/types\/page"}],"author":[{"embeddable":true,"href":"https:\/\/impress-he.eu\/es\/wp-json\/wp\/v2\/users\/1"}],"replies":[{"embeddable":true,"href":"https:\/\/impress-he.eu\/es\/wp-json\/wp\/v2\/comments?post=3"}],"version-history":[{"count":11,"href":"https:\/\/impress-he.eu\/es\/wp-json\/wp\/v2\/pages\/3\/revisions"}],"predecessor-version":[{"id":1880,"href":"https:\/\/impress-he.eu\/es\/wp-json\/wp\/v2\/pages\/3\/revisions\/1880"}],"wp:attachment":[{"href":"https:\/\/impress-he.eu\/es\/wp-json\/wp\/v2\/media?parent=3"}],"curies":[{"name":"wp","href":"https:\/\/api.w.org\/{rel}","templated":true}]}}