{"id":3182,"date":"2026-03-30T11:32:25","date_gmt":"2026-03-30T11:32:25","guid":{"rendered":"https:\/\/impress-he.eu\/?page_id=3182"},"modified":"2026-04-02T07:56:08","modified_gmt":"2026-04-02T07:56:08","slug":"fertilizers","status":"publish","type":"page","link":"https:\/\/impress-he.eu\/es\/knowledge-base\/fertilizers\/","title":{"rendered":"FERTILIZANTES"},"content":{"rendered":"<div data-elementor-type=\"wp-page\" data-elementor-id=\"3182\" class=\"elementor elementor-3182\" data-elementor-post-type=\"page\">\n\t\t\t\t\t\t<section data-particle_enable=\"false\" data-particle-mobile-disabled=\"false\" class=\"elementor-section elementor-top-section elementor-element elementor-element-e93cbd3 elementor-section-boxed elementor-section-height-default elementor-section-height-default\" data-id=\"e93cbd3\" data-element_type=\"section\" data-e-type=\"section\" data-settings=\"{&quot;background_background&quot;:&quot;classic&quot;}\">\n\t\t\t\t\t\t\t<div class=\"elementor-background-overlay\"><\/div>\n\t\t\t\t\t\t\t<div class=\"elementor-container elementor-column-gap-default\">\n\t\t\t\t\t<div class=\"elementor-column elementor-col-100 elementor-top-column elementor-element elementor-element-02afc70\" data-id=\"02afc70\" data-element_type=\"column\" data-e-type=\"column\">\n\t\t\t<div class=\"elementor-widget-wrap elementor-element-populated\">\n\t\t\t\t\t\t<div class=\"elementor-element elementor-element-28784dd elementor-invisible elementor-widget elementor-widget-heading\" data-id=\"28784dd\" data-element_type=\"widget\" data-e-type=\"widget\" data-settings=\"{&quot;_animation&quot;:&quot;fadeInUp&quot;}\" data-widget_type=\"heading.default\">\n\t\t\t\t<div class=\"elementor-widget-container\">\n\t\t\t\t\t<h1 class=\"elementor-heading-title elementor-size-default\">FERTILIZANTES<\/h1>\t\t\t\t<\/div>\n\t\t\t\t<\/div>\n\t\t\t\t\t<\/div>\n\t\t<\/div>\n\t\t\t\t\t<\/div>\n\t\t<\/section>\n\t\t<div data-particle_enable=\"false\" data-particle-mobile-disabled=\"false\" class=\"elementor-element elementor-element-34de45c5 e-flex e-con-boxed e-con e-parent\" data-id=\"34de45c5\" data-element_type=\"container\" data-e-type=\"container\">\n\t\t\t\t\t<div class=\"e-con-inner\">\n\t\t\t\t<div class=\"elementor-element elementor-element-5d5a770b elementor-widget elementor-widget-text-editor\" data-id=\"5d5a770b\" data-element_type=\"widget\" data-e-type=\"widget\" data-widget_type=\"text-editor.default\">\n\t\t\t\t<div class=\"elementor-widget-container\">\n\t\t\t\t\t\t\t\t\t<p>Los fertilizantes son el insumo fundamental requerido para reponer los nutrientes del suelo y maximizar el rendimiento de los cultivos. Al proporcionar elementos esenciales como Nitr\u00f3geno (N), F\u00f3sforo (P) y Potasio (K), los fertilizantes permiten a los agricultores producir m\u00e1s alimentos en menos tierra. El enfoque de la industria se ha desplazado hacia la agricultura de precisi\u00f3n, utilizando f\u00f3rmulas especializadas que liberan nutrientes lentamente para prevenir la escorrent\u00eda ambiental. Sin la aplicaci\u00f3n estrat\u00e9gica de fertilizantes, la seguridad alimentaria mundial ser\u00eda inalcanzable, ya que la regeneraci\u00f3n natural del suelo no puede seguir el ritmo de las demandas de cosecha modernas.<\/p>\n<p>\u00a1Sum\u00e9rgete para saber m\u00e1s!<\/p>\t\t\t\t\t\t\t\t<\/div>\n\t\t\t\t<\/div>\n\t\t\t\t\t<\/div>\n\t\t\t\t<\/div>\n\t\t<div data-particle_enable=\"false\" data-particle-mobile-disabled=\"false\" class=\"elementor-element elementor-element-e83e7bb e-flex e-con-boxed e-con e-parent\" data-id=\"e83e7bb\" data-element_type=\"container\" data-e-type=\"container\">\n\t\t\t\t\t<div class=\"e-con-inner\">\n\t\t\t\t<div class=\"elementor-element elementor-element-ada417f elementor-widget elementor-widget-embedpres_elementor\" data-id=\"ada417f\" data-element_type=\"widget\" data-e-type=\"widget\" data-widget_type=\"embedpres_elementor.default\">\n\t\t\t\t<div class=\"elementor-widget-container\">\n\t\t\t\t\t\n\t\t<div class=\"embedpress-elements-wrapper\" id=\"ep-elements-id-ada417f\">\n\n\t\t\t\t\t\t\t<div id=\"ep-elementor-content-ada417f\"\n\t\t\t\t\tclass=\"ep-elementor-content\t\t\t\t\t\t\t\t\t\t  ep-content-protection-disabled\t\t\t\t\tsource-default\">\n\n\t\t\t\t\t<div id=\"ada417f\"\n\t\t\t\t\t\tclass=\"ep-embed-content-wrapper\t\t\t\t\t\t\t\t\t\t\t\t\t\t\t\t\t\tep-google-photos-\t\t\t\t\t\tdata-show-title=\"yes\"\t\t\t\t\t\t\"\n\t\t\t\t\t\t\t\t\t\t\t\t\t\t\t\t\t\t\t\t\t\t\t\t>\n\n\t\t\t\t\t\t<div id=\"ep-elementor-content-ada417f\"\n\t\t\t\t\t\t\tclass=\"ep-elementor-content\t\t\t\t\t\t\t\t\t\t\t\t\t\t  ep-content-protection-disabled\t\t\t\t\t\t\tsource-default\">\n\n\t\t\t\t\t\t\t<div >\n\t\t\t\t\t\t\t\t<div id=\"ada417f\"\n\t\t\t\t\t\t\t\t\tclass=\"ep-embed-content-wraper\"\n\t\t\t\t\t\t\t\t\t\t\t\t\t\t\t\t\t\t>\n\n\t\t\t\t\t\t\t\t\t\t\t\t\t\t\t\t\t<\/div>\n\n\t\t\t\t\t\t\t\t\n\t\t\t\t\t\t\t<\/div>\n\t\t\t\t\t\t<\/div>\n\t\t\t\t\t<\/div>\n\t\t\t\t<\/div>\n\n\t\t\t\n\t\t<\/div>\n\n\n\t\t\n\t\t\t\t<\/div>\n\t\t\t\t<\/div>\n\t\t\t\t\t<\/div>\n\t\t\t\t<\/div>\n\t\t<div data-particle_enable=\"false\" data-particle-mobile-disabled=\"false\" class=\"elementor-element elementor-element-0eab5a0 e-flex e-con-boxed e-con e-parent\" data-id=\"0eab5a0\" data-element_type=\"container\" data-e-type=\"container\">\n\t\t\t\t\t<div class=\"e-con-inner\">\n\t\t\t\t<div class=\"elementor-element elementor-element-7f7035f elementor-widget elementor-widget-html\" data-id=\"7f7035f\" data-element_type=\"widget\" data-e-type=\"widget\" id=\"open-popup\" data-widget_type=\"html.default\">\n\t\t\t\t<div class=\"elementor-widget-container\">\n\t\t\t\t\t<style>\r\n  \/* Make it clear that rows are clickable *\/\r\n  .clickable-row { cursor: pointer; }\r\n  .clickable-row:hover { background-color: #035A7D; }\r\n<\/style>\r\n\r\n<table border=\"0\">\r\n  <thead>\r\n    <tr><th>T\u00edtulo de recurso de ense\u00f1anza en l\u00ednea<\/th>\r\n    <th>P\u00fablico objetivo clave<\/th>\r\n    <th>Tiempo de estudio<\/th>\r\n    <th>Dificultad<\/th><\/tr>\r\n  <\/thead>\r\n  <tbody>\r\n    <!-- Use data-url to store the target path -->\r\n    <tr class=\"clickable-row\" data-url=\"https:\/\/docs.google.com\/presentation\/d\/e\/2PACX-1vRoFWVCW4X5_IJk32gpRV7ZKbgobHTegNaPWQJfyPwXWE3_ylADPYFtFe5awBbf2Q\/pubembed?start=false&loop=false&delayms=3000\" onclick=\"updateIframe2(this)\">\r\n      <td>PRODUCCI\u00d3N DE BIODIESEL A PARTIR DE DESPOBLADOS DE PESCADO PARA EL CONCEPTO DE CERO RESIDUOS EN \u00c1REAS REMOTAS DEL ESTE DE JAVA, INDONESIA<\/td>\r\n      <td>Secundaria, Estudiantes de Licenciatura<\/td>\r\n      <td>20 minutos<\/td>\r\n      <td>Intermedio Alto<\/td>\r\n    <\/tr>\r\n    \r\n    <tr class=\"clickable-row\" data-url=\"https:\/\/docs.google.com\/presentation\/d\/e\/2PACX-1vSSH6C17vWI4Jp9YUAQt4MOFHm5NN1W_71NLg6jdzBwaIRaBOyIZkFSJZtAqUSmBQ\/pubembed?start=false&loop=false&delayms=3000\" onclick=\"updateIframe2(this)\">\r\n      <td>Subproductos de la biorrefiner\u00eda de desechos de pescado: su aplicaci\u00f3n en la agricultura org\u00e1nica<\/td>\r\n      <td>Instituto, Licenciados en Educaci\u00f3n<\/td>\r\n      <td>35\u00a0minutos<\/td>\r\n      <td>Intermedio Alto<\/td>\r\n    <\/tr>\r\n    \r\n    <tr class=\"clickable-row\" data-url=\"https:\/\/docs.google.com\/presentation\/d\/e\/2PACX-1vSO6dXQz2ttXyxoppgkZxDiFI2ManJJFM00aQlsiPHRn1tyFYm2mYE08BoAfHOllA\/pubembed?start=false&loop=false&delayms=3000\" onclick=\"updateIframe2(this)\">\r\n      <td>Una perspectiva de an\u00e1lisis de ciclo de vida de la producci\u00f3n de biodiesel a partir de residuos de pescado para microrredes verdes en una bioeconom\u00eda circular<\/td>\r\n      <td>Instituto, Licenciados en Educaci\u00f3n<\/td>\r\n      <td>40 minutos<\/td>\r\n      <td>Intermedio Alto<\/td>\r\n    <\/tr>\r\n    \r\n    <tr class=\"clickable-row\" data-url=\"https:\/\/docs.google.com\/presentation\/d\/e\/2PACX-1vQWR0UPyrLj-Q8KzRfp3kJZVJN29hKrrjM50geGZnf0i7KMYQTkJVPh9gvOh2OucQ\/pubembed?start=false&loop=false&delayms=3000\" onclick=\"updateIframe2(this)\">\r\n      <td>Extracci\u00f3n de aceite de desecho de pescado utilizando CO2 supercr\u00edtico para la producci\u00f3n de biodiesel: Modelado matem\u00e1tico y cin\u00e9tico<\/td>\r\n      <td>Instituto, Licenciados en Educaci\u00f3n<\/td>\r\n      <td>25 minutos<\/td>\r\n      <td>Intermedio Alto<\/td>\r\n    <\/tr>\r\n    \r\n    <tr class=\"clickable-row\" data-url=\"https:\/\/docs.google.com\/presentation\/d\/e\/2PACX-1vQOhpGkvtQ8loakceq_FgjC50rWevpunbvCLwHjdXV9XsnltJjvCVvHxN9u8o2OyQ\/pubembed?start=false&loop=false&delayms=3000\" onclick=\"updateIframe2(this)\">\r\n      <td>Residuos de pescado: del problema al recurso valioso<\/td>\r\n      <td>Instituto, Licenciados en Educaci\u00f3n<\/td>\r\n      <td>45 minutos<\/td>\r\n      <td>Intermedio Alto<\/td>\r\n    <\/tr>\r\n    \r\n    <tr class=\"clickable-row\" data-url=\"https:\/\/docs.google.com\/presentation\/d\/e\/2PACX-1vTmVBIfqNPoKCPfYqDNXIDpyTe7MVDQLaGO9OhVSTEM3R-jR18c7bIh3lGl7Io-tg\/pubembed?start=false&loop=false&delayms=3000\" onclick=\"updateIframe2(this)\">\r\n      <td>Biomaterial derivado de desechos de pescado como soporte para el cero desperdicio y los Objetivos de Desarrollo Sostenible<\/td>\r\n      <td>Secundaria, Estudiantes de Licenciatura<\/td>\r\n      <td>20 minutos<\/td>\r\n      <td>Intermedio Alto<\/td>\r\n    <\/tr>\r\n    \r\n    <tr class=\"clickable-row\" data-url=\"https:\/\/docs.google.com\/presentation\/d\/e\/2PACX-1vTJQjwQnPByYxtveez0ra74EeuVqihIY5d062SkIb5sDOHkEeV6Hv_ibVI50uIywQ\/pubembed?start=false&loop=false&delayms=3000\" onclick=\"updateIframe2(this)\">\r\n      <td>Intensificaci\u00f3n Sostenible de la Acuicultura a trav\u00e9s del Reciclaje de Nutrientes y Econom\u00edas Circulares: M\u00e1s Peces, Menos Desperdicio, Crecimiento Azul<\/td>\r\n      <td>Secundaria, Estudiantes de Licenciatura<\/td>\r\n      <td>45 minutos<\/td>\r\n      <td>Intermedio Alto<\/td>\r\n    <\/tr>\r\n    \r\n    <tr class=\"clickable-row\" data-url=\"https:\/\/docs.google.com\/presentation\/d\/e\/2PACX-1vRvReGwkyMYZ1UHOvaIMpj35ClsqjullVVNe_FIW5AubEPDLDdY8p7EJunmc-DdDg\/pubembed?start=false&loop=false&delayms=3000\" onclick=\"updateIframe2(this)\">\r\n      <td>Desaf\u00edos de P\u00e9rdidas\/Residuos de Pescado y Peces de Bajo Valor: Estado del Arte, Avances y Perspectivas<\/td>\r\n      <td>Instituto, Licenciados en Educaci\u00f3n<\/td>\r\n      <td>35\u00a0minutos<\/td>\r\n      <td>Intermedio Alto<\/td>\r\n    <\/tr>\r\n    \r\n    <tr class=\"clickable-row\" data-url=\"https:\/\/docs.google.com\/presentation\/d\/e\/2PACX-1vTb88YME92e53czHmGpNq57NdaZT4zYpQN7f3UQ0VHFUhIVB4PyYZYCG1EAEyBGyw\/pubembed?start=false&loop=false&delayms=3000\" onclick=\"updateIframe2(this)\">\r\n      <td>Recuperaci\u00f3n de hidrolizado de prote\u00edna y quitosano de las cabezas de camar\u00f3n tigre negro (Penaeus monodon): aproximaci\u00f3n a un proceso de residuo cero<\/td>\r\n      <td>Instituto, Licenciados en Educaci\u00f3n<\/td>\r\n      <td>25 minutos<\/td>\r\n      <td>Intermedio Alto<\/td>\r\n    <\/tr>\r\n    \r\n    <tr class=\"clickable-row\" data-url=\"https:\/\/docs.google.com\/presentation\/d\/e\/2PACX-1vSZh33YbjhELBMIqa8ElErHr2MhNut5kzga3fepz_kOyzydbjxdv2KBWwWp5navnQ\/pubembed?start=false&loop=false&delayms=3000\" onclick=\"updateIframe2(this)\">\r\n      <td>Selecci\u00f3n de Residuos de Cuero Curtido en la Recuperaci\u00f3n de Materias Primas Novedosas para la Fabricaci\u00f3n de Artefactos de Caucho: Hacia una Condici\u00f3n de Cero Residuos<\/td>\r\n      <td>Instituto, Licenciados en Educaci\u00f3n<\/td>\r\n      <td>30 minutos<\/td>\r\n      <td>Intermedio Alto<\/td>\r\n    <\/tr>\r\n     \r\n    <tr class=\"clickable-row\" data-url=\"https:\/\/docs.google.com\/presentation\/d\/e\/2PACX-1vQ0_b_fOON9fNY9YJ-NcqvwsojQ8Va-7w7bldB91pC9hvRWXZ0AoN-krUNzQdMCtg\/pubembed?start=false&loop=false&delayms=3000\" onclick=\"updateIframe2(this)\">\r\n      <td>Fabricaci\u00f3n de Fertilizante Org\u00e1nico L\u00edquido a Partir de Desechos de Pescado en la Aldea de Pedungan, Denpasar<\/td>\r\n      <td>Instituto, Licenciados en Educaci\u00f3n<\/td>\r\n      <td>20 minutos<\/td>\r\n      <td>Intermedio Alto<\/td>\r\n    <\/tr>\r\n     \r\n    <tr class=\"clickable-row\" data-url=\"https:\/\/docs.google.com\/presentation\/d\/e\/2PACX-1vTxRMAAVivxLw-1zTOtiqMSrVxUQPcvZ08ccB0SE9wykcRmF_utHlRnbbh0f6XlOA\/pubembed?start=false&loop=false&delayms=3000\" onclick=\"updateIframe2(this)\">\r\n      <td>El enfoque y mecanismo de eliminaci\u00f3n de sem saturation para la eliminaci\u00f3n de plomo (II) utilizando biosorbente ecol\u00f3gico a partir de residuos de espinas de pescado industriales<\/td>\r\n      <td>Secundaria, Estudiantes de Licenciatura<\/td>\r\n      <td>25 minutos<\/td>\r\n      <td>Intermedio Alto<\/td>\r\n    <\/tr>\r\n     \r\n    <tr class=\"clickable-row\" data-url=\"https:\/\/docs.google.com\/presentation\/d\/e\/2PACX-1vQ-kduH2XvY4jbid7R9ZMMKc06ALk8FciwYSEbNUhnzbeuTkjVmCpokHWK08eaIrg\/pubembed?start=false&loop=false&delayms=3000\" onclick=\"updateIframe2(this)\">\r\n      <td>Evaluaci\u00f3n de residuos de escamas de pescado como adsorbente de bajo costo y ecol\u00f3gico para la eliminaci\u00f3n de un colorante azoico: estudios de equilibrio, cin\u00e9tica y termodin\u00e1mica<\/td>\r\n      <td>Secundaria, Estudiantes de Licenciatura<\/td>\r\n      <td>30 minutos<\/td>\r\n      <td>Intermedio Alto<\/td>\r\n    <\/tr>\r\n\r\n  <\/tbody>\r\n<\/table>\r\n\r\n\t\t\t\t<\/div>\n\t\t\t\t<\/div>\n\t\t\t\t\t<\/div>\n\t\t\t\t<\/div>\n\t\t<div data-particle_enable=\"false\" data-particle-mobile-disabled=\"false\" class=\"elementor-element elementor-element-81daf6e e-flex e-con-boxed e-con e-parent\" data-id=\"81daf6e\" data-element_type=\"container\" data-e-type=\"container\">\n\t\t\t\t\t<div class=\"e-con-inner\">\n\t\t\t\t<div class=\"elementor-element elementor-element-898c297 elementor-widget elementor-widget-eael-lightbox\" data-id=\"898c297\" data-element_type=\"widget\" data-e-type=\"widget\" data-widget_type=\"eael-lightbox.default\">\n\t\t\t\t<div class=\"elementor-widget-container\">\n\t\t\t\t\t\n\n\t\t<div data-lightbox-type=\"lightbox_type_custom_html\" data-lightbox-type-url=\"\" data-lightbox-trigger-pageload=\"1\" data-lightbox-closebtn-color=\"#ffffff\" class=\"eael-lightbox-wrapper\" data-trigger=\"eael_lightbox_trigger_external\" data-lightbox-id=\"lightbox_69f0ddba898e7\" data-type=\"inline\" data-src=\"#eael-lightbox-window-69f0ddba898e7\" data-popup-layout=\"eael-lightbox-popup-standard\" data-main-class=\"eael-lightbox-modal-popup-898c297\" data-close_button=\"yes\" data-esc_exit=\"yes\" data-click_exit=\"yes\" data-effect=\"animated mfp-zoom-in\" data-trigger-element=\"#open-popup\">\n\t\t\t<div class=\"eael-lightbox-btn\">\n\t\t\t\t\t\t\t<\/div><!-- close .eael-lightbox-btn -->\n\t\t<\/div>\n\n\t\t<div class=\"eael-lightbox-popup-window eael-lightbox-popup-window-898c297 lightbox_type_custom_html\" id=\"eael-lightbox-window-69f0ddba898e7\">\n\t\t\t<div class=\"eael-lightbox-container\">\n\t\t\t\t<iframe id=\"mainFrame\" src=\"about:blank\" width=\"100%\" height=\"800px\" style=\"background:black;\"><\/iframe>\r\n\r\n<script>\r\nfunction updateIframe2(row) {\r\n  \/\/ Pull the URL from the data-url attribute of the clicked row\r\n  const url = row.getAttribute('data-url');\r\n  document.getElementById('mainFrame').src = url;\r\n}\r\n<\/script>\n\n\t\t\t<\/div>\n\t\t<\/div>\n\t\t\t\t<\/div>\n\t\t\t\t<\/div>\n\t\t\t\t\t<\/div>\n\t\t\t\t<\/div>\n\t\t\t\t<\/div>","protected":false},"excerpt":{"rendered":"<p>Fertilizers are the fundamental input required to replenish soil nutrients and maximize crop yields. By providing essential elements like Nitrogen (N), Phosphorus (P), and Potassium (K), fertilizers allow farmers to produce more food on less land. The focus of the industry has shifted toward precision agriculture, using specialized formulas that release nutrients slowly to prevent [&hellip;]<\/p>\n","protected":false},"author":1,"featured_media":0,"parent":2467,"menu_order":3,"comment_status":"closed","ping_status":"closed","template":"","meta":{"iawp_total_views":34,"footnotes":""},"class_list":["post-3182","page","type-page","status-publish","hentry"],"_links":{"self":[{"href":"https:\/\/impress-he.eu\/es\/wp-json\/wp\/v2\/pages\/3182","targetHints":{"allow":["GET"]}}],"collection":[{"href":"https:\/\/impress-he.eu\/es\/wp-json\/wp\/v2\/pages"}],"about":[{"href":"https:\/\/impress-he.eu\/es\/wp-json\/wp\/v2\/types\/page"}],"author":[{"embeddable":true,"href":"https:\/\/impress-he.eu\/es\/wp-json\/wp\/v2\/users\/1"}],"replies":[{"embeddable":true,"href":"https:\/\/impress-he.eu\/es\/wp-json\/wp\/v2\/comments?post=3182"}],"version-history":[{"count":22,"href":"https:\/\/impress-he.eu\/es\/wp-json\/wp\/v2\/pages\/3182\/revisions"}],"predecessor-version":[{"id":3254,"href":"https:\/\/impress-he.eu\/es\/wp-json\/wp\/v2\/pages\/3182\/revisions\/3254"}],"up":[{"embeddable":true,"href":"https:\/\/impress-he.eu\/es\/wp-json\/wp\/v2\/pages\/2467"}],"wp:attachment":[{"href":"https:\/\/impress-he.eu\/es\/wp-json\/wp\/v2\/media?parent=3182"}],"curies":[{"name":"wp","href":"https:\/\/api.w.org\/{rel}","templated":true}]}}