{"id":433,"date":"2023-06-19T13:02:14","date_gmt":"2023-06-19T13:02:14","guid":{"rendered":"https:\/\/impress-he.eu\/?page_id=433"},"modified":"2023-06-20T06:32:20","modified_gmt":"2023-06-20T06:32:20","slug":"cookies-policy","status":"publish","type":"page","link":"https:\/\/impress-he.eu\/es\/cookies-policy\/","title":{"rendered":"Pol\u00edtica de cookies"},"content":{"rendered":"<div data-elementor-type=\"wp-page\" data-elementor-id=\"433\" class=\"elementor elementor-433\" data-elementor-post-type=\"page\">\n\t\t\t\t\t\t<section data-particle_enable=\"false\" data-particle-mobile-disabled=\"false\" class=\"elementor-section elementor-top-section elementor-element elementor-element-5f99e0a9 elementor-section-boxed elementor-section-height-default elementor-section-height-default\" data-id=\"5f99e0a9\" data-element_type=\"section\" data-e-type=\"section\">\n\t\t\t\t\t\t<div class=\"elementor-container elementor-column-gap-default\">\n\t\t\t\t\t<div class=\"elementor-column elementor-col-100 elementor-top-column elementor-element elementor-element-af31014\" data-id=\"af31014\" data-element_type=\"column\" data-e-type=\"column\">\n\t\t\t<div class=\"elementor-widget-wrap elementor-element-populated\">\n\t\t\t\t\t\t<div class=\"elementor-element elementor-element-4cb68caa elementor-widget elementor-widget-text-editor\" data-id=\"4cb68caa\" data-element_type=\"widget\" data-e-type=\"widget\" data-widget_type=\"text-editor.default\">\n\t\t\t\t<div class=\"elementor-widget-container\">\n\t\t\t\t\t\t\t\t\t\n<h4><strong>\u00bfQu\u00e9 son las cookies?<\/strong><\/h4>\n<p>\u201cLas \u201dcookies\" son peque\u00f1os archivos de texto que se almacenan en su ordenador a trav\u00e9s del navegador de Internet, conservando \u00fanicamente informaci\u00f3n relacionada con sus preferencias y no incluyendo, por tanto, sus datos personales.<\/p>\n<p>&nbsp;<\/p>\n<h4><strong>\u00bfPara qu\u00e9 sirven las cookies?<\/strong><\/h4>\n<p>Las cookies ayudan a determinar la utilidad, el inter\u00e9s y el n\u00famero de usos de sus sitios web, lo que permite una navegaci\u00f3n m\u00e1s r\u00e1pida y eficaz, eliminando la necesidad de introducir repetidamente la misma informaci\u00f3n.<\/p>\n<p>&nbsp;<\/p>\n<h4><strong>\u00bfQu\u00e9 tipo de Cookies utilizamos?<\/strong><\/h4>\n<p>Existen dos grupos de cookies que pueden utilizarse:<\/p>\n<p><strong>Cookies permanentes:<\/strong>\u00a0Son cookies que se almacenan en el navegador de su equipo de acceso (PC, m\u00f3vil y tableta) y se utilizan siempre que visita nuestro sitio web m\u00e1s de una vez. Generalmente se utilizan para dirigir la navegaci\u00f3n a los intereses del usuario, lo que nos permite ofrecer un servicio m\u00e1s personalizado.<\/p>\n<p><strong>Cookies de sesi\u00f3n:<\/strong>\u00a0Se trata de cookies temporales que permanecen en el archivo de cookies de su navegador hasta que abandona el sitio web. La informaci\u00f3n obtenida por medio de estas cookies sirve para analizar pautas de tr\u00e1fico en la web, lo que nos permite identificar problemas y ofrecer una mejor experiencia de navegaci\u00f3n.<\/p>\n<p>&nbsp;<\/p>\n<h4><strong>\u00bfPara qu\u00e9 fines utilizamos las cookies?<\/strong><\/h4>\n<p><strong>Cookies estrictamente necesarias<\/strong><\/p>\n<p>Le permiten navegar por el sitio web y utilizar sus aplicaciones, as\u00ed como acceder a zonas seguras del sitio web. Sin estas cookies, no se pueden prestar los servicios que ha solicitado.<\/p>\n<p><strong>Cookies funcionales<\/strong><\/p>\n<p>Almacenan las preferencias del usuario para el uso del sitio, de modo que no tenga que reconfigurarlo cada vez que lo visite.<\/p>\n<p><strong>Cookies publicitarias<\/strong><\/p>\n<p>Dirigen la publicidad en funci\u00f3n de los intereses de cada usuario para orientar las campa\u00f1as publicitarias, teniendo en cuenta los gustos de los usuarios, y tambi\u00e9n limitan el n\u00famero de veces que se ve el anuncio, lo que ayuda a medir la eficacia de la publicidad y el \u00e9xito de la organizaci\u00f3n del sitio web.<\/p>\n<p>&nbsp;<\/p>\n<h4><strong>\u00bfC\u00f3mo gestionar las cookies?<\/strong><\/h4>\n<p> <a class=\"cky-banner-element\">Configuraci\u00f3n de cookies<\/a> <br\/><\/p>\n<div>\n<p>Puede cambiar sus preferencias sobre cookies en cualquier momento haciendo clic en el bot\u00f3n anterior. Esto le permitir\u00e1 volver a visitar el banner de consentimiento de cookies y cambiar sus preferencias o retirar su consentimiento de inmediato.<\/p>\n<p>Adem\u00e1s, los distintos navegadores ofrecen diferentes m\u00e9todos para bloquear y eliminar las cookies utilizadas por los sitios web. Puede cambiar la configuraci\u00f3n de su navegador para bloquear\/eliminar las cookies. A continuaci\u00f3n encontrar\u00e1 los enlaces a los documentos de ayuda sobre c\u00f3mo gestionar y eliminar las cookies de los principales navegadores web.<\/p>\n<ul>\n<li>Cromo:\u00a0<a href=\"https:\/\/support.google.com\/accounts\/answer\/32050\" target=\"_blank\" rel=\"noopener\">https:\/\/support.google.com\/accounts\/answer\/32050<\/a><\/li>\n<li>Safari:\u00a0<a href=\"https:\/\/support.apple.com\/en-in\/guide\/safari\/sfri11471\/mac\" target=\"_blank\" rel=\"noopener\">https:\/\/support.apple.com\/en-in\/guide\/safari\/sfri11471\/mac<\/a><\/li>\n<li>Firefox:\u00a0<a href=\"https:\/\/support.mozilla.org\/en-US\/kb\/clear-cookies-and-site-data-firefox?redirectslug=delete-cookies-remove-info-websites-stored&amp;redirectlocale=en-US\" target=\"_blank\" rel=\"noopener\">https:\/\/support.mozilla.org\/en-US\/kb\/clear-cookies-and-site-data-firefox?redirectslug=delete-cookies-remove-info-websites-stored&amp;redirectlocale=en-US<\/a><\/li>\n<li>Internet Explorer:\u00a0<a href=\"https:\/\/support.microsoft.com\/en-us\/topic\/how-to-delete-cookie-files-in-internet-explorer-bca9446f-d873-78de-77ba-d42645fa52fc\" target=\"_blank\" rel=\"noopener\">https:\/\/support.microsoft.com\/en-us\/topic\/how-to-delete-cookie-files-in-internet-explorer-bca9446f-d873-78de-77ba-d42645fa52fc<\/a><\/li>\n<\/ul>\n<p>Si utiliza cualquier otro navegador, consulte la documentaci\u00f3n oficial de su navegador.<\/p>\n<\/div>\n<p>Todos los navegadores permiten a los usuarios aceptar, rechazar o eliminar cookies, en particular seleccionando la configuraci\u00f3n adecuada en su navegador. Puede configurar las cookies en el men\u00fa \u201copciones\u201d o \u201cpreferencias\u201d de su navegador.<\/p>\n<p>Tenga en cuenta, no obstante, que al desactivar las cookies puede impedir el correcto funcionamiento de determinados servicios web, afectando parcial o totalmente a la navegaci\u00f3n por el sitio web.<\/p>\n<h4>\u00a0<\/h4>\n<h4><strong>\u00bfQu\u00e9 ocurre cuando se desactivan las cookies?<\/strong>\u00a0<\/h4>\n<p>Algunas funciones y servicios pueden dejar de funcionar o comportarse de forma inesperada, como la identificaci\u00f3n del usuario en determinadas p\u00e1ginas o la recepci\u00f3n de informaci\u00f3n que tenga en cuenta la ubicaci\u00f3n del usuario, entre otras.<\/p>\n<p>Si desactiva las cookies de esta p\u00e1gina web, es posible que no tenga acceso a determinadas \u00e1reas o que la calidad de su experiencia de navegaci\u00f3n sea considerablemente inferior.<\/p>\n<h4>\u00a0<\/h4>\n<h4><strong>Cookies utilizadas en esta p\u00e1gina web<\/strong><\/h4>\n<p>Utilizamos herramientas como Google Analytics para comprender mejor c\u00f3mo interact\u00faan los visitantes con nuestro sitio web. Esto nos proporciona informaci\u00f3n importante para que el sitio funcione mejor. La informaci\u00f3n recopilada no est\u00e1 vinculada a sus datos personales.<\/p>\n<p>Para obtener m\u00e1s informaci\u00f3n sobre las cookies instaladas por Google Analytics, visite:\u00a0<a href=\"https:\/\/code.google.com\/apis\/analytics\/docs\/concepts\/gaConceptsCookies.html\">http:\/\/code.google.com\/apis\/analytics\/docs\/concepts\/gaConceptsCookies.html<\/a>\u00a0\u00a0\u00a0\u00a0<\/p>\n<p>Se utilizan las siguientes cookies:<\/p>\n<div class=\"cky-audit-table-element\"><\/div>\n<h4><strong>Garant\u00edas adicionales y retirada de la aceptaci\u00f3n<\/strong><\/h4>\n<p>El proyecto IMPRESS no se hace responsable del contenido y veracidad de las pol\u00edticas de privacidad de los componentes de terceros que puedan estar incluidos en esta p\u00e1gina web.<\/p>\n<p>Como garant\u00eda adicional, el registro de cookies en este sitio web puede estar sujeto a la aceptaci\u00f3n de los usuarios durante su visita a la p\u00e1gina web y a la instalaci\u00f3n o actualizaci\u00f3n del navegador utilizado. Esta aceptaci\u00f3n podr\u00e1 ser revocada en cualquier momento en la configuraci\u00f3n de contenidos y privacidad, tal y como se define anteriormente en el punto 5 de esta pol\u00edtica, o utilizando el enlace que aparece al final de esta p\u00e1gina.<\/p>\n<p>&nbsp;<\/p>\n<h4><strong>Actualizaci\u00f3n de la pol\u00edtica de cookies<\/strong><\/h4>\n<p>IMPRESS project puede modificar esta pol\u00edtica de cookies en funci\u00f3n de exigencias legislativas, reglamentarias, o adaptando dicha pol\u00edtica a las nuevas instrucciones dictadas por la ley.<\/p>\n<p>Siempre que se produzcan cambios significativos en esta pol\u00edtica de cookies, se notificar\u00e1n a los usuarios de la p\u00e1gina web.<\/p>\n<p>&nbsp;<\/p>\n<h4><strong>M\u00e1s informaci\u00f3n sobre las cookies<\/strong><\/h4>\n<p>Encontrar\u00e1 m\u00e1s informaci\u00f3n sobre las cookies en este enlace:\u00a0<a href=\"http:\/\/www.allaboutcookies.org\/\">www.allaboutcookies.org<\/a><\/p>\n\t\t\t\t\t\t\t\t<\/div>\n\t\t\t\t<\/div>\n\t\t\t\t\t<\/div>\n\t\t<\/div>\n\t\t\t\t\t<\/div>\n\t\t<\/section>\n\t\t\t\t<\/div>","protected":false},"excerpt":{"rendered":"<p>What are Cookies? \u201cCookies\u201d are small text files that are stored on your computer through the Internet browser, only retaining information related to your preferences and therefore not including your personal data. &nbsp; What are Cookies for? Cookies help determine the usefulness, interest and number of uses of your websites, allowing for faster and more [&hellip;]<\/p>\n","protected":false},"author":1,"featured_media":0,"parent":0,"menu_order":0,"comment_status":"closed","ping_status":"closed","template":"","meta":{"iawp_total_views":34,"footnotes":""},"class_list":["post-433","page","type-page","status-publish","hentry"],"_links":{"self":[{"href":"https:\/\/impress-he.eu\/es\/wp-json\/wp\/v2\/pages\/433","targetHints":{"allow":["GET"]}}],"collection":[{"href":"https:\/\/impress-he.eu\/es\/wp-json\/wp\/v2\/pages"}],"about":[{"href":"https:\/\/impress-he.eu\/es\/wp-json\/wp\/v2\/types\/page"}],"author":[{"embeddable":true,"href":"https:\/\/impress-he.eu\/es\/wp-json\/wp\/v2\/users\/1"}],"replies":[{"embeddable":true,"href":"https:\/\/impress-he.eu\/es\/wp-json\/wp\/v2\/comments?post=433"}],"version-history":[{"count":26,"href":"https:\/\/impress-he.eu\/es\/wp-json\/wp\/v2\/pages\/433\/revisions"}],"predecessor-version":[{"id":464,"href":"https:\/\/impress-he.eu\/es\/wp-json\/wp\/v2\/pages\/433\/revisions\/464"}],"wp:attachment":[{"href":"https:\/\/impress-he.eu\/es\/wp-json\/wp\/v2\/media?parent=433"}],"curies":[{"name":"wp","href":"https:\/\/api.w.org\/{rel}","templated":true}]}}