{"id":3,"date":"2023-05-04T10:48:41","date_gmt":"2023-05-04T10:48:41","guid":{"rendered":"https:\/\/impress-he.eu\/?page_id=3"},"modified":"2024-07-07T11:25:34","modified_gmt":"2024-07-07T11:25:34","slug":"privacy-policy","status":"publish","type":"page","link":"https:\/\/impress-he.eu\/fr\/privacy-policy\/","title":{"rendered":"Politique de confidentialit\u00e9"},"content":{"rendered":"<div data-elementor-type=\"wp-page\" data-elementor-id=\"3\" class=\"elementor elementor-3\" data-elementor-post-type=\"page\">\n\t\t\t\t\t\t<section data-particle_enable=\"false\" data-particle-mobile-disabled=\"false\" class=\"elementor-section elementor-top-section elementor-element elementor-element-14f04574 elementor-section-boxed elementor-section-height-default elementor-section-height-default\" data-id=\"14f04574\" data-element_type=\"section\" data-e-type=\"section\">\n\t\t\t\t\t\t<div class=\"elementor-container elementor-column-gap-default\">\n\t\t\t\t\t<div class=\"elementor-column elementor-col-100 elementor-top-column elementor-element elementor-element-4b70c5a\" data-id=\"4b70c5a\" data-element_type=\"column\" data-e-type=\"column\">\n\t\t\t<div class=\"elementor-widget-wrap elementor-element-populated\">\n\t\t\t\t\t\t<div class=\"elementor-element elementor-element-4f254933 elementor-widget elementor-widget-text-editor\" data-id=\"4f254933\" data-element_type=\"widget\" data-e-type=\"widget\" data-widget_type=\"text-editor.default\">\n\t\t\t\t<div class=\"elementor-widget-container\">\n\t\t\t\t\t\t\t\t\t<h2><strong>Politique de confidentialit\u00e9<\/strong><\/h2>\n<p>Cette politique de confidentialit\u00e9 r\u00e9git l'utilisation de vos donn\u00e9es personnelles par le projet IMPRESS - ce projet a re\u00e7u un financement du programme Horizon Europe de l'Union europ\u00e9enne dans le cadre de la convention de subvention n\u00b0 101084437 ; communiquer avec nous par e-mail, t\u00e9l\u00e9phone, le formulaire de contact disponible sur le site Web et nos canaux de m\u00e9dias sociaux ; par exemple LinkedIn, Twitter, Facebook, YouTube, SlideShare (ci-apr\u00e8s d\u00e9nomm\u00e9s \u201ccanaux de m\u00e9dias sociaux\u201d) ; ou interagir avec nous lors de foires et d'\u00e9v\u00e9nements.<\/p>\n<p>REMARQUE : Si vous souhaitez obtenir des informations sur la mani\u00e8re dont nous traitons les donn\u00e9es \u00e0 caract\u00e8re personnel par le biais de cookies sur notre site web, nous vous renvoyons \u00e0 notre politique en mati\u00e8re de cookies.<\/p>\n<h4><strong> Qui est responsable du traitement de vos donn\u00e9es personnelles ?<\/strong><\/h4>\n<p>1.1 Vos donn\u00e9es personnelles sont trait\u00e9es par Reframe.food, partenaire de diffusion et de communication du projet IMPRESS - ce projet a re\u00e7u un financement du programme Horizon Europe de l'Union europ\u00e9enne dans le cadre de la convention de subvention n\u00b0 101084437. Vous pouvez nous contacter par e-mail \u00e0 l'adresse info@impress-he.eu.<\/p>\n<p>1.2 Reframe.food se r\u00e9serve le droit de modifier, de changer ou d'amender cette politique de confidentialit\u00e9 \u00e0 sa propre discr\u00e9tion et de temps \u00e0 autre. Ces modifications, changements ou amendements seront communiqu\u00e9s par l'interm\u00e9diaire du site Web. En cas de questions ou de commentaires concernant les modifications, changements ou amendements, vous pouvez nous en informer en envoyant un e-mail \u00e0 info@impress-he.eu.<\/p>\n<h4><strong> Quelles cat\u00e9gories de donn\u00e9es personnelles traitons-nous ?<\/strong><\/h4>\n<p>2.1 Lorsque vous remplissez le formulaire de contact sur notre site Web, ou que vous nous contactez par e-mail, par t\u00e9l\u00e9phone ou par les canaux de m\u00e9dias sociaux, nous collectons :<\/p>\n<ul>\n<li>les informations d'identit\u00e9 de base que vous nous fournissez, telles que le nom, l'adresse \u00e9lectronique, l'adresse postale, le num\u00e9ro de t\u00e9l\u00e9phone, l'entreprise pour laquelle vous travaillez, votre fonction ;<\/li>\n<li>le contenu de votre communication et les d\u00e9tails techniques de la communication elle-m\u00eame (avec qui vous correspondez, la date et l'heure, etc ;);<\/li>\n<li>vos pr\u00e9f\u00e9rences concernant la r\u00e9ception de nos communications par courrier \u00e9lectronique, telles que les bulletins d'information, les publicit\u00e9s, etc ;<\/li>\n<li>les donn\u00e9es d'identification \u00e9lectronique, telles que l'adresse IP ;<\/li>\n<li>les informations accessibles au public concernant votre profil sur les canaux de m\u00e9dias sociaux et toute autre donn\u00e9e personnelle que vous choisissez de nous fournir.<\/li>\n<\/ul>\n<p>2.2 Lorsque vous nous laissez votre carte de visite ou que vous interagissez avec nous lors de foires et d'\u00e9v\u00e9nements auxquels nous participons, nous pouvons collecter des donn\u00e9es :<\/p>\n<ul>\n<li>les informations d'identit\u00e9 de base que vous nous fournissez, telles que le nom, l'adresse \u00e9lectronique, l'adresse postale, le num\u00e9ro de t\u00e9l\u00e9phone, l'entreprise pour laquelle vous travaillez, votre fonction (c'est-\u00e0-dire lorsque ces informations sont fournies par vous ou figurent sur votre carte de visite) ;<\/li>\n<li>votre image.<\/li>\n<\/ul>\n<h4><strong> Dans quel but utilisons-nous vos donn\u00e9es personnelles ?<\/strong><\/h4>\n<p>3.1 Reframe.food traite vos donn\u00e9es personnelles pour vous fournir de mani\u00e8re personnalis\u00e9e et efficace les informations, produits et\/ou services que vous demandez via le site Web, le courrier \u00e9lectronique, le t\u00e9l\u00e9phone, les canaux de m\u00e9dias sociaux et les foires et \u00e9v\u00e9nements.<\/p>\n<p>3.2 Reframe.food traite vos donn\u00e9es personnelles pour communiquer avec vous \u00e0 la suite de notre contact lors d'un salon et\/ou d'un \u00e9v\u00e9nement ou \u00e0 la suite de votre approche via le site Web, le courrier \u00e9lectronique, le t\u00e9l\u00e9phone ou l'un de nos canaux de m\u00e9dias sociaux.<\/p>\n<p>3.3 Reframe.food traite vos donn\u00e9es personnelles pour effectuer des analyses statistiques afin d'am\u00e9liorer notre site Web, nos produits et services ou de d\u00e9velopper de nouveaux produits et services.<\/p>\n<p>3.4 Reframe.food traite vos donn\u00e9es personnelles pour se conformer \u00e0 des obligations l\u00e9gales ou pour r\u00e9pondre \u00e0 toute demande raisonnable \u00e9manant d'agents ou de repr\u00e9sentants comp\u00e9tents charg\u00e9s de l'application de la loi, d'autorit\u00e9s judiciaires, d'agences ou d'organismes gouvernementaux, y compris les autorit\u00e9s comp\u00e9tentes en mati\u00e8re de protection des donn\u00e9es. Vos donn\u00e9es personnelles peuvent \u00eatre transf\u00e9r\u00e9es de la propre initiative de Reframe.food \u00e0 la police ou aux autorit\u00e9s judiciaires \u00e0 titre de preuve ou s'il existe des soup\u00e7ons justifi\u00e9s d'un acte ill\u00e9gal ou d'un crime commis par vous dans le cadre de votre inscription ou de votre utilisation du site Web, de nos canaux de m\u00e9dias sociaux ou de toute autre communication avec nous.<\/p>\n<p>3.5 Reframe.food peut traiter vos donn\u00e9es personnelles pour la pr\u00e9servation des int\u00e9r\u00eats l\u00e9gitimes du projet IMPRESS, de ses partenaires ou d'un tiers si et lorsque votre inscription ou votre utilisation du site Internet, des canaux de m\u00e9dias sociaux ou d'autres canaux de communication peut \u00eatre consid\u00e9r\u00e9e comme (a) une violation des conditions d'utilisation applicables ou des droits de propri\u00e9t\u00e9 intellectuelle ou de tout autre droit d'un tiers, (b) une menace pour la s\u00e9curit\u00e9 ou l'int\u00e9grit\u00e9 du site Internet, (c) un danger pour le site Internet ou tout syst\u00e8me sous-jacent d'IMPRESS project ou de ses sous-traitants en raison de virus, chevaux de Troie, logiciels espions, logiciels malveillants ou toute autre forme de code malveillant, ou (d) de quelque mani\u00e8re que ce soit haineux, obsc\u00e8ne, discriminatoire, raciste, calomnieux, malveillant, blessant ou de quelque mani\u00e8re que ce soit inappropri\u00e9 ou ill\u00e9gal.<\/p>\n<p>3.6 Reframe.food traite vos donn\u00e9es personnelles mentionn\u00e9es dans les clauses 2.1 et 2.2 ci-dessus \u00e0 des fins de marketing, c'est-\u00e0-dire pour vous fournir des communications cibl\u00e9es, des promotions, des offres et d'autres publicit\u00e9s du projet IMPRESS et de partenaires s\u00e9lectionn\u00e9s. IMPRESS project ne vous enverra des communications, des promotions, des offres, des bulletins d'information et d'autres publicit\u00e9s par courrier \u00e9lectronique ou par d'autres canaux de communication \u00e9lectronique de personne \u00e0 personne que si vous avez explicitement consenti \u00e0 recevoir ces communications, bulletins d'information et autres publicit\u00e9s.<\/p>\n<h4><strong> Pourquoi le traitement de vos donn\u00e9es personnelles est-il l\u00e9gitime ?<\/strong><\/h4>\n<p>4.1 Pour le traitement de vos donn\u00e9es \u00e0 caract\u00e8re personnel aux fins d\u00e9crites \u00e0 la clause 3.1, nous vous demandons votre consentement.<\/p>\n<p>4.2 Le traitement de vos donn\u00e9es \u00e0 caract\u00e8re personnel aux fins d\u00e9crites dans la clause 3.4 est n\u00e9cessaire pour permettre au projet IMPRESS de se conformer \u00e0 ses obligations l\u00e9gales.<\/p>\n<p>4.3 Le traitement de vos donn\u00e9es personnelles aux fins d\u00e9crites dans les clauses 3.2, 3.3 et 3.6 est n\u00e9cessaire aux fins des int\u00e9r\u00eats l\u00e9gitimes du projet IMPRESS, qui sont les suivants :<\/p>\n<ul>\n<li>\u00eatre en mesure de r\u00e9pondre de mani\u00e8re appropri\u00e9e \u00e0 vos demandes d'information et autres demandes ;<\/li>\n<li>communiquer vos donn\u00e9es personnelles \u00e0 nos partenaires du projet IMPRESS afin de vous fournir des informations ad\u00e9quates ;<\/li>\n<li>nous permettre de nous d\u00e9fendre dans le cadre d'une proc\u00e9dure judiciaire ;<\/li>\n<li>l'am\u00e9lioration continue du site web, de nos cha\u00eenes de m\u00e9dias sociaux, de nos produits et de nos services afin de vous garantir la meilleure exp\u00e9rience possible ;<\/li>\n<li>pr\u00e9server notre site Web, nos canaux de m\u00e9dias sociaux, nos produits et nos services de toute utilisation abusive et de toute activit\u00e9 ill\u00e9gale ;<\/li>\n<li>pr\u00e9server nos int\u00e9r\u00eats et nos besoins commerciaux et d'affaires \u00e0 la lumi\u00e8re de l'\u00e9volution des conditions du march\u00e9.<\/li>\n<li>le marketing et la promotion de nos produits, de nos services, de nos marques la r\u00e9ussite globale de la commercialisation de nos produits et de nos services.<\/li>\n<\/ul>\n<p>4.4 Pour le traitement de vos donn\u00e9es personnelles aux fins d\u00e9crites dans la clause 3.1, Reframe.food, en tant que partie responsable, vous demande votre consentement. En acceptant que nous traitions vos donn\u00e9es personnelles pour vous envoyer des communications, des promotions, des offres, des bulletins d'information et d'autres publicit\u00e9s par courrier \u00e9lectronique ou par d'autres canaux de communication \u00e9lectronique de personne \u00e0 personne, vous acceptez que nous soyons autoris\u00e9s \u00e0 traiter vos donn\u00e9es personnelles \u00e0 cette fin de la mani\u00e8re et dans les conditions d\u00e9crites dans la pr\u00e9sente politique de confidentialit\u00e9.<\/p>\n<h4><strong> Quelles sont nos garanties de qualit\u00e9 ?<\/strong><\/h4>\n<p>5.1 Reframe.food fait tout son possible pour traiter uniquement les donn\u00e9es personnelles qui sont n\u00e9cessaires pour atteindre les objectifs \u00e9num\u00e9r\u00e9s dans la finalit\u00e9 du traitement.<\/p>\n<p>5.2 Vos donn\u00e9es personnelles sont trait\u00e9es uniquement pendant la dur\u00e9e n\u00e9cessaire aux fins \u00e9num\u00e9r\u00e9es ci-dessus ou jusqu'au moment o\u00f9 vous retirez votre consentement au traitement. Reframe.food d\u00e9personnalisera vos donn\u00e9es personnelles lorsqu'elles ne seront plus n\u00e9cessaires aux fins d\u00e9crites dans l'objet du traitement, \u00e0 moins qu'il n'y ait un probl\u00e8me de confidentialit\u00e9 :<\/p>\n<ul>\n<li>un int\u00e9r\u00eat sup\u00e9rieur du projet IMPRESS ou de tout autre tiers \u00e0 ce que vos donn\u00e9es personnelles restent identifiables ;<\/li>\n<li>une obligation l\u00e9gale ou r\u00e9glementaire ou une injonction judiciaire ou administrative qui emp\u00eache IMPRESS project de les d\u00e9sidentifier.<\/li>\n<\/ul>\n<p>5.3 Reframe.food prend toutes les mesures techniques et organisationnelles appropri\u00e9es pour prot\u00e9ger vos donn\u00e9es personnelles contre l'acc\u00e8s non autoris\u00e9 ou le vol, ainsi que contre la perte accidentelle, l'alt\u00e9ration ou la destruction. L'acc\u00e8s par le personnel de Reframe.food ou de ses sous-traitants tiers se fera uniquement sur la base du besoin de savoir et sera soumis \u00e0 des obligations de confidentialit\u00e9 strictes.<\/p>\n<h4><strong> Quels sont vos droits ?<\/strong><\/h4>\n<p>6.1 Vous avez le droit de demander l'acc\u00e8s \u00e0 toutes les donn\u00e9es personnelles trait\u00e9es par Reframe.food vous concernant. Reframe.food se r\u00e9serve le droit de facturer des frais administratifs pour les demandes d'acc\u00e8s multiples et ult\u00e9rieures qui sont clairement soumises pour causer des nuisances ou des pr\u00e9judices au projet IMPRESS.<\/p>\n<p>6.2 Vous avez le droit de demander que les donn\u00e9es \u00e0 caract\u00e8re personnel vous concernant qui sont inexactes soient rectifi\u00e9es gratuitement. En cas de demande de rectification, celle-ci doit \u00eatre accompagn\u00e9e d'une preuve du caract\u00e8re erron\u00e9 des donn\u00e9es dont la rectification est demand\u00e9e.<\/p>\n<p>6.3 Vous avez le droit de retirer le consentement que vous avez donn\u00e9 ant\u00e9rieurement en vertu de la clause 4.4 pour le traitement de vos donn\u00e9es \u00e0 caract\u00e8re personnel.<\/p>\n<p>6.4 Vous avez le droit de demander que les donn\u00e9es personnelles vous concernant soient supprim\u00e9es si elles ne sont plus n\u00e9cessaires \u00e0 la lumi\u00e8re des objectifs d\u00e9crits ci-dessus ou si vous retirez votre consentement au traitement de ces donn\u00e9es. Cependant, vous devez garder \u00e0 l'esprit qu'une demande de suppression sera \u00e9valu\u00e9e par Reframe.food par rapport \u00e0 :<\/p>\n<ul>\n<li>les int\u00e9r\u00eats pr\u00e9pond\u00e9rants du projet IMPRESS ou de tout autre tiers ;<\/li>\n<li>les obligations l\u00e9gales ou r\u00e9glementaires ou les injonctions administratives ou judiciaires qui pourraient s'opposer \u00e0 cette suppression.<br \/>Au lieu de la suppression, vous pouvez \u00e9galement demander que Reframe.food limite le traitement de vos donn\u00e9es personnelles si et quand (a) vous contestez l'exactitude de ces donn\u00e9es, (b) le traitement est ill\u00e9gitime ou (c) les donn\u00e9es ne sont plus n\u00e9cessaires aux fins d\u00e9crites ci-dessus, mais vous en avez besoin pour vous d\u00e9fendre dans le cadre d'une proc\u00e9dure judiciaire.<\/li>\n<\/ul>\n<p>6.5 Vous avez le droit de vous opposer au traitement des donn\u00e9es \u00e0 caract\u00e8re personnel si vous pouvez prouver qu'il existe des raisons s\u00e9rieuses et justifi\u00e9es tenant \u00e0 votre situation particuli\u00e8re qui justifient une telle opposition. Toutefois, si le traitement envisag\u00e9 est qualifi\u00e9 de marketing direct, vous avez le droit de vous opposer \u00e0 ce traitement gratuitement et sans justification.<\/p>\n<p>6.6 Vous avez le droit de recevoir de notre part, dans un format structur\u00e9, couramment utilis\u00e9 et lisible par machine, toutes les donn\u00e9es \u00e0 caract\u00e8re personnel que vous nous avez fournies.<\/p>\n<p>6.7 Si vous souhaitez soumettre une demande d'exercice d'un ou de plusieurs des droits \u00e9num\u00e9r\u00e9s ci-dessus, vous pouvez envoyer un courrier \u00e9lectronique \u00e0 info@impress-he.eu pour toutes les questions relatives aux droits des personnes concern\u00e9es. Un courriel demandant l'exercice d'un droit ne doit pas \u00eatre interpr\u00e9t\u00e9 comme un consentement au traitement de vos donn\u00e9es \u00e0 caract\u00e8re personnel au-del\u00e0 de ce qui est n\u00e9cessaire pour traiter votre demande. Cette demande doit clairement indiquer et pr\u00e9ciser le droit que vous souhaitez exercer et les raisons qui le justifient, si cela est n\u00e9cessaire. Elle doit \u00e9galement \u00eatre dat\u00e9e et sign\u00e9e et accompagn\u00e9e d'une copie num\u00e9ris\u00e9e de votre carte d'identit\u00e9 valide prouvant votre identit\u00e9.<br \/>IMPRESS project vous informera rapidement de la r\u00e9ception de cette demande. Si la demande s'av\u00e8re valable, IMPRESS project la notifiera d\u00e8s que raisonnablement possible et au plus tard trente (30) jours apr\u00e8s avoir re\u00e7u la demande.<\/p>\n<p><br \/>Si vous avez une plainte concernant le traitement de vos donn\u00e9es personnelles par Reframe.food, vous pouvez toujours contacter IMPRESS project via l'adresse e-mail mentionn\u00e9e dans le premier paragraphe de cette clause. Si vous restez insatisfait de la r\u00e9ponse d'IMPRESS project, vous \u00eates libre de d\u00e9poser une plainte aupr\u00e8s de l'autorit\u00e9 comp\u00e9tente en mati\u00e8re de protection des donn\u00e9es, c'est-\u00e0-dire l'autorit\u00e9 de protection des donn\u00e9es du pays o\u00f9 vous r\u00e9sidez ou l'Autorit\u00e9 hell\u00e9nique de protection des donn\u00e9es (A\u03c1\u03c7\u03ae \u03a0\u03c1\u03bf\u03c3\u03c4\u03b1\u03c3\u03af\u03b1\u03c2 \u0394\u03b5\u03b4\u03bf\u03bc\u03ad\u03bd\u03c9\u03bd \u03a0\u03c1\u03bf\u03c3\u03c9\u03c0\u03b9\u03ba\u03bf\u03cd \u03a7\u03b1\u03c1\u03b1\u03ba\u03c4\u03ae\u03c1\u03b1). Pour plus d'informations, consultez le site <a href=\"https:\/\/www.dpa.gr\/en\">https:\/\/www.dpa.gr\/en<\/a> .<\/p>\n<p>\u00a0<\/p>\t\t\t\t\t\t\t\t<\/div>\n\t\t\t\t<\/div>\n\t\t\t\t\t<\/div>\n\t\t<\/div>\n\t\t\t\t\t<\/div>\n\t\t<\/section>\n\t\t\t\t<\/div>","protected":false},"excerpt":{"rendered":"<p>Privacy policy This privacy policy governs the use of your personal data by IMPRESS project \u2013 this project has received funding from the European Union\u2019s Horizon Europe Programme under grant agreement No 101084437; communicate with us via e-mail, telephone, the contact form available on the website and our social media channels; e.g. LinkedIn, Twitter, Facebook, [&hellip;]<\/p>\n","protected":false},"author":1,"featured_media":0,"parent":0,"menu_order":0,"comment_status":"closed","ping_status":"open","template":"","meta":{"iawp_total_views":60,"footnotes":""},"class_list":["post-3","page","type-page","status-publish","hentry"],"_links":{"self":[{"href":"https:\/\/impress-he.eu\/fr\/wp-json\/wp\/v2\/pages\/3","targetHints":{"allow":["GET"]}}],"collection":[{"href":"https:\/\/impress-he.eu\/fr\/wp-json\/wp\/v2\/pages"}],"about":[{"href":"https:\/\/impress-he.eu\/fr\/wp-json\/wp\/v2\/types\/page"}],"author":[{"embeddable":true,"href":"https:\/\/impress-he.eu\/fr\/wp-json\/wp\/v2\/users\/1"}],"replies":[{"embeddable":true,"href":"https:\/\/impress-he.eu\/fr\/wp-json\/wp\/v2\/comments?post=3"}],"version-history":[{"count":11,"href":"https:\/\/impress-he.eu\/fr\/wp-json\/wp\/v2\/pages\/3\/revisions"}],"predecessor-version":[{"id":1880,"href":"https:\/\/impress-he.eu\/fr\/wp-json\/wp\/v2\/pages\/3\/revisions\/1880"}],"wp:attachment":[{"href":"https:\/\/impress-he.eu\/fr\/wp-json\/wp\/v2\/media?parent=3"}],"curies":[{"name":"wp","href":"https:\/\/api.w.org\/{rel}","templated":true}]}}