{"id":3019,"date":"2026-03-13T13:31:53","date_gmt":"2026-03-13T13:31:53","guid":{"rendered":"https:\/\/impress-he.eu\/?page_id=3019"},"modified":"2026-03-31T06:33:22","modified_gmt":"2026-03-31T06:33:22","slug":"feed-2","status":"publish","type":"page","link":"https:\/\/impress-he.eu\/fr\/knowledge-base\/feed-2\/","title":{"rendered":"NOURRIR"},"content":{"rendered":"<div data-elementor-type=\"wp-page\" data-elementor-id=\"3019\" class=\"elementor elementor-3019\" data-elementor-post-type=\"page\">\n\t\t\t\t\t\t<section data-particle_enable=\"false\" data-particle-mobile-disabled=\"false\" class=\"elementor-section elementor-top-section elementor-element elementor-element-e93cbd3 elementor-section-boxed elementor-section-height-default elementor-section-height-default\" data-id=\"e93cbd3\" data-element_type=\"section\" data-e-type=\"section\" data-settings=\"{&quot;background_background&quot;:&quot;classic&quot;}\">\n\t\t\t\t\t\t\t<div class=\"elementor-background-overlay\"><\/div>\n\t\t\t\t\t\t\t<div class=\"elementor-container elementor-column-gap-default\">\n\t\t\t\t\t<div class=\"elementor-column elementor-col-100 elementor-top-column elementor-element elementor-element-02afc70\" data-id=\"02afc70\" data-element_type=\"column\" data-e-type=\"column\">\n\t\t\t<div class=\"elementor-widget-wrap elementor-element-populated\">\n\t\t\t\t\t\t<div class=\"elementor-element elementor-element-28784dd elementor-invisible elementor-widget elementor-widget-heading\" data-id=\"28784dd\" data-element_type=\"widget\" data-e-type=\"widget\" data-settings=\"{&quot;_animation&quot;:&quot;fadeInUp&quot;}\" data-widget_type=\"heading.default\">\n\t\t\t\t<div class=\"elementor-widget-container\">\n\t\t\t\t\t<h1 class=\"elementor-heading-title elementor-size-default\">NOURRIR<\/h1>\t\t\t\t<\/div>\n\t\t\t\t<\/div>\n\t\t\t\t\t<\/div>\n\t\t<\/div>\n\t\t\t\t\t<\/div>\n\t\t<\/section>\n\t\t<div data-particle_enable=\"false\" data-particle-mobile-disabled=\"false\" class=\"elementor-element elementor-element-34de45c5 e-flex e-con-boxed e-con e-parent\" data-id=\"34de45c5\" data-element_type=\"container\" data-e-type=\"container\">\n\t\t\t\t\t<div class=\"e-con-inner\">\n\t\t\t\t<div class=\"elementor-element elementor-element-5d5a770b elementor-widget elementor-widget-text-editor\" data-id=\"5d5a770b\" data-element_type=\"widget\" data-e-type=\"widget\" data-widget_type=\"text-editor.default\">\n\t\t\t\t<div class=\"elementor-widget-container\">\n\t\t\t\t\t\t\t\t\t\n<p>Souvent d\u00e9sign\u00e9e comme le \u201c moteur cach\u00e9 \u201d de l'industrie agroalimentaire, l'alimentation animale est l'intrant essentiel pour les secteurs mondiaux de la viande, des produits laitiers et de l'aquaculture. Les aliments de haute qualit\u00e9 sont formul\u00e9s pour optimiser la croissance, la sant\u00e9 et le bien-\u00eatre du b\u00e9tail. En utilisant un m\u00e9lange de c\u00e9r\u00e9ales, de tourteaux prot\u00e9in\u00e9s et d'additifs sp\u00e9cialis\u00e9s, les fabricants d'aliments garantissent que les animaux convertissent efficacement les nutriments. L'industrie innove actuellement avec des prot\u00e9ines alternatives, telles que les farines d'insectes et les algues, pour r\u00e9duire l'empreinte environnementale de l'\u00e9levage traditionnel.<\/p>\n<p>Plongez pour en savoir plus !<\/p>\n\t\t\t\t\t\t\t\t<\/div>\n\t\t\t\t<\/div>\n\t\t\t\t\t<\/div>\n\t\t\t\t<\/div>\n\t\t<div data-particle_enable=\"false\" data-particle-mobile-disabled=\"false\" class=\"elementor-element elementor-element-e83e7bb e-flex e-con-boxed e-con e-parent\" data-id=\"e83e7bb\" data-element_type=\"container\" data-e-type=\"container\">\n\t\t\t\t\t<div class=\"e-con-inner\">\n\t\t\t\t<div class=\"elementor-element elementor-element-ada417f elementor-widget elementor-widget-embedpres_elementor\" data-id=\"ada417f\" data-element_type=\"widget\" data-e-type=\"widget\" data-widget_type=\"embedpres_elementor.default\">\n\t\t\t\t<div class=\"elementor-widget-container\">\n\t\t\t\t\t\n\t\t<div class=\"embedpress-elements-wrapper\" id=\"ep-elements-id-ada417f\">\n\n\t\t\t\t\t\t\t<div id=\"ep-elementor-content-ada417f\"\n\t\t\t\t\tclass=\"ep-elementor-content\t\t\t\t\t\t\t\t\t\t  ep-content-protection-disabled\t\t\t\t\tsource-default\">\n\n\t\t\t\t\t<div id=\"ada417f\"\n\t\t\t\t\t\tclass=\"ep-embed-content-wrapper\t\t\t\t\t\t\t\t\t\t\t\t\t\t\t\t\t\tep-google-photos-\t\t\t\t\t\tdata-show-title=\"yes\"\t\t\t\t\t\t\"\n\t\t\t\t\t\t\t\t\t\t\t\t\t\t\t\t\t\t\t\t\t\t\t\t>\n\n\t\t\t\t\t\t<div id=\"ep-elementor-content-ada417f\"\n\t\t\t\t\t\t\tclass=\"ep-elementor-content\t\t\t\t\t\t\t\t\t\t\t\t\t\t  ep-content-protection-disabled\t\t\t\t\t\t\tsource-default\">\n\n\t\t\t\t\t\t\t<div >\n\t\t\t\t\t\t\t\t<div id=\"ada417f\"\n\t\t\t\t\t\t\t\t\tclass=\"ep-embed-content-wraper\"\n\t\t\t\t\t\t\t\t\t\t\t\t\t\t\t\t\t\t>\n\n\t\t\t\t\t\t\t\t\t\t\t\t\t\t\t\t\t<\/div>\n\n\t\t\t\t\t\t\t\t\n\t\t\t\t\t\t\t<\/div>\n\t\t\t\t\t\t<\/div>\n\t\t\t\t\t<\/div>\n\t\t\t\t<\/div>\n\n\t\t\t\n\t\t<\/div>\n\n\n\t\t\n\t\t\t\t<\/div>\n\t\t\t\t<\/div>\n\t\t\t\t\t<\/div>\n\t\t\t\t<\/div>\n\t\t<div data-particle_enable=\"false\" data-particle-mobile-disabled=\"false\" class=\"elementor-element elementor-element-0eab5a0 e-flex e-con-boxed e-con e-parent\" data-id=\"0eab5a0\" data-element_type=\"container\" data-e-type=\"container\">\n\t\t\t\t\t<div class=\"e-con-inner\">\n\t\t\t\t<div class=\"elementor-element elementor-element-7f7035f elementor-widget elementor-widget-html\" data-id=\"7f7035f\" data-element_type=\"widget\" data-e-type=\"widget\" id=\"open-popup\" data-widget_type=\"html.default\">\n\t\t\t\t<div class=\"elementor-widget-container\">\n\t\t\t\t\t<style>\r\n  \/* Make it clear that rows are clickable *\/\r\n  .clickable-row { cursor: pointer; }\r\n  .clickable-row:hover { background-color: #035A7D; }\r\n<\/style>\r\n\r\n<table border=\"0\">\r\n  <thead>\r\n    <tr><th>Ressource p\u00e9dagogique en ligne<\/th>\r\n    <th>Public cible cl\u00e9<\/th>\r\n    <th>Temps d'\u00e9tude<\/th>\r\n    <th>Difficult\u00e9<\/th><\/tr>\r\n  <\/thead>\r\n  <tbody>\r\n    <!-- Use data-url to store the target path -->\r\n    <tr class=\"clickable-row\" data-url=\"https:\/\/docs.google.com\/presentation\/d\/e\/2PACX-1vQ5hABnn8YQ3hKdxOaAAuw2Z5QVCQnQby82sRi-uU3QRtpB-xLIKFjnxZsDE3dF4Q\/pubembed?start=false&loop=false&delayms=3000\" onclick=\"updateIframe2(this)\">\r\n      <td>Revue du droit islamique concernant l'application de l'\u00e9conomie bleue \u00e0 l'utilisation des d\u00e9chets organiques comme mati\u00e8res premi\u00e8res alternatives pour l'alimentation (\u00e9tude de la communaut\u00e9 de l'aquaculture en eau douce)<\/td>\r\n      <td>Lyc\u00e9ens, futurs bacheliers<\/td>\r\n      <td>25 minutes<\/td>\r\n      <td>Interm\u00e9diaire sup\u00e9rieur<\/td>\r\n    <\/tr>\r\n    <tr class=\"clickable-row\" data-url=\"https:\/\/docs.google.com\/presentation\/d\/e\/2PACX-1vTlNNkqnV-U0puAIH_9wXJ5b6nL5vvEl3HHXytnDS_WRaxopgnO5TeQz34Dpz0rmQ\/pubembed?start=false&loop=false&delayms=3000\" onclick=\"updateIframe2(this)\">\r\n      <td>Performance de l'alimentation des art\u00e9mies avec des bioflocs d\u00e9riv\u00e9s de deux types de d\u00e9chets solides de poisson<\/td>\r\n      <td>Lyc\u00e9ens, futurs bacheliers<\/td>\r\n      <td>25 minutes<\/td>\r\n      <td>Interm\u00e9diaire sup\u00e9rieur<\/td>\r\n    <\/tr>\r\n    <tr class=\"clickable-row\" data-url=\"https:\/\/docs.google.com\/presentation\/d\/e\/2PACX-1vSCoS7TFUozCAw1hHKF8WE4v3csNWsMbLD-a9MGKO032fKWeAU-ngjVcMYGM4eK0g\/pubembed?start=false&loop=false&delayms=3000\" onclick=\"updateIframe2(this)\">\r\n      <td>Des d\u00e9chets de transformation du poisson aux additifs alimentaires pour \u00e9crevisses<\/td>\r\n      <td>Lyc\u00e9ens, futurs bacheliers<\/td>\r\n      <td>40 minutes<\/td>\r\n      <td>Interm\u00e9diaire sup\u00e9rieur<\/td>\r\n    <\/tr>\r\n    <tr class=\"clickable-row\" data-url=\"https:\/\/docs.google.com\/presentation\/d\/e\/2PACX-1vTqTZpEMlYwo9-86NYpNFaGnkZjcMZ3FaW8utXuxAHIxeL435heE_XOyd-d_z6XYw\/pubembed?start=false&loop=false&delayms=3000\" onclick=\"updateIframe2(this)\">\r\n      <td>Valorisation des ar\u00eates de poisson en produits \u00e0 valeur \u00e9conomique bas\u00e9s sur le z\u00e9ro d\u00e9chet dans le village de Semayan<\/td>\r\n      <td>Lyc\u00e9ens, futurs bacheliers<\/td>\r\n      <td>25 minutes<\/td>\r\n      <td>Interm\u00e9diaire sup\u00e9rieur<\/td>\r\n    <\/tr>\r\n    <tr class=\"clickable-row\" data-url=\"https:\/\/docs.google.com\/presentation\/d\/e\/2PACX-1vSphm2nhFrWpl2oolQar9-JSjNcw8E4m5TeF_3KRB8kQm53xLlTvufs67qxfxN8GQ\/pubembed?start=false&loop=false&delayms=3000\" onclick=\"updateIframe2(this)\">\r\n      <td>D\u00e9chets de poisson en farine de poisson : Potentiel, durabilit\u00e9 et questions \u00e9mergentes li\u00e9es aux microplastiques et aux r\u00e9glementations<\/td>\r\n      <td>Lyc\u00e9ens, futurs bacheliers<\/td>\r\n      <td>25 minutes<\/td>\r\n      <td>Interm\u00e9diaire sup\u00e9rieur<\/td>\r\n    <\/tr>\r\n    <tr class=\"clickable-row\" data-url=\"https:\/\/docs.google.com\/presentation\/d\/e\/2PACX-1vQF81RPZ34PD0gk-rf-CQWaPQBMDGaHWNsOhVuukQs7FtlX-QORoqzMHzdmg3XPhg\/pubembed?start=false&loop=false&delayms=3000\" onclick=\"updateIframe2(this)\">\r\n      <td>UTILISATION DES D\u00c9CHETS DE POISSON POUR LA PRODUCTION DE POUDRE DE SILAGE DE POISSON ET SON APPLICATION COMME ALIMENT POUR L'\u00c9LEVAGE DE POULETS ET DE POISSONS<\/td>\r\n      <td>Lyc\u00e9ens, \u00e9tudiants en licence<\/td>\r\n      <td>15 minutes<\/td>\r\n      <td>Interm\u00e9diaire sup\u00e9rieur<\/td>\r\n    <\/tr>\r\n    <tr class=\"clickable-row\" data-url=\"https:\/\/docs.google.com\/presentation\/d\/e\/2PACX-1vRrLMuuWfm2FsKySRQaS5cjIJBYg0NFyV9cBSwPELO2gNCCsxQNcPf22HHsMGhN9Q\/pubembed?start=false&loop=false&delayms=3000\" onclick=\"updateIframe2(this)\">\r\n      <td>Sous-produits d'insectes et de poissons comme alternatives durables aux prot\u00e9ines animales conventionnelles en nutrition animale<\/td>\r\n      <td>Lyc\u00e9ens, futurs bacheliers<\/td>\r\n      <td>30 minutes<\/td>\r\n      <td>Interm\u00e9diaire sup\u00e9rieur<\/td>\r\n    <\/tr>\r\n    <tr class=\"clickable-row\" data-url=\"https:\/\/docs.google.com\/presentation\/d\/e\/2PACX-1vSPebgUQCe3U53ki36x4pW_SZQsgb-3LUflzkg0PmJA8jpVTU8oG1WJNLq0CTBuNQ\/pubembed?start=false&loop=false&delayms=3000\" onclick=\"updateIframe2(this)\">\r\n      <td>Utilisation des d\u00e9chets de traitement du poisson-chat (Pangasianodon hypophthalamus) dans la pr\u00e9paration d'aliments pour tilapia (Oreochromis niloticus)<\/td>\r\n      <td>Lyc\u00e9ens, futurs bacheliers<\/td>\r\n      <td>15 minutes<\/td>\r\n      <td>Interm\u00e9diaire sup\u00e9rieur<\/td>\r\n    <\/tr>\r\n    <tr class=\"clickable-row\" data-url=\"https:\/\/docs.google.com\/presentation\/d\/e\/2PACX-1vTRKqhFCrMlxn65-i8nw8qjmYR6k3p6pqUUvAtuFB4Vfk0L78TH6o4tny2p8z9T8w\/pubembed?start=false&loop=false&delayms=3000\" onclick=\"updateIframe2(this)\">\r\n      <td>\u00c9valuation de la microalgue Chlamydomonas reinhardtii comme compl\u00e9ment alimentaire durable et substitut de farine de poisson en aquaculture avec un impact positif sur la nutrition humaine<\/td>\r\n      <td>Lyc\u00e9ens, futurs bacheliers<\/td>\r\n      <td>35 minutes<\/td>\r\n      <td>Interm\u00e9diaire sup\u00e9rieur<\/td>\r\n    <\/tr>\r\n  <\/tbody>\r\n<\/table>\r\n\r\n\t\t\t\t<\/div>\n\t\t\t\t<\/div>\n\t\t\t\t\t<\/div>\n\t\t\t\t<\/div>\n\t\t<div data-particle_enable=\"false\" data-particle-mobile-disabled=\"false\" class=\"elementor-element elementor-element-81daf6e e-flex e-con-boxed e-con e-parent\" data-id=\"81daf6e\" data-element_type=\"container\" data-e-type=\"container\">\n\t\t\t\t\t<div class=\"e-con-inner\">\n\t\t\t\t<div class=\"elementor-element elementor-element-898c297 elementor-widget elementor-widget-eael-lightbox\" data-id=\"898c297\" data-element_type=\"widget\" data-e-type=\"widget\" data-widget_type=\"eael-lightbox.default\">\n\t\t\t\t<div class=\"elementor-widget-container\">\n\t\t\t\t\t\n\n\t\t<div data-lightbox-type=\"lightbox_type_custom_html\" data-lightbox-type-url=\"\" data-lightbox-trigger-pageload=\"1\" data-lightbox-closebtn-color=\"#ffffff\" class=\"eael-lightbox-wrapper\" data-trigger=\"eael_lightbox_trigger_external\" data-lightbox-id=\"lightbox_69f0de0337945\" data-type=\"inline\" data-src=\"#eael-lightbox-window-69f0de0337945\" data-popup-layout=\"eael-lightbox-popup-standard\" data-main-class=\"eael-lightbox-modal-popup-898c297\" data-close_button=\"yes\" data-esc_exit=\"yes\" data-click_exit=\"yes\" data-effect=\"animated mfp-zoom-in\" data-trigger-element=\"#open-popup\">\n\t\t\t<div class=\"eael-lightbox-btn\">\n\t\t\t\t\t\t\t<\/div><!-- close .eael-lightbox-btn -->\n\t\t<\/div>\n\n\t\t<div class=\"eael-lightbox-popup-window eael-lightbox-popup-window-898c297 lightbox_type_custom_html\" id=\"eael-lightbox-window-69f0de0337945\">\n\t\t\t<div class=\"eael-lightbox-container\">\n\t\t\t\t<iframe id=\"mainFrame\" src=\"about:blank\" width=\"100%\" height=\"800px\" style=\"background:black;\"><\/iframe>\r\n\r\n<script>\r\nfunction updateIframe2(row) {\r\n  \/\/ Pull the URL from the data-url attribute of the clicked row\r\n  const url = row.getAttribute('data-url');\r\n  document.getElementById('mainFrame').src = url;\r\n}\r\n<\/script>\n\n\t\t\t<\/div>\n\t\t<\/div>\n\t\t\t\t<\/div>\n\t\t\t\t<\/div>\n\t\t\t\t\t<\/div>\n\t\t\t\t<\/div>\n\t\t\t\t<\/div>","protected":false},"excerpt":{"rendered":"<p>Online teaching resource title Key Target Audience Study Time Difficulty Review of Islamic Law Regarding the Application of the Blue Economy to the Use of Organic Waste as Alternative Feed Materials (Study of Freshwater Fish Farming Community High school students, bachelor educators 25 mins Upper-Intermediate Performance of feeding Artemia with bioflocs derived from two types [&hellip;]<\/p>\n","protected":false},"author":1,"featured_media":0,"parent":2467,"menu_order":2,"comment_status":"closed","ping_status":"closed","template":"","meta":{"iawp_total_views":43,"footnotes":""},"class_list":["post-3019","page","type-page","status-publish","hentry"],"_links":{"self":[{"href":"https:\/\/impress-he.eu\/fr\/wp-json\/wp\/v2\/pages\/3019","targetHints":{"allow":["GET"]}}],"collection":[{"href":"https:\/\/impress-he.eu\/fr\/wp-json\/wp\/v2\/pages"}],"about":[{"href":"https:\/\/impress-he.eu\/fr\/wp-json\/wp\/v2\/types\/page"}],"author":[{"embeddable":true,"href":"https:\/\/impress-he.eu\/fr\/wp-json\/wp\/v2\/users\/1"}],"replies":[{"embeddable":true,"href":"https:\/\/impress-he.eu\/fr\/wp-json\/wp\/v2\/comments?post=3019"}],"version-history":[{"count":119,"href":"https:\/\/impress-he.eu\/fr\/wp-json\/wp\/v2\/pages\/3019\/revisions"}],"predecessor-version":[{"id":3163,"href":"https:\/\/impress-he.eu\/fr\/wp-json\/wp\/v2\/pages\/3019\/revisions\/3163"}],"up":[{"embeddable":true,"href":"https:\/\/impress-he.eu\/fr\/wp-json\/wp\/v2\/pages\/2467"}],"wp:attachment":[{"href":"https:\/\/impress-he.eu\/fr\/wp-json\/wp\/v2\/media?parent=3019"}],"curies":[{"name":"wp","href":"https:\/\/api.w.org\/{rel}","templated":true}]}}