{"id":433,"date":"2023-06-19T13:02:14","date_gmt":"2023-06-19T13:02:14","guid":{"rendered":"https:\/\/impress-he.eu\/?page_id=433"},"modified":"2023-06-20T06:32:20","modified_gmt":"2023-06-20T06:32:20","slug":"cookies-policy","status":"publish","type":"page","link":"https:\/\/impress-he.eu\/fr\/cookies-policy\/","title":{"rendered":"Politique en mati\u00e8re de cookies"},"content":{"rendered":"<div data-elementor-type=\"wp-page\" data-elementor-id=\"433\" class=\"elementor elementor-433\" data-elementor-post-type=\"page\">\n\t\t\t\t\t\t<section data-particle_enable=\"false\" data-particle-mobile-disabled=\"false\" class=\"elementor-section elementor-top-section elementor-element elementor-element-5f99e0a9 elementor-section-boxed elementor-section-height-default elementor-section-height-default\" data-id=\"5f99e0a9\" data-element_type=\"section\" data-e-type=\"section\">\n\t\t\t\t\t\t<div class=\"elementor-container elementor-column-gap-default\">\n\t\t\t\t\t<div class=\"elementor-column elementor-col-100 elementor-top-column elementor-element elementor-element-af31014\" data-id=\"af31014\" data-element_type=\"column\" data-e-type=\"column\">\n\t\t\t<div class=\"elementor-widget-wrap elementor-element-populated\">\n\t\t\t\t\t\t<div class=\"elementor-element elementor-element-4cb68caa elementor-widget elementor-widget-text-editor\" data-id=\"4cb68caa\" data-element_type=\"widget\" data-e-type=\"widget\" data-widget_type=\"text-editor.default\">\n\t\t\t\t<div class=\"elementor-widget-container\">\n\t\t\t\t\t\t\t\t\t\n<h4><strong>Qu'est-ce qu'un cookie ?<\/strong><\/h4>\n<p>\u201cLes \u201dcookies\" sont de petits fichiers texte qui sont stock\u00e9s sur votre ordinateur par l'interm\u00e9diaire du navigateur Internet et qui ne retiennent que les informations relatives \u00e0 vos pr\u00e9f\u00e9rences et n'incluent donc pas vos donn\u00e9es personnelles.<\/p>\n<p>&nbsp;<\/p>\n<h4><strong>\u00c0 quoi servent les cookies ?<\/strong><\/h4>\n<p>Les cookies aident \u00e0 d\u00e9terminer l'utilit\u00e9, l'int\u00e9r\u00eat et le nombre d'utilisations de vos sites web, ce qui permet une navigation plus rapide et plus efficace, en \u00e9liminant la n\u00e9cessit\u00e9 de saisir plusieurs fois les m\u00eames informations.<\/p>\n<p>&nbsp;<\/p>\n<h4><strong>Quel type de cookies utilisons-nous ?<\/strong><\/h4>\n<p>Deux groupes de cookies peuvent \u00eatre utilis\u00e9s :<\/p>\n<p><strong>Cookies permanents :<\/strong>\u00a0Il s'agit de cookies qui sont stock\u00e9s dans le navigateur de votre \u00e9quipement d'acc\u00e8s (PC, mobile et tablette) et qui sont utilis\u00e9s chaque fois que vous visitez notre site web plus d'une fois. Ils sont g\u00e9n\u00e9ralement utilis\u00e9s pour orienter la navigation en fonction des int\u00e9r\u00eats de l'utilisateur, ce qui nous permet de fournir un service plus personnalis\u00e9.<\/p>\n<p><strong>Cookies de session :<\/strong>\u00a0Il s'agit de cookies temporaires qui restent dans le fichier de cookies de votre navigateur jusqu'\u00e0 ce que vous quittiez le site web. Les informations obtenues par ces cookies servent \u00e0 analyser les mod\u00e8les de trafic web, ce qui nous permet d'identifier les probl\u00e8mes et d'offrir une meilleure exp\u00e9rience de navigation.<\/p>\n<p>&nbsp;<\/p>\n<h4><strong>\u00c0 quelles fins utilisons-nous des cookies ?<\/strong><\/h4>\n<p><strong>Cookies strictement n\u00e9cessaires<\/strong><\/p>\n<p>Ils vous permettent de naviguer sur le site web et d'utiliser ses applications, ainsi que d'acc\u00e9der \u00e0 des zones s\u00e9curis\u00e9es du site web. Sans ces cookies, les services que vous avez demand\u00e9s ne peuvent pas \u00eatre fournis.<\/p>\n<p><strong>Cookies fonctionnels<\/strong><\/p>\n<p>Ils enregistrent les pr\u00e9f\u00e9rences de l'utilisateur pour l'utilisation du site afin que vous n'ayez pas \u00e0 reconfigurer le site \u00e0 chaque fois que vous le visitez.<\/p>\n<p><strong>Cookies publicitaires<\/strong><\/p>\n<p>Ils orientent la publicit\u00e9 en fonction des int\u00e9r\u00eats de chaque utilisateur afin d'orienter les campagnes publicitaires en tenant compte des go\u00fbts des utilisateurs, et ils limitent \u00e9galement le nombre de fois o\u00f9 vous voyez la publicit\u00e9, ce qui permet de mesurer l'efficacit\u00e9 de la publicit\u00e9 et le succ\u00e8s de l'organisation du site web.<\/p>\n<p>&nbsp;<\/p>\n<h4><strong>Comment g\u00e9rer les cookies ?<\/strong><\/h4>\n<p> <a class=\"cky-banner-element\">Param\u00e8tres des cookies<\/a> <br\/><\/p>\n<div>\n<p>Vous pouvez modifier vos pr\u00e9f\u00e9rences en mati\u00e8re de cookies \u00e0 tout moment en cliquant sur le bouton ci-dessus. Cela vous permettra de revenir \u00e0 la banni\u00e8re de consentement aux cookies et de modifier vos pr\u00e9f\u00e9rences ou de retirer votre consentement imm\u00e9diatement.<\/p>\n<p>En outre, les navigateurs proposent des m\u00e9thodes diff\u00e9rentes pour bloquer et supprimer les cookies utilis\u00e9s par les sites web. Vous pouvez modifier les param\u00e8tres de votre navigateur pour bloquer\/supprimer les cookies. Vous trouverez ci-dessous les liens vers les documents d'assistance relatifs \u00e0 la gestion et \u00e0 la suppression des cookies des principaux navigateurs web.<\/p>\n<ul>\n<li>Chrome :\u00a0<a href=\"https:\/\/support.google.com\/accounts\/answer\/32050\" target=\"_blank\" rel=\"noopener\">https:\/\/support.google.com\/accounts\/answer\/32050<\/a><\/li>\n<li>Safari :\u00a0<a href=\"https:\/\/support.apple.com\/en-in\/guide\/safari\/sfri11471\/mac\" target=\"_blank\" rel=\"noopener\">https:\/\/support.apple.com\/en-in\/guide\/safari\/sfri11471\/mac<\/a><\/li>\n<li>Firefox :\u00a0<a href=\"https:\/\/support.mozilla.org\/en-US\/kb\/clear-cookies-and-site-data-firefox?redirectslug=delete-cookies-remove-info-websites-stored&amp;redirectlocale=en-US\" target=\"_blank\" rel=\"noopener\">https:\/\/support.mozilla.org\/en-US\/kb\/clear-cookies-and-site-data-firefox?redirectslug=delete-cookies-remove-info-websites-stored&amp;redirectlocale=en-US<\/a><\/li>\n<li>Internet Explorer :\u00a0<a href=\"https:\/\/support.microsoft.com\/en-us\/topic\/how-to-delete-cookie-files-in-internet-explorer-bca9446f-d873-78de-77ba-d42645fa52fc\" target=\"_blank\" rel=\"noopener\">https:\/\/support.microsoft.com\/en-us\/topic\/how-to-delete-cookie-files-in-internet-explorer-bca9446f-d873-78de-77ba-d42645fa52fc<\/a><\/li>\n<\/ul>\n<p>Si vous utilisez un autre navigateur web, veuillez consulter les documents d'assistance officiels de votre navigateur.<\/p>\n<\/div>\n<p>Tous les navigateurs permettent aux utilisateurs d'accepter, de refuser ou de supprimer les cookies, notamment en s\u00e9lectionnant les param\u00e8tres appropri\u00e9s dans leur navigateur. Vous pouvez param\u00e9trer les cookies dans le menu \u201coptions\u201d ou \u201cpr\u00e9f\u00e9rences\u201d de votre navigateur.<\/p>\n<p>Notez toutefois qu'en d\u00e9sactivant les cookies, vous pouvez emp\u00eacher certains services web de fonctionner correctement, ce qui affecte partiellement ou totalement la navigation sur le site web.<\/p>\n<h4>\u00a0<\/h4>\n<h4><strong>Que se passe-t-il lorsque les cookies sont d\u00e9sactiv\u00e9s ?<\/strong>\u00a0<\/h4>\n<p>Certaines fonctions et certains services peuvent cesser de fonctionner ou se comporter de mani\u00e8re inattendue, comme l'identification de l'utilisateur sur certaines pages ou la r\u00e9ception d'informations tenant compte de la localisation de l'utilisateur, entre autres.<\/p>\n<p>Si vous d\u00e9sactivez les cookies sur cette page web, il se peut que vous n'ayez pas acc\u00e8s \u00e0 certaines zones ou que la qualit\u00e9 de votre exp\u00e9rience de navigation soit consid\u00e9rablement r\u00e9duite.<\/p>\n<h4>\u00a0<\/h4>\n<h4><strong>Les cookies utilis\u00e9s sur cette page web<\/strong><\/h4>\n<p>Nous utilisons des outils tels que Google Analytics pour mieux comprendre comment les visiteurs interagissent avec notre site web. Nous disposons ainsi d'informations importantes qui nous permettent d'am\u00e9liorer le fonctionnement du site. Les informations collect\u00e9es ne sont pas li\u00e9es \u00e0 vos donn\u00e9es personnelles.<\/p>\n<p>Pour plus d'informations sur les cookies mis en place par Google Analytics, veuillez consulter le site :\u00a0<a href=\"https:\/\/code.google.com\/apis\/analytics\/docs\/concepts\/gaConceptsCookies.html\">http:\/\/code.google.com\/apis\/analytics\/docs\/concepts\/gaConceptsCookies.html<\/a>\u00a0\u00a0\u00a0\u00a0<\/p>\n<p>Les cookies suivants sont utilis\u00e9s :<\/p>\n<div class=\"cky-audit-table-element\"><\/div>\n<h4><strong>Garanties suppl\u00e9mentaires et retrait de l'acceptation<\/strong><\/h4>\n<p>Le projet IMPRESS ne sera pas tenu responsable du contenu et de la v\u00e9racit\u00e9 des politiques de confidentialit\u00e9 des composants tiers qui peuvent \u00eatre inclus dans cette page web.<\/p>\n<p>\u00c0 titre de garantie suppl\u00e9mentaire, l'enregistrement de cookies sur ce site web peut \u00eatre soumis \u00e0 l'acceptation des cookies par les utilisateurs lors de leur visite sur la page web et de l'installation ou de la mise \u00e0 jour du navigateur utilis\u00e9. Cette acceptation peut \u00eatre r\u00e9voqu\u00e9e \u00e0 tout moment dans les param\u00e8tres de contenu et de confidentialit\u00e9, tels que d\u00e9finis ci-dessus au point 5 de la pr\u00e9sente politique, ou en utilisant le lien situ\u00e9 au bas de cette page.<\/p>\n<p>&nbsp;<\/p>\n<h4><strong>Mise \u00e0 jour de la politique en mati\u00e8re de cookies<\/strong><\/h4>\n<p>Le projet IMPRESS peut modifier cette politique en mati\u00e8re de cookies conform\u00e9ment aux exigences l\u00e9gales ou r\u00e9glementaires ou adapter cette politique aux nouvelles instructions fournies par la loi.<\/p>\n<p>Les utilisateurs de la page web seront inform\u00e9s de toute modification importante apport\u00e9e \u00e0 la pr\u00e9sente politique en mati\u00e8re de cookies.<\/p>\n<p>&nbsp;<\/p>\n<h4><strong>Plus d'informations sur les cookies<\/strong><\/h4>\n<p>Vous trouverez plus d'informations sur les cookies sur ce lien :\u00a0<a href=\"http:\/\/www.allaboutcookies.org\/\">www.allaboutcookies.org<\/a><\/p>\n\t\t\t\t\t\t\t\t<\/div>\n\t\t\t\t<\/div>\n\t\t\t\t\t<\/div>\n\t\t<\/div>\n\t\t\t\t\t<\/div>\n\t\t<\/section>\n\t\t\t\t<\/div>","protected":false},"excerpt":{"rendered":"<p>What are Cookies? \u201cCookies\u201d are small text files that are stored on your computer through the Internet browser, only retaining information related to your preferences and therefore not including your personal data. &nbsp; What are Cookies for? Cookies help determine the usefulness, interest and number of uses of your websites, allowing for faster and more [&hellip;]<\/p>\n","protected":false},"author":1,"featured_media":0,"parent":0,"menu_order":0,"comment_status":"closed","ping_status":"closed","template":"","meta":{"iawp_total_views":31,"footnotes":""},"class_list":["post-433","page","type-page","status-publish","hentry"],"_links":{"self":[{"href":"https:\/\/impress-he.eu\/fr\/wp-json\/wp\/v2\/pages\/433","targetHints":{"allow":["GET"]}}],"collection":[{"href":"https:\/\/impress-he.eu\/fr\/wp-json\/wp\/v2\/pages"}],"about":[{"href":"https:\/\/impress-he.eu\/fr\/wp-json\/wp\/v2\/types\/page"}],"author":[{"embeddable":true,"href":"https:\/\/impress-he.eu\/fr\/wp-json\/wp\/v2\/users\/1"}],"replies":[{"embeddable":true,"href":"https:\/\/impress-he.eu\/fr\/wp-json\/wp\/v2\/comments?post=433"}],"version-history":[{"count":26,"href":"https:\/\/impress-he.eu\/fr\/wp-json\/wp\/v2\/pages\/433\/revisions"}],"predecessor-version":[{"id":464,"href":"https:\/\/impress-he.eu\/fr\/wp-json\/wp\/v2\/pages\/433\/revisions\/464"}],"wp:attachment":[{"href":"https:\/\/impress-he.eu\/fr\/wp-json\/wp\/v2\/media?parent=433"}],"curies":[{"name":"wp","href":"https:\/\/api.w.org\/{rel}","templated":true}]}}