{"id":2467,"date":"2025-02-10T09:35:30","date_gmt":"2025-02-10T09:35:30","guid":{"rendered":"https:\/\/impress-he.eu\/?page_id=2467"},"modified":"2026-03-31T06:53:30","modified_gmt":"2026-03-31T06:53:30","slug":"knowledge-base","status":"publish","type":"page","link":"https:\/\/impress-he.eu\/pl\/knowledge-base\/","title":{"rendered":"Baza wiedzy"},"content":{"rendered":"<div data-elementor-type=\"wp-page\" data-elementor-id=\"2467\" class=\"elementor elementor-2467\" data-elementor-post-type=\"page\">\n\t\t\t\t\t\t<section data-particle_enable=\"false\" data-particle-mobile-disabled=\"false\" class=\"elementor-section elementor-top-section elementor-element elementor-element-a4d52bf elementor-section-boxed elementor-section-height-default elementor-section-height-default\" data-id=\"a4d52bf\" data-element_type=\"section\" data-e-type=\"section\" data-settings=\"{&quot;background_background&quot;:&quot;classic&quot;}\">\n\t\t\t\t\t\t\t<div class=\"elementor-background-overlay\"><\/div>\n\t\t\t\t\t\t\t<div class=\"elementor-container elementor-column-gap-default\">\n\t\t\t\t\t<div class=\"elementor-column elementor-col-100 elementor-top-column elementor-element elementor-element-16e1d6d\" data-id=\"16e1d6d\" data-element_type=\"column\" data-e-type=\"column\">\n\t\t\t<div class=\"elementor-widget-wrap elementor-element-populated\">\n\t\t\t\t\t\t<div class=\"elementor-element elementor-element-40dd15e elementor-invisible elementor-widget elementor-widget-heading\" data-id=\"40dd15e\" data-element_type=\"widget\" data-e-type=\"widget\" data-settings=\"{&quot;_animation&quot;:&quot;fadeInUp&quot;}\" data-widget_type=\"heading.default\">\n\t\t\t\t<div class=\"elementor-widget-container\">\n\t\t\t\t\t<h4 class=\"elementor-heading-title elementor-size-default\">Witamy w IMPRESS<\/h4>\t\t\t\t<\/div>\n\t\t\t\t<\/div>\n\t\t\t\t<div class=\"elementor-element elementor-element-6baa63e elementor-invisible elementor-widget elementor-widget-heading\" data-id=\"6baa63e\" data-element_type=\"widget\" data-e-type=\"widget\" data-settings=\"{&quot;_animation&quot;:&quot;fadeInUp&quot;}\" data-widget_type=\"heading.default\">\n\t\t\t\t<div class=\"elementor-widget-container\">\n\t\t\t\t\t<h1 class=\"elementor-heading-title elementor-size-default\">Baza wiedzy<\/h1>\t\t\t\t<\/div>\n\t\t\t\t<\/div>\n\t\t\t\t<div class=\"elementor-element elementor-element-856b028 elementor-widget elementor-widget-text-editor\" data-id=\"856b028\" data-element_type=\"widget\" data-e-type=\"widget\" data-widget_type=\"text-editor.default\">\n\t\t\t\t<div class=\"elementor-widget-container\">\n\t\t\t\t\t\t\t\t\t<p style=\"text-align: center;\">Baza Wiedzy IMPRESS gromadzi badania, innowacje i praktyczne rozwi\u0105zania dotycz\u0105ce przekszta\u0142cania wyzwa\u0144 system\u00f3w \u017cywno\u015bciowych w mo\u017cliwo\u015bci. Dzi\u0119ki interaktywnym quizom mo\u017cesz dowiedzie\u0107 si\u0119, jak nauka i technologia rewolucjonizuj\u0105 produkcj\u0119 \u017cywno\u015bci, redukuj\u0105 odpady i tworz\u0105 nowe, zr\u00f3wnowa\u017cone zasoby.<\/p>\t\t\t\t\t\t\t\t<\/div>\n\t\t\t\t<\/div>\n\t\t\t\t\t<\/div>\n\t\t<\/div>\n\t\t\t\t\t<\/div>\n\t\t<\/section>\n\t\t<div data-particle_enable=\"false\" data-particle-mobile-disabled=\"false\" class=\"elementor-element elementor-element-877256b e-flex e-con-boxed e-con e-parent\" data-id=\"877256b\" data-element_type=\"container\" data-e-type=\"container\">\n\t\t\t\t\t<div class=\"e-con-inner\">\n\t\t\t\t<div class=\"elementor-element elementor-element-f56d040 elementor-widget__width-initial elementor-widget elementor-widget-text-editor\" data-id=\"f56d040\" data-element_type=\"widget\" data-e-type=\"widget\" data-widget_type=\"text-editor.default\">\n\t\t\t\t<div class=\"elementor-widget-container\">\n\t\t\t\t\t\t\t\t\t<p style=\"text-align: center;\">Ka\u017cda kategoria quizu skupia si\u0119 na kluczowym temacie w ramach system\u00f3w okr\u0119\u017cnej niebieskiej gospodarki, od odzyskiwania cennych sk\u0142adnik\u00f3w od\u017cywczych z odpad\u00f3w spo\u017cywczych, po opracowywanie innowacyjnych sk\u0142adnik\u00f3w \u017cywno\u015bciowych i zr\u00f3wnowa\u017cone systemy akwakultury.<\/p><h4 style=\"text-align: center;\">Zanurz si\u0119 w poni\u017cszych tematach i sprawd\u017a swoj\u0105 wiedz\u0119, odkrywaj\u0105c, jak zr\u00f3wnowa\u017cona niebieska gospodarka mo\u017ce kszta\u0142towa\u0107 nasz\u0105 przysz\u0142o\u015b\u0107.<\/h4>\t\t\t\t\t\t\t\t<\/div>\n\t\t\t\t<\/div>\n\t\t<div data-particle_enable=\"false\" data-particle-mobile-disabled=\"false\" class=\"elementor-element elementor-element-c954b10 e-con-full e-flex e-con e-child\" data-id=\"c954b10\" data-element_type=\"container\" data-e-type=\"container\">\n\t\t\t\t<div class=\"elementor-element elementor-element-e1ebf62 elementor-widget elementor-widget-eael-creative-button\" data-id=\"e1ebf62\" data-element_type=\"widget\" data-e-type=\"widget\" data-widget_type=\"eael-creative-button.default\">\n\t\t\t\t<div class=\"elementor-widget-container\">\n\t\t\t\t\t        <div class=\"eael-creative-button-wrapper\">\n\n            <a class=\"eael-creative-button eael-creative-button--ujarak eael-cb-icon-position-\" href=\"https:\/\/impress-he.eu\/pl\/knowledge-base\/impress-quiz\/\" data-text=\"Go!\">\n            \t    \n                <div class=\"creative-button-inner\">\n\n                    \n                    <span class=\"cretive-button-text\">WST\u0118P<\/span>\n\n                                    <\/div>\n\t                        <\/a>\n        <\/div>\n        \t\t\t\t<\/div>\n\t\t\t\t<\/div>\n\t\t\t\t<div class=\"elementor-element elementor-element-4fd6499 elementor-widget elementor-widget-eael-creative-button\" data-id=\"4fd6499\" data-element_type=\"widget\" data-e-type=\"widget\" data-widget_type=\"eael-creative-button.default\">\n\t\t\t\t<div class=\"elementor-widget-container\">\n\t\t\t\t\t        <div class=\"eael-creative-button-wrapper\">\n\n            <a class=\"eael-creative-button eael-creative-button--ujarak eael-cb-icon-position-\" href=\"https:\/\/impress-he.eu\/pl\/knowledge-base\/food\/\" data-text=\"Go!\">\n            \t    \n                <div class=\"creative-button-inner\">\n\n                    \n                    <span class=\"cretive-button-text\">JEDZENIE<\/span>\n\n                                    <\/div>\n\t                        <\/a>\n        <\/div>\n        \t\t\t\t<\/div>\n\t\t\t\t<\/div>\n\t\t\t\t<div class=\"elementor-element elementor-element-fce0a5b elementor-widget elementor-widget-eael-creative-button\" data-id=\"fce0a5b\" data-element_type=\"widget\" data-e-type=\"widget\" data-widget_type=\"eael-creative-button.default\">\n\t\t\t\t<div class=\"elementor-widget-container\">\n\t\t\t\t\t        <div class=\"eael-creative-button-wrapper\">\n\n            <a class=\"eael-creative-button eael-creative-button--ujarak eael-cb-icon-position-\" href=\"https:\/\/impress-he.eu\/pl\/knowledge-base\/feed-2\/\" data-text=\"Go!\">\n            \t    \n                <div class=\"creative-button-inner\">\n\n                    \n                    <span class=\"cretive-button-text\">KARMI\u0106<\/span>\n\n                                    <\/div>\n\t                        <\/a>\n        <\/div>\n        \t\t\t\t<\/div>\n\t\t\t\t<\/div>\n\t\t\t\t<div class=\"elementor-element elementor-element-0d71b1f elementor-widget elementor-widget-eael-creative-button\" data-id=\"0d71b1f\" data-element_type=\"widget\" data-e-type=\"widget\" data-widget_type=\"eael-creative-button.default\">\n\t\t\t\t<div class=\"elementor-widget-container\">\n\t\t\t\t\t        <div class=\"eael-creative-button-wrapper\">\n\n            <a class=\"eael-creative-button eael-creative-button--ujarak eael-cb-icon-position-\" href=\"https:\/\/impress-he.eu\/pl\/knowledge-base\/fertilizers\/\" data-text=\"Go!\">\n            \t    \n                <div class=\"creative-button-inner\">\n\n                    \n                    <span class=\"cretive-button-text\">NAWOZY<\/span>\n\n                                    <\/div>\n\t                        <\/a>\n        <\/div>\n        \t\t\t\t<\/div>\n\t\t\t\t<\/div>\n\t\t\t\t<div class=\"elementor-element elementor-element-45bfe6e elementor-widget elementor-widget-eael-creative-button\" data-id=\"45bfe6e\" data-element_type=\"widget\" data-e-type=\"widget\" data-widget_type=\"eael-creative-button.default\">\n\t\t\t\t<div class=\"elementor-widget-container\">\n\t\t\t\t\t        <div class=\"eael-creative-button-wrapper\">\n\n            <a class=\"eael-creative-button eael-creative-button--ujarak eael-cb-icon-position-\" href=\"https:\/\/impress-he.eu\/pl\/knowledge-base\/ingredients\/\" data-text=\"Go!\">\n            \t    \n                <div class=\"creative-button-inner\">\n\n                    \n                    <span class=\"cretive-button-text\">SK\u0141ADNIKI<\/span>\n\n                                    <\/div>\n\t                        <\/a>\n        <\/div>\n        \t\t\t\t<\/div>\n\t\t\t\t<\/div>\n\t\t\t\t<div class=\"elementor-element elementor-element-0f0e7ad elementor-widget elementor-widget-eael-creative-button\" data-id=\"0f0e7ad\" data-element_type=\"widget\" data-e-type=\"widget\" data-widget_type=\"eael-creative-button.default\">\n\t\t\t\t<div class=\"elementor-widget-container\">\n\t\t\t\t\t        <div class=\"eael-creative-button-wrapper\">\n\n            <a class=\"eael-creative-button eael-creative-button--winona eael-cb-icon-position-\" data-text=\"COMING SOON\">\n            \t    \n                <div class=\"creative-button-inner\">\n\n                    \n                    <span class=\"cretive-button-text\">Opakowanie<\/span>\n\n                                    <\/div>\n\t                        <\/a>\n        <\/div>\n        \t\t\t\t<\/div>\n\t\t\t\t<\/div>\n\t\t\t\t<\/div>\n\t\t\t\t\t<\/div>\n\t\t\t\t<\/div>\n\t\t\t\t<\/div>","protected":false},"excerpt":{"rendered":"<p>Welcome to the IMPRESS The IMPRESS Knowledge Base brings together research, innovation, and real-world solutions for turning food system challenges into opportunities. Through interactive quizzes, you can explore how science and technology are transforming food production, reducing waste, and creating new sustainable resources. Each quiz category focuses on a key theme across circular blue economy [&hellip;]<\/p>\n","protected":false},"author":1,"featured_media":0,"parent":0,"menu_order":0,"comment_status":"closed","ping_status":"closed","template":"","meta":{"iawp_total_views":325,"footnotes":""},"class_list":["post-2467","page","type-page","status-publish","hentry"],"_links":{"self":[{"href":"https:\/\/impress-he.eu\/pl\/wp-json\/wp\/v2\/pages\/2467","targetHints":{"allow":["GET"]}}],"collection":[{"href":"https:\/\/impress-he.eu\/pl\/wp-json\/wp\/v2\/pages"}],"about":[{"href":"https:\/\/impress-he.eu\/pl\/wp-json\/wp\/v2\/types\/page"}],"author":[{"embeddable":true,"href":"https:\/\/impress-he.eu\/pl\/wp-json\/wp\/v2\/users\/1"}],"replies":[{"embeddable":true,"href":"https:\/\/impress-he.eu\/pl\/wp-json\/wp\/v2\/comments?post=2467"}],"version-history":[{"count":49,"href":"https:\/\/impress-he.eu\/pl\/wp-json\/wp\/v2\/pages\/2467\/revisions"}],"predecessor-version":[{"id":3234,"href":"https:\/\/impress-he.eu\/pl\/wp-json\/wp\/v2\/pages\/2467\/revisions\/3234"}],"wp:attachment":[{"href":"https:\/\/impress-he.eu\/pl\/wp-json\/wp\/v2\/media?parent=2467"}],"curies":[{"name":"wp","href":"https:\/\/api.w.org\/{rel}","templated":true}]}}