{"id":3182,"date":"2026-03-30T11:32:25","date_gmt":"2026-03-30T11:32:25","guid":{"rendered":"https:\/\/impress-he.eu\/?page_id=3182"},"modified":"2026-04-02T07:56:08","modified_gmt":"2026-04-02T07:56:08","slug":"fertilizers","status":"publish","type":"page","link":"https:\/\/impress-he.eu\/pl\/knowledge-base\/fertilizers\/","title":{"rendered":"NAWOZY"},"content":{"rendered":"<div data-elementor-type=\"wp-page\" data-elementor-id=\"3182\" class=\"elementor elementor-3182\" data-elementor-post-type=\"page\">\n\t\t\t\t\t\t<section data-particle_enable=\"false\" data-particle-mobile-disabled=\"false\" class=\"elementor-section elementor-top-section elementor-element elementor-element-e93cbd3 elementor-section-boxed elementor-section-height-default elementor-section-height-default\" data-id=\"e93cbd3\" data-element_type=\"section\" data-e-type=\"section\" data-settings=\"{&quot;background_background&quot;:&quot;classic&quot;}\">\n\t\t\t\t\t\t\t<div class=\"elementor-background-overlay\"><\/div>\n\t\t\t\t\t\t\t<div class=\"elementor-container elementor-column-gap-default\">\n\t\t\t\t\t<div class=\"elementor-column elementor-col-100 elementor-top-column elementor-element elementor-element-02afc70\" data-id=\"02afc70\" data-element_type=\"column\" data-e-type=\"column\">\n\t\t\t<div class=\"elementor-widget-wrap elementor-element-populated\">\n\t\t\t\t\t\t<div class=\"elementor-element elementor-element-28784dd elementor-invisible elementor-widget elementor-widget-heading\" data-id=\"28784dd\" data-element_type=\"widget\" data-e-type=\"widget\" data-settings=\"{&quot;_animation&quot;:&quot;fadeInUp&quot;}\" data-widget_type=\"heading.default\">\n\t\t\t\t<div class=\"elementor-widget-container\">\n\t\t\t\t\t<h1 class=\"elementor-heading-title elementor-size-default\">NAWOZY<\/h1>\t\t\t\t<\/div>\n\t\t\t\t<\/div>\n\t\t\t\t\t<\/div>\n\t\t<\/div>\n\t\t\t\t\t<\/div>\n\t\t<\/section>\n\t\t<div data-particle_enable=\"false\" data-particle-mobile-disabled=\"false\" class=\"elementor-element elementor-element-34de45c5 e-flex e-con-boxed e-con e-parent\" data-id=\"34de45c5\" data-element_type=\"container\" data-e-type=\"container\">\n\t\t\t\t\t<div class=\"e-con-inner\">\n\t\t\t\t<div class=\"elementor-element elementor-element-5d5a770b elementor-widget elementor-widget-text-editor\" data-id=\"5d5a770b\" data-element_type=\"widget\" data-e-type=\"widget\" data-widget_type=\"text-editor.default\">\n\t\t\t\t<div class=\"elementor-widget-container\">\n\t\t\t\t\t\t\t\t\t<p>Nawozy s\u0105 podstawowym nak\u0142adem wymaganym do uzupe\u0142nienia sk\u0142adnik\u00f3w od\u017cywczych w glebie i maksymalizacji plon\u00f3w. Dostarczaj\u0105c niezb\u0119dne pierwiastki takie jak azot (N), fosfor (P) i potas (K), nawozy pozwalaj\u0105 rolnikom produkowa\u0107 wi\u0119cej \u017cywno\u015bci na mniejszej powierzchni. Skupienie przemys\u0142u przesun\u0119\u0142o si\u0119 w stron\u0119 rolnictwa precyzyjnego, wykorzystuj\u0105c specjalistyczne formu\u0142y, kt\u00f3re powoli uwalniaj\u0105 sk\u0142adniki od\u017cywcze, zapobiegaj\u0105c sp\u0142ywowi do \u015brodowiska. Bez strategicznego stosowania nawoz\u00f3w globalne bezpiecze\u0144stwo \u017cywno\u015bciowe by\u0142oby nieosi\u0105galne, poniewa\u017c naturalna regeneracja gleby nie nad\u0105\u017ca za wsp\u00f3\u0142czesnymi wymaganiami zbior\u00f3w.<\/p>\n<p>Zanurz si\u0119 i dowiedz si\u0119 wi\u0119cej!<\/p>\t\t\t\t\t\t\t\t<\/div>\n\t\t\t\t<\/div>\n\t\t\t\t\t<\/div>\n\t\t\t\t<\/div>\n\t\t<div data-particle_enable=\"false\" data-particle-mobile-disabled=\"false\" class=\"elementor-element elementor-element-e83e7bb e-flex e-con-boxed e-con e-parent\" data-id=\"e83e7bb\" data-element_type=\"container\" data-e-type=\"container\">\n\t\t\t\t\t<div class=\"e-con-inner\">\n\t\t\t\t<div class=\"elementor-element elementor-element-ada417f elementor-widget elementor-widget-embedpres_elementor\" data-id=\"ada417f\" data-element_type=\"widget\" data-e-type=\"widget\" data-widget_type=\"embedpres_elementor.default\">\n\t\t\t\t<div class=\"elementor-widget-container\">\n\t\t\t\t\t\n\t\t<div class=\"embedpress-elements-wrapper\" id=\"ep-elements-id-ada417f\">\n\n\t\t\t\t\t\t\t<div id=\"ep-elementor-content-ada417f\"\n\t\t\t\t\tclass=\"ep-elementor-content\t\t\t\t\t\t\t\t\t\t  ep-content-protection-disabled\t\t\t\t\tsource-default\">\n\n\t\t\t\t\t<div id=\"ada417f\"\n\t\t\t\t\t\tclass=\"ep-embed-content-wrapper\t\t\t\t\t\t\t\t\t\t\t\t\t\t\t\t\t\tep-google-photos-\t\t\t\t\t\tdata-show-title=\"yes\"\t\t\t\t\t\t\"\n\t\t\t\t\t\t\t\t\t\t\t\t\t\t\t\t\t\t\t\t\t\t\t\t>\n\n\t\t\t\t\t\t<div id=\"ep-elementor-content-ada417f\"\n\t\t\t\t\t\t\tclass=\"ep-elementor-content\t\t\t\t\t\t\t\t\t\t\t\t\t\t  ep-content-protection-disabled\t\t\t\t\t\t\tsource-default\">\n\n\t\t\t\t\t\t\t<div >\n\t\t\t\t\t\t\t\t<div id=\"ada417f\"\n\t\t\t\t\t\t\t\t\tclass=\"ep-embed-content-wraper\"\n\t\t\t\t\t\t\t\t\t\t\t\t\t\t\t\t\t\t>\n\n\t\t\t\t\t\t\t\t\t\t\t\t\t\t\t\t\t<\/div>\n\n\t\t\t\t\t\t\t\t\n\t\t\t\t\t\t\t<\/div>\n\t\t\t\t\t\t<\/div>\n\t\t\t\t\t<\/div>\n\t\t\t\t<\/div>\n\n\t\t\t\n\t\t<\/div>\n\n\n\t\t\n\t\t\t\t<\/div>\n\t\t\t\t<\/div>\n\t\t\t\t\t<\/div>\n\t\t\t\t<\/div>\n\t\t<div data-particle_enable=\"false\" data-particle-mobile-disabled=\"false\" class=\"elementor-element elementor-element-0eab5a0 e-flex e-con-boxed e-con e-parent\" data-id=\"0eab5a0\" data-element_type=\"container\" data-e-type=\"container\">\n\t\t\t\t\t<div class=\"e-con-inner\">\n\t\t\t\t<div class=\"elementor-element elementor-element-7f7035f elementor-widget elementor-widget-html\" data-id=\"7f7035f\" data-element_type=\"widget\" data-e-type=\"widget\" id=\"open-popup\" data-widget_type=\"html.default\">\n\t\t\t\t<div class=\"elementor-widget-container\">\n\t\t\t\t\t<style>\r\n  \/* Make it clear that rows are clickable *\/\r\n  .clickable-row { cursor: pointer; }\r\n  .clickable-row:hover { background-color: #035A7D; }\r\n<\/style>\r\n\r\n<table border=\"0\">\r\n  <thead>\r\n    <tr><th>Tytu\u0142 zasobu dydaktycznego online<\/th>\r\n    <th>Kluczowa grupa docelowa<\/th>\r\n    <th>Nauka<\/th>\r\n    <th>Trudno\u015b\u0107<\/th><\/tr>\r\n  <\/thead>\r\n  <tbody>\r\n    <!-- Use data-url to store the target path -->\r\n    <tr class=\"clickable-row\" data-url=\"https:\/\/docs.google.com\/presentation\/d\/e\/2PACX-1vRoFWVCW4X5_IJk32gpRV7ZKbgobHTegNaPWQJfyPwXWE3_ylADPYFtFe5awBbf2Q\/pubembed?start=false&loop=false&delayms=3000\" onclick=\"updateIframe2(this)\">\r\n      <td>PRODUKCJA BIODIESLA Z ODPAD\u00d3W RYBNYCH NA POTRZEBY KONCEPCJI ZERO ODPAD\u00d3W NA TERENACH ODLEG\u0141YCH WE WSCHODNIEJ JAWIE, INDONEZJA<\/td>\r\n      <td>Liceum, studenci licencjatu<\/td>\r\n      <td>20 minut<\/td>\r\n      <td>Wy\u017cszy \u015bredniozaawansowany<\/td>\r\n    <\/tr>\r\n    \r\n    <tr class=\"clickable-row\" data-url=\"https:\/\/docs.google.com\/presentation\/d\/e\/2PACX-1vSSH6C17vWI4Jp9YUAQt4MOFHm5NN1W_71NLg6jdzBwaIRaBOyIZkFSJZtAqUSmBQ\/pubembed?start=false&loop=false&delayms=3000\" onclick=\"updateIframe2(this)\">\r\n      <td>Produkty z biorefinierii odpad\u00f3w rybnych: ich zastosowanie w rolnictwie ekologicznym<\/td>\r\n      <td>Liceum, licencjat-wychowawca<\/td>\r\n      <td>35 minut<\/td>\r\n      <td>Wy\u017cszy \u015bredniozaawansowany<\/td>\r\n    <\/tr>\r\n    \r\n    <tr class=\"clickable-row\" data-url=\"https:\/\/docs.google.com\/presentation\/d\/e\/2PACX-1vSO6dXQz2ttXyxoppgkZxDiFI2ManJJFM00aQlsiPHRn1tyFYm2mYE08BoAfHOllA\/pubembed?start=false&loop=false&delayms=3000\" onclick=\"updateIframe2(this)\">\r\n      <td>Ocena cyklu \u017cycia produkcji biodiesla z odpad\u00f3w rybnych dla zielonych mikrosieci w gospodarce o obiegu zamkni\u0119tym<\/td>\r\n      <td>Liceum, licencjat-wychowawca<\/td>\r\n      <td>40 minut<\/td>\r\n      <td>Wy\u017cszy \u015bredniozaawansowany<\/td>\r\n    <\/tr>\r\n    \r\n    <tr class=\"clickable-row\" data-url=\"https:\/\/docs.google.com\/presentation\/d\/e\/2PACX-1vQWR0UPyrLj-Q8KzRfp3kJZVJN29hKrrjM50geGZnf0i7KMYQTkJVPh9gvOh2OucQ\/pubembed?start=false&loop=false&delayms=3000\" onclick=\"updateIframe2(this)\">\r\n      <td>Ekstrakcja oleju z odpad\u00f3w rybnych przy u\u017cyciu superkrytycznego CO2 do produkcji biodiesla: Modelowanie matematyczne i kinetyczne<\/td>\r\n      <td>Liceum, licencjat-wychowawca<\/td>\r\n      <td>25 minut<\/td>\r\n      <td>Wy\u017cszy \u015bredniozaawansowany<\/td>\r\n    <\/tr>\r\n    \r\n    <tr class=\"clickable-row\" data-url=\"https:\/\/docs.google.com\/presentation\/d\/e\/2PACX-1vQOhpGkvtQ8loakceq_FgjC50rWevpunbvCLwHjdXV9XsnltJjvCVvHxN9u8o2OyQ\/pubembed?start=false&loop=false&delayms=3000\" onclick=\"updateIframe2(this)\">\r\n      <td>Odpady rybne: Od problemu do cennego zasobu<\/td>\r\n      <td>Liceum, licencjat-wychowawca<\/td>\r\n      <td>45 minut<\/td>\r\n      <td>Wy\u017cszy \u015bredniozaawansowany<\/td>\r\n    <\/tr>\r\n    \r\n    <tr class=\"clickable-row\" data-url=\"https:\/\/docs.google.com\/presentation\/d\/e\/2PACX-1vTmVBIfqNPoKCPfYqDNXIDpyTe7MVDQLaGO9OhVSTEM3R-jR18c7bIh3lGl7Io-tg\/pubembed?start=false&loop=false&delayms=3000\" onclick=\"updateIframe2(this)\">\r\n      <td>Biomateria\u0142 pochodzenia rybnego jako wsparcie dla gospodarki o obiegu zamkni\u0119tym i Cel\u00f3w Zr\u00f3wnowa\u017conego Rozwoju<\/td>\r\n      <td>Liceum, studenci licencjatu<\/td>\r\n      <td>20 minut<\/td>\r\n      <td>Wy\u017cszy \u015bredniozaawansowany<\/td>\r\n    <\/tr>\r\n    \r\n    <tr class=\"clickable-row\" data-url=\"https:\/\/docs.google.com\/presentation\/d\/e\/2PACX-1vTJQjwQnPByYxtveez0ra74EeuVqihIY5d062SkIb5sDOHkEeV6Hv_ibVI50uIywQ\/pubembed?start=false&loop=false&delayms=3000\" onclick=\"updateIframe2(this)\">\r\n      <td>Zr\u00f3wnowa\u017cona intensyfikacja akwakultury poprzez recykling sk\u0142adnik\u00f3w od\u017cywczych i gospodarki o obiegu zamkni\u0119tym: wi\u0119cej ryb, mniej odpad\u00f3w, niebieski wzrost<\/td>\r\n      <td>Liceum, studenci licencjatu<\/td>\r\n      <td>45 minut<\/td>\r\n      <td>Wy\u017cszy \u015bredniozaawansowany<\/td>\r\n    <\/tr>\r\n    \r\n    <tr class=\"clickable-row\" data-url=\"https:\/\/docs.google.com\/presentation\/d\/e\/2PACX-1vRvReGwkyMYZ1UHOvaIMpj35ClsqjullVVNe_FIW5AubEPDLDdY8p7EJunmc-DdDg\/pubembed?start=false&loop=false&delayms=3000\" onclick=\"updateIframe2(this)\">\r\n      <td>Straty ryb\/Odpady i problemy z rybami o niskiej warto\u015bci: stan wiedzy, post\u0119py i perspektywy<\/td>\r\n      <td>Liceum, licencjat-wychowawca<\/td>\r\n      <td>35 minut<\/td>\r\n      <td>Wy\u017cszy \u015bredniozaawansowany<\/td>\r\n    <\/tr>\r\n    \r\n    <tr class=\"clickable-row\" data-url=\"https:\/\/docs.google.com\/presentation\/d\/e\/2PACX-1vTb88YME92e53czHmGpNq57NdaZT4zYpQN7f3UQ0VHFUhIVB4PyYZYCG1EAEyBGyw\/pubembed?start=false&loop=false&delayms=3000\" onclick=\"updateIframe2(this)\">\r\n      <td>Odzy-skanie hydrolizatu bia\u0142kowego i chitozanu z g\u0142\u00f3w krewetki tygrysiej (Penaeus monodon): podej\u015bcie do procesu zero odpad\u00f3w<\/td>\r\n      <td>Liceum, licencjat-wychowawca<\/td>\r\n      <td>25 minut<\/td>\r\n      <td>Wy\u017cszy \u015bredniozaawansowany<\/td>\r\n    <\/tr>\r\n    \r\n    <tr class=\"clickable-row\" data-url=\"https:\/\/docs.google.com\/presentation\/d\/e\/2PACX-1vSZh33YbjhELBMIqa8ElErHr2MhNut5kzga3fepz_kOyzydbjxdv2KBWwWp5navnQ\/pubembed?start=false&loop=false&delayms=3000\" onclick=\"updateIframe2(this)\">\r\n      <td>Selekcja odpad\u00f3w ze sk\u00f3ry garbowanej w celu odzysku nowego surowca do produkcji wyrob\u00f3w gumowych: w kierunku zerowej ilo\u015bci odpad\u00f3w<\/td>\r\n      <td>Liceum, licencjat-wychowawca<\/td>\r\n      <td>30 minut<\/td>\r\n      <td>Wy\u017cszy \u015bredniozaawansowany<\/td>\r\n    <\/tr>\r\n     \r\n    <tr class=\"clickable-row\" data-url=\"https:\/\/docs.google.com\/presentation\/d\/e\/2PACX-1vQ0_b_fOON9fNY9YJ-NcqvwsojQ8Va-7w7bldB91pC9hvRWXZ0AoN-krUNzQdMCtg\/pubembed?start=false&loop=false&delayms=3000\" onclick=\"updateIframe2(this)\">\r\n      <td>Wytwarzanie p\u0142ynnego nawozu organicznego z odpad\u00f3w rybnych w wiosce Pedungan, Denpasar<\/td>\r\n      <td>Liceum, licencjat-wychowawca<\/td>\r\n      <td>20 minut<\/td>\r\n      <td>Wy\u017cszy \u015bredniozaawansowany<\/td>\r\n    <\/tr>\r\n     \r\n    <tr class=\"clickable-row\" data-url=\"https:\/\/docs.google.com\/presentation\/d\/e\/2PACX-1vTxRMAAVivxLw-1zTOtiqMSrVxUQPcvZ08ccB0SE9wykcRmF_utHlRnbbh0f6XlOA\/pubembed?start=false&loop=false&delayms=3000\" onclick=\"updateIframe2(this)\">\r\n      <td>Podej\u015bcie do usuwania p\u00f3\u0142nasycenia i mechanizm usuwania o\u0142owiu (II) przy u\u017cyciu przyjaznego dla \u015brodowiska biosorbentu z odpad\u00f3w z m\u0105czki kostnej rybnej<\/td>\r\n      <td>Liceum, studenci licencjatu<\/td>\r\n      <td>25 minut<\/td>\r\n      <td>Wy\u017cszy \u015bredniozaawansowany<\/td>\r\n    <\/tr>\r\n     \r\n    <tr class=\"clickable-row\" data-url=\"https:\/\/docs.google.com\/presentation\/d\/e\/2PACX-1vQ-kduH2XvY4jbid7R9ZMMKc06ALk8FciwYSEbNUhnzbeuTkjVmCpokHWK08eaIrg\/pubembed?start=false&loop=false&delayms=3000\" onclick=\"updateIframe2(this)\">\r\n      <td>Ocena odpad\u00f3w \u0142usek rybnych jako taniego i ekologicznego adsorbentu do usuwania barwnik\u00f3w azowych: badania r\u00f3wnowagi, kinetyki i termodynamiki<\/td>\r\n      <td>Liceum, studenci licencjatu<\/td>\r\n      <td>30 minut<\/td>\r\n      <td>Wy\u017cszy \u015bredniozaawansowany<\/td>\r\n    <\/tr>\r\n\r\n  <\/tbody>\r\n<\/table>\r\n\r\n\t\t\t\t<\/div>\n\t\t\t\t<\/div>\n\t\t\t\t\t<\/div>\n\t\t\t\t<\/div>\n\t\t<div data-particle_enable=\"false\" data-particle-mobile-disabled=\"false\" class=\"elementor-element elementor-element-81daf6e e-flex e-con-boxed e-con e-parent\" data-id=\"81daf6e\" data-element_type=\"container\" data-e-type=\"container\">\n\t\t\t\t\t<div class=\"e-con-inner\">\n\t\t\t\t<div class=\"elementor-element elementor-element-898c297 elementor-widget elementor-widget-eael-lightbox\" data-id=\"898c297\" data-element_type=\"widget\" data-e-type=\"widget\" data-widget_type=\"eael-lightbox.default\">\n\t\t\t\t<div class=\"elementor-widget-container\">\n\t\t\t\t\t\n\n\t\t<div data-lightbox-type=\"lightbox_type_custom_html\" data-lightbox-type-url=\"\" data-lightbox-trigger-pageload=\"1\" data-lightbox-closebtn-color=\"#ffffff\" class=\"eael-lightbox-wrapper\" data-trigger=\"eael_lightbox_trigger_external\" data-lightbox-id=\"lightbox_69e8f4bedefbe\" data-type=\"inline\" data-src=\"#eael-lightbox-window-69e8f4bedefbe\" data-popup-layout=\"eael-lightbox-popup-standard\" data-main-class=\"eael-lightbox-modal-popup-898c297\" data-close_button=\"yes\" data-esc_exit=\"yes\" data-click_exit=\"yes\" data-effect=\"animated mfp-zoom-in\" data-trigger-element=\"#open-popup\">\n\t\t\t<div class=\"eael-lightbox-btn\">\n\t\t\t\t\t\t\t<\/div><!-- close .eael-lightbox-btn -->\n\t\t<\/div>\n\n\t\t<div class=\"eael-lightbox-popup-window eael-lightbox-popup-window-898c297 lightbox_type_custom_html\" id=\"eael-lightbox-window-69e8f4bedefbe\">\n\t\t\t<div class=\"eael-lightbox-container\">\n\t\t\t\t<iframe id=\"mainFrame\" src=\"about:blank\" width=\"100%\" height=\"800px\" style=\"background:black;\"><\/iframe>\r\n\r\n<script>\r\nfunction updateIframe2(row) {\r\n  \/\/ Pull the URL from the data-url attribute of the clicked row\r\n  const url = row.getAttribute('data-url');\r\n  document.getElementById('mainFrame').src = url;\r\n}\r\n<\/script>\n\n\t\t\t<\/div>\n\t\t<\/div>\n\t\t\t\t<\/div>\n\t\t\t\t<\/div>\n\t\t\t\t\t<\/div>\n\t\t\t\t<\/div>\n\t\t\t\t<\/div>","protected":false},"excerpt":{"rendered":"<p>Fertilizers are the fundamental input required to replenish soil nutrients and maximize crop yields. By providing essential elements like Nitrogen (N), Phosphorus (P), and Potassium (K), fertilizers allow farmers to produce more food on less land. The focus of the industry has shifted toward precision agriculture, using specialized formulas that release nutrients slowly to prevent [&hellip;]<\/p>\n","protected":false},"author":1,"featured_media":0,"parent":2467,"menu_order":3,"comment_status":"closed","ping_status":"closed","template":"","meta":{"iawp_total_views":33,"footnotes":""},"class_list":["post-3182","page","type-page","status-publish","hentry"],"_links":{"self":[{"href":"https:\/\/impress-he.eu\/pl\/wp-json\/wp\/v2\/pages\/3182","targetHints":{"allow":["GET"]}}],"collection":[{"href":"https:\/\/impress-he.eu\/pl\/wp-json\/wp\/v2\/pages"}],"about":[{"href":"https:\/\/impress-he.eu\/pl\/wp-json\/wp\/v2\/types\/page"}],"author":[{"embeddable":true,"href":"https:\/\/impress-he.eu\/pl\/wp-json\/wp\/v2\/users\/1"}],"replies":[{"embeddable":true,"href":"https:\/\/impress-he.eu\/pl\/wp-json\/wp\/v2\/comments?post=3182"}],"version-history":[{"count":22,"href":"https:\/\/impress-he.eu\/pl\/wp-json\/wp\/v2\/pages\/3182\/revisions"}],"predecessor-version":[{"id":3254,"href":"https:\/\/impress-he.eu\/pl\/wp-json\/wp\/v2\/pages\/3182\/revisions\/3254"}],"up":[{"embeddable":true,"href":"https:\/\/impress-he.eu\/pl\/wp-json\/wp\/v2\/pages\/2467"}],"wp:attachment":[{"href":"https:\/\/impress-he.eu\/pl\/wp-json\/wp\/v2\/media?parent=3182"}],"curies":[{"name":"wp","href":"https:\/\/api.w.org\/{rel}","templated":true}]}}