{"id":433,"date":"2023-06-19T13:02:14","date_gmt":"2023-06-19T13:02:14","guid":{"rendered":"https:\/\/impress-he.eu\/?page_id=433"},"modified":"2023-06-20T06:32:20","modified_gmt":"2023-06-20T06:32:20","slug":"cookies-policy","status":"publish","type":"page","link":"https:\/\/impress-he.eu\/pl\/cookies-policy\/","title":{"rendered":"Polityka dotycz\u0105ca plik\u00f3w cookie"},"content":{"rendered":"<div data-elementor-type=\"wp-page\" data-elementor-id=\"433\" class=\"elementor elementor-433\" data-elementor-post-type=\"page\">\n\t\t\t\t\t\t<section data-particle_enable=\"false\" data-particle-mobile-disabled=\"false\" class=\"elementor-section elementor-top-section elementor-element elementor-element-5f99e0a9 elementor-section-boxed elementor-section-height-default elementor-section-height-default\" data-id=\"5f99e0a9\" data-element_type=\"section\" data-e-type=\"section\">\n\t\t\t\t\t\t<div class=\"elementor-container elementor-column-gap-default\">\n\t\t\t\t\t<div class=\"elementor-column elementor-col-100 elementor-top-column elementor-element elementor-element-af31014\" data-id=\"af31014\" data-element_type=\"column\" data-e-type=\"column\">\n\t\t\t<div class=\"elementor-widget-wrap elementor-element-populated\">\n\t\t\t\t\t\t<div class=\"elementor-element elementor-element-4cb68caa elementor-widget elementor-widget-text-editor\" data-id=\"4cb68caa\" data-element_type=\"widget\" data-e-type=\"widget\" data-widget_type=\"text-editor.default\">\n\t\t\t\t<div class=\"elementor-widget-container\">\n\t\t\t\t\t\t\t\t\t\n<h4><strong>Czym s\u0105 pliki cookie?<\/strong><\/h4>\n<p>\u201cPliki cookie\u201d to ma\u0142e pliki tekstowe, kt\u00f3re s\u0105 przechowywane na komputerze u\u017cytkownika za po\u015brednictwem przegl\u0105darki internetowej, zachowuj\u0105ce jedynie informacje zwi\u0105zane z preferencjami u\u017cytkownika, a zatem niezawieraj\u0105ce jego danych osobowych.<\/p>\n<p>&nbsp;<\/p>\n<h4><strong>Do czego s\u0142u\u017c\u0105 pliki cookie?<\/strong><\/h4>\n<p>Pliki cookie pomagaj\u0105 okre\u015bli\u0107 przydatno\u015b\u0107, zainteresowanie i liczb\u0119 zastosowa\u0144 witryn internetowych, umo\u017cliwiaj\u0105c szybsze i bardziej wydajne przegl\u0105danie, eliminuj\u0105c potrzeb\u0119 wielokrotnego wprowadzania tych samych informacji.<\/p>\n<p>&nbsp;<\/p>\n<h4><strong>Jakiego rodzaju plik\u00f3w cookie u\u017cywamy?<\/strong><\/h4>\n<p>Istniej\u0105 dwie grupy plik\u00f3w cookie, kt\u00f3re mog\u0105 by\u0107 u\u017cywane:<\/p>\n<p><strong>Sta\u0142e pliki cookie:<\/strong>\u00a0S\u0105 to pliki cookie, kt\u00f3re s\u0105 przechowywane w przegl\u0105darce na urz\u0105dzeniu dost\u0119powym u\u017cytkownika (komputerze, telefonie kom\u00f3rkowym i tablecie) i s\u0105 u\u017cywane za ka\u017cdym razem, gdy u\u017cytkownik odwiedza nasz\u0105 witryn\u0119 wi\u0119cej ni\u017c jeden raz. S\u0105 one zazwyczaj u\u017cywane do kierowania przegl\u0105dania do zainteresowa\u0144 u\u017cytkownika, umo\u017cliwiaj\u0105c nam \u015bwiadczenie bardziej spersonalizowanych us\u0142ug.<\/p>\n<p><strong>Pliki cookie sesji:<\/strong>\u00a0S\u0105 to tymczasowe pliki cookie, kt\u00f3re pozostaj\u0105 w pliku cookie przegl\u0105darki do momentu opuszczenia witryny. Informacje uzyskane za pomoc\u0105 tych plik\u00f3w cookie s\u0142u\u017c\u0105 do analizy wzorc\u00f3w ruchu internetowego, co pozwala nam identyfikowa\u0107 problemy i zapewnia\u0107 lepsze wra\u017cenia z przegl\u0105dania.<\/p>\n<p>&nbsp;<\/p>\n<h4><strong>Do jakich cel\u00f3w wykorzystujemy pliki cookie?<\/strong><\/h4>\n<p><strong>Niezb\u0119dne pliki cookie<\/strong><\/p>\n<p>Umo\u017cliwiaj\u0105 one przegl\u0105danie witryny i korzystanie z jej aplikacji, a tak\u017ce dost\u0119p do bezpiecznych obszar\u00f3w witryny. Bez tych plik\u00f3w cookie nie mo\u017cna \u015bwiadczy\u0107 \u017c\u0105danych us\u0142ug.<\/p>\n<p><strong>Funkcjonalne pliki cookie<\/strong><\/p>\n<p>Przechowuj\u0105 preferencje u\u017cytkownika dotycz\u0105ce korzystania z witryny, dzi\u0119ki czemu nie trzeba ponownie konfigurowa\u0107 witryny za ka\u017cdym razem, gdy j\u0105 odwiedzasz.<\/p>\n<p><strong>Reklamowe pliki cookie<\/strong><\/p>\n<p>Kieruj\u0105 reklamy zgodnie z zainteresowaniami ka\u017cdego u\u017cytkownika, aby kierowa\u0107 kampanie reklamowe, bior\u0105c pod uwag\u0119 gusta u\u017cytkownik\u00f3w, a tak\u017ce ograniczaj\u0105 liczb\u0119 wy\u015bwietle\u0144 reklamy, pomagaj\u0105c zmierzy\u0107 skuteczno\u015b\u0107 reklamy i sukces organizacji strony internetowej.<\/p>\n<p>&nbsp;<\/p>\n<h4><strong>Jak zarz\u0105dza\u0107 plikami cookie?<\/strong><\/h4>\n<p> <a class=\"cky-banner-element\">Ustawienia plik\u00f3w cookie<\/a> <br\/><\/p>\n<div>\n<p>Preferencje dotycz\u0105ce plik\u00f3w cookie mo\u017cna zmieni\u0107 w dowolnym momencie, klikaj\u0105c powy\u017cszy przycisk. Umo\u017cliwi to ponowne wy\u015bwietlenie banera zgody na pliki cookie i zmian\u0119 preferencji lub natychmiastowe wycofanie zgody.<\/p>\n<p>Ponadto r\u00f3\u017cne przegl\u0105darki oferuj\u0105 r\u00f3\u017cne metody blokowania i usuwania plik\u00f3w cookie u\u017cywanych przez strony internetowe. Mo\u017cesz zmieni\u0107 ustawienia swojej przegl\u0105darki, aby zablokowa\u0107\/usun\u0105\u0107 pliki cookie. Poni\u017cej znajduj\u0105 si\u0119 linki do dokument\u00f3w pomocy technicznej dotycz\u0105cych zarz\u0105dzania i usuwania plik\u00f3w cookie z g\u0142\u00f3wnych przegl\u0105darek internetowych.<\/p>\n<ul>\n<li>Chrome:\u00a0<a href=\"https:\/\/support.google.com\/accounts\/answer\/32050\" target=\"_blank\" rel=\"noopener\">https:\/\/support.google.com\/accounts\/answer\/32050<\/a><\/li>\n<li>Safari:\u00a0<a href=\"https:\/\/support.apple.com\/en-in\/guide\/safari\/sfri11471\/mac\" target=\"_blank\" rel=\"noopener\">https:\/\/support.apple.com\/en-in\/guide\/safari\/sfri11471\/mac<\/a><\/li>\n<li>Firefox:\u00a0<a href=\"https:\/\/support.mozilla.org\/en-US\/kb\/clear-cookies-and-site-data-firefox?redirectslug=delete-cookies-remove-info-websites-stored&amp;redirectlocale=en-US\" target=\"_blank\" rel=\"noopener\">https:\/\/support.mozilla.org\/en-US\/kb\/clear-cookies-and-site-data-firefox?redirectslug=delete-cookies-remove-info-websites-stored&amp;redirectlocale=en-US<\/a><\/li>\n<li>Internet Explorer:\u00a0<a href=\"https:\/\/support.microsoft.com\/en-us\/topic\/how-to-delete-cookie-files-in-internet-explorer-bca9446f-d873-78de-77ba-d42645fa52fc\" target=\"_blank\" rel=\"noopener\">https:\/\/support.microsoft.com\/en-us\/topic\/how-to-delete-cookie-files-in-internet-explorer-bca9446f-d873-78de-77ba-d42645fa52fc<\/a><\/li>\n<\/ul>\n<p>Je\u015bli korzystasz z innej przegl\u0105darki internetowej, zapoznaj si\u0119 z jej oficjalnymi dokumentami pomocy technicznej.<\/p>\n<\/div>\n<p>Wszystkie przegl\u0105darki umo\u017cliwiaj\u0105 u\u017cytkownikom akceptowanie, odrzucanie lub usuwanie plik\u00f3w cookie, w szczeg\u00f3lno\u015bci poprzez wybranie odpowiednich ustawie\u0144 w przegl\u0105darce. Pliki cookie mo\u017cna ustawi\u0107 w menu \u201copcje\u201d lub \u201cpreferencje\u201d przegl\u0105darki.<\/p>\n<p>Nale\u017cy jednak pami\u0119ta\u0107, \u017ce wy\u0142\u0105czenie plik\u00f3w cookie mo\u017ce uniemo\u017cliwi\u0107 prawid\u0142owe dzia\u0142anie niekt\u00f3rych us\u0142ug internetowych, cz\u0119\u015bciowo lub ca\u0142kowicie wp\u0142ywaj\u0105c na przegl\u0105danie witryny.<\/p>\n<h4>\u00a0<\/h4>\n<h4><strong>Co si\u0119 dzieje, gdy pliki cookie s\u0105 wy\u0142\u0105czone?<\/strong>\u00a0<\/h4>\n<p>Niekt\u00f3re funkcje i us\u0142ugi mog\u0105 przesta\u0107 dzia\u0142a\u0107 lub zachowywa\u0107 si\u0119 nieoczekiwanie, na przyk\u0142ad identyfikowa\u0107 u\u017cytkownika na niekt\u00f3rych stronach lub otrzymywa\u0107 informacje uwzgl\u0119dniaj\u0105ce mi\u0119dzy innymi lokalizacj\u0119 u\u017cytkownika.<\/p>\n<p>Je\u015bli u\u017cytkownik wy\u0142\u0105czy pliki cookie na tej stronie internetowej, mo\u017ce nie mie\u0107 dost\u0119pu do niekt\u00f3rych obszar\u00f3w lub jako\u015b\u0107 przegl\u0105dania mo\u017ce by\u0107 znacznie ni\u017csza.<\/p>\n<h4>\u00a0<\/h4>\n<h4><strong>Pliki cookie u\u017cywane na tej stronie internetowej<\/strong><\/h4>\n<p>Korzystamy z narz\u0119dzi takich jak Google Analytics, aby lepiej zrozumie\u0107, w jaki spos\u00f3b odwiedzaj\u0105cy wchodz\u0105 w interakcj\u0119 z nasz\u0105 witryn\u0105. Dostarcza nam to wa\u017cnych informacji umo\u017cliwiaj\u0105cych lepsze dzia\u0142anie witryny. Zebrane informacje nie s\u0105 powi\u0105zane z danymi osobowymi u\u017cytkownika.<\/p>\n<p>Wi\u0119cej informacji na temat plik\u00f3w cookie ustawianych przez Google Analytics mo\u017cna znale\u017a\u0107 na stronie:\u00a0<a href=\"https:\/\/code.google.com\/apis\/analytics\/docs\/concepts\/gaConceptsCookies.html\">http:\/\/code.google.com\/apis\/analytics\/docs\/concepts\/gaConceptsCookies.html<\/a>\u00a0\u00a0\u00a0\u00a0<\/p>\n<p>Wykorzystywane s\u0105 nast\u0119puj\u0105ce pliki cookie:<\/p>\n<div class=\"cky-audit-table-element\"><\/div>\n<h4><strong>Dodatkowe gwarancje i wycofanie akceptacji<\/strong><\/h4>\n<p>IMPRESS project nie ponosi odpowiedzialno\u015bci za tre\u015b\u0107 i prawdziwo\u015b\u0107 polityk prywatno\u015bci stron trzecich, kt\u00f3re mog\u0105 by\u0107 zawarte na tej stronie internetowej.<\/p>\n<p>Dodatkow\u0105 gwarancj\u0105 jest to, \u017ce zapisywanie plik\u00f3w cookie na tej stronie internetowej mo\u017ce by\u0107 uzale\u017cnione od akceptacji plik\u00f3w cookie przez u\u017cytkownik\u00f3w podczas ich wizyty na stronie internetowej oraz instalacji lub aktualizacji u\u017cywanej przegl\u0105darki. Akceptacja ta mo\u017ce zosta\u0107 cofni\u0119ta w dowolnym momencie w ustawieniach tre\u015bci i prywatno\u015bci, jak okre\u015blono powy\u017cej w punkcie 5 niniejszej polityki, lub za pomoc\u0105 linku na dole tej strony.<\/p>\n<p>&nbsp;<\/p>\n<h4><strong>Aktualizacja polityki plik\u00f3w cookie<\/strong><\/h4>\n<p>IMPRESS project mo\u017ce zmieni\u0107 niniejsz\u0105 polityk\u0119 dotycz\u0105c\u0105 plik\u00f3w cookie zgodnie z wymogami prawnymi lub regulacyjnymi lub dostosowa\u0107 niniejsz\u0105 polityk\u0119 do nowych instrukcji przewidzianych przez prawo.<\/p>\n<p>Za ka\u017cdym razem, gdy zostan\u0105 wprowadzone znacz\u0105ce zmiany w niniejszej polityce dotycz\u0105cej plik\u00f3w cookie, u\u017cytkownicy strony internetowej zostan\u0105 o tym powiadomieni.<\/p>\n<p>&nbsp;<\/p>\n<h4><strong>Wi\u0119cej informacji o plikach cookie<\/strong><\/h4>\n<p>Wi\u0119cej informacji na temat plik\u00f3w cookie mo\u017cna znale\u017a\u0107 pod tym linkiem:\u00a0<a href=\"http:\/\/www.allaboutcookies.org\/\">www.allaboutcookies.org<\/a><\/p>\n\t\t\t\t\t\t\t\t<\/div>\n\t\t\t\t<\/div>\n\t\t\t\t\t<\/div>\n\t\t<\/div>\n\t\t\t\t\t<\/div>\n\t\t<\/section>\n\t\t\t\t<\/div>","protected":false},"excerpt":{"rendered":"<p>What are Cookies? \u201cCookies\u201d are small text files that are stored on your computer through the Internet browser, only retaining information related to your preferences and therefore not including your personal data. &nbsp; What are Cookies for? Cookies help determine the usefulness, interest and number of uses of your websites, allowing for faster and more [&hellip;]<\/p>\n","protected":false},"author":1,"featured_media":0,"parent":0,"menu_order":0,"comment_status":"closed","ping_status":"closed","template":"","meta":{"iawp_total_views":33,"footnotes":""},"class_list":["post-433","page","type-page","status-publish","hentry"],"_links":{"self":[{"href":"https:\/\/impress-he.eu\/pl\/wp-json\/wp\/v2\/pages\/433","targetHints":{"allow":["GET"]}}],"collection":[{"href":"https:\/\/impress-he.eu\/pl\/wp-json\/wp\/v2\/pages"}],"about":[{"href":"https:\/\/impress-he.eu\/pl\/wp-json\/wp\/v2\/types\/page"}],"author":[{"embeddable":true,"href":"https:\/\/impress-he.eu\/pl\/wp-json\/wp\/v2\/users\/1"}],"replies":[{"embeddable":true,"href":"https:\/\/impress-he.eu\/pl\/wp-json\/wp\/v2\/comments?post=433"}],"version-history":[{"count":26,"href":"https:\/\/impress-he.eu\/pl\/wp-json\/wp\/v2\/pages\/433\/revisions"}],"predecessor-version":[{"id":464,"href":"https:\/\/impress-he.eu\/pl\/wp-json\/wp\/v2\/pages\/433\/revisions\/464"}],"wp:attachment":[{"href":"https:\/\/impress-he.eu\/pl\/wp-json\/wp\/v2\/media?parent=433"}],"curies":[{"name":"wp","href":"https:\/\/api.w.org\/{rel}","templated":true}]}}