{"id":835,"date":"2023-07-26T09:13:47","date_gmt":"2023-07-26T09:13:47","guid":{"rendered":"https:\/\/impress-he.eu\/?page_id=835"},"modified":"2023-07-28T11:19:01","modified_gmt":"2023-07-28T11:19:01","slug":"trinity-college-dublin","status":"publish","type":"page","link":"https:\/\/impress-he.eu\/pl\/project-partners\/trinity-college-dublin\/","title":{"rendered":"Trinity College Dublin"},"content":{"rendered":"<div data-elementor-type=\"wp-page\" data-elementor-id=\"835\" class=\"elementor elementor-835\" data-elementor-post-type=\"page\">\n\t\t\t\t\t\t<section data-particle_enable=\"false\" data-particle-mobile-disabled=\"false\" class=\"elementor-section elementor-top-section elementor-element elementor-element-24fcc84a elementor-section-boxed elementor-section-height-default elementor-section-height-default\" data-id=\"24fcc84a\" data-element_type=\"section\" data-e-type=\"section\" data-settings=\"{&quot;background_background&quot;:&quot;classic&quot;}\">\n\t\t\t\t\t\t\t<div class=\"elementor-background-overlay\"><\/div>\n\t\t\t\t\t\t\t<div class=\"elementor-container elementor-column-gap-default\">\n\t\t\t\t\t<div class=\"elementor-column elementor-col-100 elementor-top-column elementor-element elementor-element-3c414b43\" data-id=\"3c414b43\" data-element_type=\"column\" data-e-type=\"column\">\n\t\t\t<div class=\"elementor-widget-wrap elementor-element-populated\">\n\t\t\t\t\t\t<div class=\"elementor-element elementor-element-388a5e87 elementor-invisible elementor-widget elementor-widget-heading\" data-id=\"388a5e87\" data-element_type=\"widget\" data-e-type=\"widget\" data-settings=\"{&quot;_animation&quot;:&quot;fadeInUp&quot;}\" data-widget_type=\"heading.default\">\n\t\t\t\t<div class=\"elementor-widget-container\">\n\t\t\t\t\t<h1 class=\"elementor-heading-title elementor-size-default\">Trinity College Dublin<\/h1>\t\t\t\t<\/div>\n\t\t\t\t<\/div>\n\t\t\t\t\t<\/div>\n\t\t<\/div>\n\t\t\t\t\t<\/div>\n\t\t<\/section>\n\t\t\t\t<section data-particle_enable=\"false\" data-particle-mobile-disabled=\"false\" class=\"elementor-section elementor-top-section elementor-element elementor-element-28f5d5f9 elementor-section-content-middle elementor-section-boxed elementor-section-height-default elementor-section-height-default\" data-id=\"28f5d5f9\" data-element_type=\"section\" data-e-type=\"section\">\n\t\t\t\t\t\t<div class=\"elementor-container elementor-column-gap-default\">\n\t\t\t\t\t<div class=\"elementor-column elementor-col-50 elementor-top-column elementor-element elementor-element-1374bd48\" data-id=\"1374bd48\" data-element_type=\"column\" data-e-type=\"column\">\n\t\t\t<div class=\"elementor-widget-wrap elementor-element-populated\">\n\t\t\t\t\t\t<div class=\"elementor-element elementor-element-7dff9e99 e-transform elementor-invisible elementor-widget elementor-widget-image\" data-id=\"7dff9e99\" data-element_type=\"widget\" data-e-type=\"widget\" data-settings=\"{&quot;_animation&quot;:&quot;rotateInUpRight&quot;,&quot;_transform_rotateZ_effect&quot;:{&quot;unit&quot;:&quot;px&quot;,&quot;size&quot;:-2,&quot;sizes&quot;:[]},&quot;_transform_rotateZ_effect_tablet&quot;:{&quot;unit&quot;:&quot;deg&quot;,&quot;size&quot;:&quot;&quot;,&quot;sizes&quot;:[]},&quot;_transform_rotateZ_effect_mobile&quot;:{&quot;unit&quot;:&quot;deg&quot;,&quot;size&quot;:&quot;&quot;,&quot;sizes&quot;:[]}}\" data-widget_type=\"image.default\">\n\t\t\t\t<div class=\"elementor-widget-container\">\n\t\t\t\t\t\t\t\t\t\t\t\t\t\t\t<img fetchpriority=\"high\" decoding=\"async\" width=\"800\" height=\"450\" src=\"https:\/\/impress-he.eu\/wp-content\/uploads\/2023\/06\/2.TCD_.jpg\" class=\"attachment-full size-full wp-image-151\" alt=\"\" srcset=\"https:\/\/impress-he.eu\/wp-content\/uploads\/2023\/06\/2.TCD_.jpg 800w, https:\/\/impress-he.eu\/wp-content\/uploads\/2023\/06\/2.TCD_-300x169.jpg 300w, https:\/\/impress-he.eu\/wp-content\/uploads\/2023\/06\/2.TCD_-768x432.jpg 768w\" sizes=\"(max-width: 800px) 100vw, 800px\" \/>\t\t\t\t\t\t\t\t\t\t\t\t\t\t\t<\/div>\n\t\t\t\t<\/div>\n\t\t\t\t<div class=\"elementor-element elementor-element-57b6bdd1 elementor-widget__width-initial elementor-absolute e-transform elementor-invisible elementor-widget elementor-widget-image\" data-id=\"57b6bdd1\" data-element_type=\"widget\" data-e-type=\"widget\" data-settings=\"{&quot;_position&quot;:&quot;absolute&quot;,&quot;_animation&quot;:&quot;rotateInUpLeft&quot;,&quot;_transform_rotateZ_effect&quot;:{&quot;unit&quot;:&quot;px&quot;,&quot;size&quot;:2,&quot;sizes&quot;:[]},&quot;_transform_rotateZ_effect_tablet&quot;:{&quot;unit&quot;:&quot;deg&quot;,&quot;size&quot;:&quot;&quot;,&quot;sizes&quot;:[]},&quot;_transform_rotateZ_effect_mobile&quot;:{&quot;unit&quot;:&quot;deg&quot;,&quot;size&quot;:&quot;&quot;,&quot;sizes&quot;:[]}}\" data-widget_type=\"image.default\">\n\t\t\t\t<div class=\"elementor-widget-container\">\n\t\t\t\t\t\t\t\t\t\t\t\t\t\t\t<img decoding=\"async\" width=\"1440\" height=\"1440\" src=\"https:\/\/impress-he.eu\/wp-content\/uploads\/2023\/07\/Trinity.jpg\" class=\"attachment-full size-full wp-image-842\" alt=\"\" srcset=\"https:\/\/impress-he.eu\/wp-content\/uploads\/2023\/07\/Trinity.jpg 1440w, https:\/\/impress-he.eu\/wp-content\/uploads\/2023\/07\/Trinity-300x300.jpg 300w, https:\/\/impress-he.eu\/wp-content\/uploads\/2023\/07\/Trinity-1024x1024.jpg 1024w, https:\/\/impress-he.eu\/wp-content\/uploads\/2023\/07\/Trinity-150x150.jpg 150w, https:\/\/impress-he.eu\/wp-content\/uploads\/2023\/07\/Trinity-768x768.jpg 768w\" sizes=\"(max-width: 1440px) 100vw, 1440px\" \/>\t\t\t\t\t\t\t\t\t\t\t\t\t\t\t<\/div>\n\t\t\t\t<\/div>\n\t\t\t\t\t<\/div>\n\t\t<\/div>\n\t\t\t\t<div class=\"elementor-column elementor-col-50 elementor-top-column elementor-element elementor-element-418835ce elementor-invisible\" data-id=\"418835ce\" data-element_type=\"column\" data-e-type=\"column\" data-settings=\"{&quot;animation&quot;:&quot;fadeInLeft&quot;}\">\n\t\t\t<div class=\"elementor-widget-wrap elementor-element-populated\">\n\t\t\t\t\t\t<div class=\"elementor-element elementor-element-70113784 elementor-widget elementor-widget-heading\" data-id=\"70113784\" data-element_type=\"widget\" data-e-type=\"widget\" data-widget_type=\"heading.default\">\n\t\t\t\t<div class=\"elementor-widget-container\">\n\t\t\t\t\t<h2 class=\"elementor-heading-title elementor-size-default\">Obejmowanie przesz\u0142o\u015bci, <br>\npatrz\u0105c w przysz\u0142o\u015b\u0107<\/h2>\t\t\t\t<\/div>\n\t\t\t\t<\/div>\n\t\t\t\t<div class=\"elementor-element elementor-element-3646a739 elementor-widget elementor-widget-text-editor\" data-id=\"3646a739\" data-element_type=\"widget\" data-e-type=\"widget\" data-widget_type=\"text-editor.default\">\n\t\t\t\t<div class=\"elementor-widget-container\">\n\t\t\t\t\t\t\t\t\t<p><span style=\"font-weight: 400;\">Trinity College Dublin jest jednym z najwi\u0119kszych uniwersytet\u00f3w w Europie. TCD School of Chemistry zajmuje si\u0119 materia\u0142ami polimerowymi, przetwarzaniem polimer\u00f3w, separacj\u0105 membran, nanokompozytami, produkcj\u0105 dodatk\u00f3w, zr\u00f3wnowa\u017conymi materia\u0142ami, biodegradowalnymi polimerami i charakteryzacj\u0105 polimer\u00f3w.<\/span><\/p>\t\t\t\t\t\t\t\t<\/div>\n\t\t\t\t<\/div>\n\t\t\t\t<div class=\"elementor-element elementor-element-6c99c200 elementor-widget elementor-widget-button\" data-id=\"6c99c200\" data-element_type=\"widget\" data-e-type=\"widget\" data-widget_type=\"button.default\">\n\t\t\t\t<div class=\"elementor-widget-container\">\n\t\t\t\t\t\t\t\t\t<div class=\"elementor-button-wrapper\">\n\t\t\t\t\t<a class=\"elementor-button elementor-button-link elementor-size-md\" href=\"https:\/\/www.tcd.ie\/\" target=\"_blank\">\n\t\t\t\t\t\t<span class=\"elementor-button-content-wrapper\">\n\t\t\t\t\t\t<span class=\"elementor-button-icon\">\n\t\t\t\t<i aria-hidden=\"true\" class=\"fas fa-arrow-right\"><\/i>\t\t\t<\/span>\n\t\t\t\t\t\t\t\t\t<span class=\"elementor-button-text\">Odwied\u017a stron\u0119<\/span>\n\t\t\t\t\t<\/span>\n\t\t\t\t\t<\/a>\n\t\t\t\t<\/div>\n\t\t\t\t\t\t\t\t<\/div>\n\t\t\t\t<\/div>\n\t\t\t\t\t<\/div>\n\t\t<\/div>\n\t\t\t\t\t<\/div>\n\t\t<\/section>\n\t\t\t\t<section data-particle_enable=\"false\" data-particle-mobile-disabled=\"false\" class=\"elementor-section elementor-top-section elementor-element elementor-element-10956d1 elementor-section-boxed elementor-section-height-default elementor-section-height-default\" data-id=\"10956d1\" data-element_type=\"section\" data-e-type=\"section\" data-settings=\"{&quot;background_background&quot;:&quot;classic&quot;}\">\n\t\t\t\t\t\t\t<div class=\"elementor-background-overlay\"><\/div>\n\t\t\t\t\t\t\t<div class=\"elementor-container elementor-column-gap-default\">\n\t\t\t\t\t<div class=\"elementor-column elementor-col-50 elementor-top-column elementor-element elementor-element-d4987b6\" data-id=\"d4987b6\" data-element_type=\"column\" data-e-type=\"column\">\n\t\t\t<div class=\"elementor-widget-wrap elementor-element-populated\">\n\t\t\t\t\t\t<section data-particle_enable=\"false\" data-particle-mobile-disabled=\"false\" class=\"elementor-section elementor-inner-section elementor-element elementor-element-5946684 elementor-section-boxed elementor-section-height-default elementor-section-height-default\" data-id=\"5946684\" data-element_type=\"section\" data-e-type=\"section\">\n\t\t\t\t\t\t<div class=\"elementor-container elementor-column-gap-default\">\n\t\t\t\t\t<div class=\"elementor-column elementor-col-50 elementor-inner-column elementor-element elementor-element-debb7f6 elementor-invisible\" data-id=\"debb7f6\" data-element_type=\"column\" data-e-type=\"column\" data-settings=\"{&quot;animation&quot;:&quot;fadeInUp&quot;}\">\n\t\t\t<div class=\"elementor-widget-wrap elementor-element-populated\">\n\t\t\t\t\t\t<div class=\"elementor-element elementor-element-6fb939d elementor-widget elementor-widget-heading\" data-id=\"6fb939d\" data-element_type=\"widget\" data-e-type=\"widget\" data-widget_type=\"heading.default\">\n\t\t\t\t<div class=\"elementor-widget-container\">\n\t\t\t\t\t<h6 class=\"elementor-heading-title elementor-size-default\">KRAJ<\/h6>\t\t\t\t<\/div>\n\t\t\t\t<\/div>\n\t\t\t\t<div class=\"elementor-element elementor-element-8ec1487 elementor-widget elementor-widget-text-editor\" data-id=\"8ec1487\" data-element_type=\"widget\" data-e-type=\"widget\" data-widget_type=\"text-editor.default\">\n\t\t\t\t<div class=\"elementor-widget-container\">\n\t\t\t\t\t\t\t\t\t<p><span style=\"font-weight: 400;\">Irlandia<\/span><\/p>\t\t\t\t\t\t\t\t<\/div>\n\t\t\t\t<\/div>\n\t\t\t\t\t<\/div>\n\t\t<\/div>\n\t\t\t\t<div class=\"elementor-column elementor-col-50 elementor-inner-column elementor-element elementor-element-654f3f8 elementor-invisible\" data-id=\"654f3f8\" data-element_type=\"column\" data-e-type=\"column\" data-settings=\"{&quot;animation&quot;:&quot;fadeInUp&quot;}\">\n\t\t\t<div class=\"elementor-widget-wrap elementor-element-populated\">\n\t\t\t\t\t\t<div class=\"elementor-element elementor-element-8a071e4 elementor-widget elementor-widget-image\" data-id=\"8a071e4\" data-element_type=\"widget\" data-e-type=\"widget\" data-widget_type=\"image.default\">\n\t\t\t\t<div class=\"elementor-widget-container\">\n\t\t\t\t\t\t\t\t\t\t\t\t\t\t\t<img decoding=\"async\" width=\"800\" height=\"400\" src=\"https:\/\/impress-he.eu\/wp-content\/uploads\/2023\/07\/flag-ireland-e1690362298921.png\" class=\"attachment-large size-large wp-image-831\" alt=\"\" srcset=\"https:\/\/impress-he.eu\/wp-content\/uploads\/2023\/07\/flag-ireland-e1690362298921.png 800w, https:\/\/impress-he.eu\/wp-content\/uploads\/2023\/07\/flag-ireland-e1690362298921-300x150.png 300w, https:\/\/impress-he.eu\/wp-content\/uploads\/2023\/07\/flag-ireland-e1690362298921-768x384.png 768w\" sizes=\"(max-width: 800px) 100vw, 800px\" \/>\t\t\t\t\t\t\t\t\t\t\t\t\t\t\t<\/div>\n\t\t\t\t<\/div>\n\t\t\t\t\t<\/div>\n\t\t<\/div>\n\t\t\t\t\t<\/div>\n\t\t<\/section>\n\t\t\t\t<section data-particle_enable=\"false\" data-particle-mobile-disabled=\"false\" class=\"elementor-section elementor-inner-section elementor-element elementor-element-42ca3d34 elementor-section-boxed elementor-section-height-default elementor-section-height-default\" data-id=\"42ca3d34\" data-element_type=\"section\" data-e-type=\"section\">\n\t\t\t\t\t\t<div class=\"elementor-container elementor-column-gap-default\">\n\t\t\t\t\t<div class=\"elementor-column elementor-col-50 elementor-inner-column elementor-element elementor-element-c836e42 elementor-invisible\" data-id=\"c836e42\" data-element_type=\"column\" data-e-type=\"column\" data-settings=\"{&quot;animation&quot;:&quot;fadeInUp&quot;}\">\n\t\t\t<div class=\"elementor-widget-wrap elementor-element-populated\">\n\t\t\t\t\t\t<div class=\"elementor-element elementor-element-2b2ba682 elementor-widget elementor-widget-heading\" data-id=\"2b2ba682\" data-element_type=\"widget\" data-e-type=\"widget\" data-widget_type=\"heading.default\">\n\t\t\t\t<div class=\"elementor-widget-container\">\n\t\t\t\t\t<h6 class=\"elementor-heading-title elementor-size-default\">IMI\u0118 I NAZWISKO<\/h6>\t\t\t\t<\/div>\n\t\t\t\t<\/div>\n\t\t\t\t<div class=\"elementor-element elementor-element-104eda87 elementor-widget elementor-widget-text-editor\" data-id=\"104eda87\" data-element_type=\"widget\" data-e-type=\"widget\" data-widget_type=\"text-editor.default\">\n\t\t\t\t<div class=\"elementor-widget-container\">\n\t\t\t\t\t\t\t\t\t<p><span style=\"font-weight: 400;\">Trinity College Dublin<\/span><\/p>\t\t\t\t\t\t\t\t<\/div>\n\t\t\t\t<\/div>\n\t\t\t\t\t<\/div>\n\t\t<\/div>\n\t\t\t\t<div class=\"elementor-column elementor-col-50 elementor-inner-column elementor-element elementor-element-b4b1244 elementor-invisible\" data-id=\"b4b1244\" data-element_type=\"column\" data-e-type=\"column\" data-settings=\"{&quot;animation&quot;:&quot;fadeInUp&quot;}\">\n\t\t\t<div class=\"elementor-widget-wrap elementor-element-populated\">\n\t\t\t\t\t\t<div class=\"elementor-element elementor-element-e04f3de elementor-widget elementor-widget-heading\" data-id=\"e04f3de\" data-element_type=\"widget\" data-e-type=\"widget\" data-widget_type=\"heading.default\">\n\t\t\t\t<div class=\"elementor-widget-container\">\n\t\t\t\t\t<h6 class=\"elementor-heading-title elementor-size-default\">SKR\u00d3CONA NAZWA<\/h6>\t\t\t\t<\/div>\n\t\t\t\t<\/div>\n\t\t\t\t<div class=\"elementor-element elementor-element-39886ad elementor-widget elementor-widget-text-editor\" data-id=\"39886ad\" data-element_type=\"widget\" data-e-type=\"widget\" data-widget_type=\"text-editor.default\">\n\t\t\t\t<div class=\"elementor-widget-container\">\n\t\t\t\t\t\t\t\t\t<p><span style=\"font-weight: 400;\">TCD<\/span><\/p>\t\t\t\t\t\t\t\t<\/div>\n\t\t\t\t<\/div>\n\t\t\t\t\t<\/div>\n\t\t<\/div>\n\t\t\t\t\t<\/div>\n\t\t<\/section>\n\t\t\t\t<section data-particle_enable=\"false\" data-particle-mobile-disabled=\"false\" class=\"elementor-section elementor-inner-section elementor-element elementor-element-74e2dd4 elementor-section-boxed elementor-section-height-default elementor-section-height-default\" data-id=\"74e2dd4\" data-element_type=\"section\" data-e-type=\"section\">\n\t\t\t\t\t\t<div class=\"elementor-container elementor-column-gap-default\">\n\t\t\t\t\t<div class=\"elementor-column elementor-col-100 elementor-inner-column elementor-element elementor-element-0fa9e24 elementor-invisible\" data-id=\"0fa9e24\" data-element_type=\"column\" data-e-type=\"column\" data-settings=\"{&quot;animation&quot;:&quot;fadeInUp&quot;}\">\n\t\t\t<div class=\"elementor-widget-wrap elementor-element-populated\">\n\t\t\t\t\t\t<div class=\"elementor-element elementor-element-0fe200e elementor-widget elementor-widget-heading\" data-id=\"0fe200e\" data-element_type=\"widget\" data-e-type=\"widget\" data-widget_type=\"heading.default\">\n\t\t\t\t<div class=\"elementor-widget-container\">\n\t\t\t\t\t<h6 class=\"elementor-heading-title elementor-size-default\">OSOBA KONTAKTOWA<\/h6>\t\t\t\t<\/div>\n\t\t\t\t<\/div>\n\t\t\t\t<div class=\"elementor-element elementor-element-5b40f4b elementor-widget elementor-widget-text-editor\" data-id=\"5b40f4b\" data-element_type=\"widget\" data-e-type=\"widget\" data-widget_type=\"text-editor.default\">\n\t\t\t\t<div class=\"elementor-widget-container\">\n\t\t\t\t\t\t\t\t\t<h4><strong>Ramesh Babu<\/strong><\/h4><p>Profesor<\/p>\t\t\t\t\t\t\t\t<\/div>\n\t\t\t\t<\/div>\n\t\t\t\t<div class=\"elementor-element elementor-element-0fc4200 elementor-icon-list--layout-traditional elementor-list-item-link-full_width elementor-widget elementor-widget-icon-list\" data-id=\"0fc4200\" data-element_type=\"widget\" data-e-type=\"widget\" data-widget_type=\"icon-list.default\">\n\t\t\t\t<div class=\"elementor-widget-container\">\n\t\t\t\t\t\t\t<ul class=\"elementor-icon-list-items\">\n\t\t\t\t\t\t\t<li class=\"elementor-icon-list-item\">\n\t\t\t\t\t\t\t\t\t\t\t<a href=\"mailto:BABUP@tcd.ie%20\">\n\n\t\t\t\t\t\t\t\t\t\t\t\t<span class=\"elementor-icon-list-icon\">\n\t\t\t\t\t\t\t<i aria-hidden=\"true\" class=\"far fa-envelope\"><\/i>\t\t\t\t\t\t<\/span>\n\t\t\t\t\t\t\t\t\t\t<span class=\"elementor-icon-list-text\">BABUP@tcd.ie <\/span>\n\t\t\t\t\t\t\t\t\t\t\t<\/a>\n\t\t\t\t\t\t\t\t\t<\/li>\n\t\t\t\t\t\t<\/ul>\n\t\t\t\t\t\t<\/div>\n\t\t\t\t<\/div>\n\t\t\t\t\t<\/div>\n\t\t<\/div>\n\t\t\t\t\t<\/div>\n\t\t<\/section>\n\t\t\t\t\t<\/div>\n\t\t<\/div>\n\t\t\t\t<div class=\"elementor-column elementor-col-50 elementor-top-column elementor-element elementor-element-781eb8f\" data-id=\"781eb8f\" data-element_type=\"column\" data-e-type=\"column\">\n\t\t\t<div class=\"elementor-widget-wrap elementor-element-populated\">\n\t\t\t\t\t\t<section data-particle_enable=\"false\" data-particle-mobile-disabled=\"false\" class=\"elementor-section elementor-inner-section elementor-element elementor-element-57edc19 elementor-section-boxed elementor-section-height-default elementor-section-height-default\" data-id=\"57edc19\" data-element_type=\"section\" data-e-type=\"section\">\n\t\t\t\t\t\t<div class=\"elementor-container elementor-column-gap-default\">\n\t\t\t\t\t<div class=\"elementor-column elementor-col-100 elementor-inner-column elementor-element elementor-element-1513fe7 elementor-invisible\" data-id=\"1513fe7\" data-element_type=\"column\" data-e-type=\"column\" data-settings=\"{&quot;animation&quot;:&quot;fadeInUp&quot;}\">\n\t\t\t<div class=\"elementor-widget-wrap elementor-element-populated\">\n\t\t\t\t\t\t<div class=\"elementor-element elementor-element-d59f2c3 elementor-widget elementor-widget-heading\" data-id=\"d59f2c3\" data-element_type=\"widget\" data-e-type=\"widget\" data-widget_type=\"heading.default\">\n\t\t\t\t<div class=\"elementor-widget-container\">\n\t\t\t\t\t<h2 class=\"elementor-heading-title elementor-size-default\">Rola w projekcie\n\n<\/h2>\t\t\t\t<\/div>\n\t\t\t\t<\/div>\n\t\t\t\t<div class=\"elementor-element elementor-element-3b0ab26 elementor-widget elementor-widget-text-editor\" data-id=\"3b0ab26\" data-element_type=\"widget\" data-e-type=\"widget\" data-widget_type=\"text-editor.default\">\n\t\t\t\t<div class=\"elementor-widget-container\">\n\t\t\t\t\t\t\t\t\t<p><b>Lead:<\/b><span style=\"font-weight: 400;\"> Innowacyjne i zr\u00f3wnowa\u017cone podej\u015bcie do opakowa\u0144, w tym opracowywanie mieszanek i kompozyt\u00f3w polimerowych, pow\u0142ok na bazie biopolimer\u00f3w i bia\u0142ek w celu poprawy trwa\u0142o\u015bci produkt\u00f3w spo\u017cywczych, produkcja na skal\u0119 pilota\u017cow\u0105 kompozyt\u00f3w polimerowych, mieszanek i folii opakowaniowych typu proto, prototypowe opakowania \u017cywno\u015bci z inteligentnymi etykietami w celu potwierdzenia autentyczno\u015bci i trwa\u0142o\u015bci produktu, ocena kompostowalno\u015bci i biodegradowalno\u015bci opakowa\u0144 na bazie biologicznej.<\/span><\/p><p><b>We\u017a udzia\u0142 w:<\/b><span style=\"font-weight: 400;\"> Sk\u0142adniki o wysokiej warto\u015bci ze strumieni przetwarzania<\/span><\/p><p><b>Zadania wymagaj\u0105ce zaanga\u017cowania wszystkich partner\u00f3w<\/b><span style=\"font-weight: 400;\">kapitalizacja i powi\u0105zania z bie\u017c\u0105cymi i przesz\u0142ymi dzia\u0142aniami, mapowanie istniej\u0105cych produkt\u00f3w oraz interesariuszy biznesowych i badawczych, badanie kwestii regulacyjnych dotycz\u0105cych pasz dla zwierz\u0105t, \u017cywno\u015bci i opakowa\u0144, mapowanie i kwantyfikacja odpad\u00f3w rybnych z przetw\u00f3rstwa, handlu detalicznego i sektora HORECA, promocja wybranych niedostatecznie wykorzystywanych surowc\u00f3w rybnych i akwakultury w konsumpcji, LCA nowych sk\u0142adnik\u00f3w, proces\u00f3w i produkt\u00f3w \/ LCC \/ LCSAm, ocena wzorc\u00f3w zachowa\u0144 zwi\u0105zanych z przyj\u0119ciem \u0142a\u0144cuch\u00f3w warto\u015bci, wszystkie zadania zwi\u0105zane z kszta\u0142towaniem \u0142a\u0144cuch\u00f3w warto\u015bci w celu skutecznego wprowadzania na rynek nowych produkt\u00f3w.<\/span><\/p>\t\t\t\t\t\t\t\t<\/div>\n\t\t\t\t<\/div>\n\t\t\t\t\t<\/div>\n\t\t<\/div>\n\t\t\t\t\t<\/div>\n\t\t<\/section>\n\t\t\t\t\t<\/div>\n\t\t<\/div>\n\t\t\t\t\t<\/div>\n\t\t<\/section>\n\t\t\t\t<\/div>","protected":false},"excerpt":{"rendered":"<p>Embracing the past, looking to the future Trinity College Dublin\u00a0 is one of the largest universities in Europe. TCD School of Chemistry leads the polymeric Materials, polymer processing, membrane separation, nanocomposites, additive manufacturing,sustainable materials, biodegradable polymers and polymer characterization. Visit website COUNTRY Ireland FULL NAME Trinity College Dublin SHORT NAME TCD CONTACT PERSON Ramesh Babu [&hellip;]<\/p>\n","protected":false},"author":1,"featured_media":151,"parent":583,"menu_order":6,"comment_status":"closed","ping_status":"closed","template":"","meta":{"iawp_total_views":92,"footnotes":""},"class_list":["post-835","page","type-page","status-publish","has-post-thumbnail","hentry"],"_links":{"self":[{"href":"https:\/\/impress-he.eu\/pl\/wp-json\/wp\/v2\/pages\/835","targetHints":{"allow":["GET"]}}],"collection":[{"href":"https:\/\/impress-he.eu\/pl\/wp-json\/wp\/v2\/pages"}],"about":[{"href":"https:\/\/impress-he.eu\/pl\/wp-json\/wp\/v2\/types\/page"}],"author":[{"embeddable":true,"href":"https:\/\/impress-he.eu\/pl\/wp-json\/wp\/v2\/users\/1"}],"replies":[{"embeddable":true,"href":"https:\/\/impress-he.eu\/pl\/wp-json\/wp\/v2\/comments?post=835"}],"version-history":[{"count":21,"href":"https:\/\/impress-he.eu\/pl\/wp-json\/wp\/v2\/pages\/835\/revisions"}],"predecessor-version":[{"id":1230,"href":"https:\/\/impress-he.eu\/pl\/wp-json\/wp\/v2\/pages\/835\/revisions\/1230"}],"up":[{"embeddable":true,"href":"https:\/\/impress-he.eu\/pl\/wp-json\/wp\/v2\/pages\/583"}],"wp:featuredmedia":[{"embeddable":true,"href":"https:\/\/impress-he.eu\/pl\/wp-json\/wp\/v2\/media\/151"}],"wp:attachment":[{"href":"https:\/\/impress-he.eu\/pl\/wp-json\/wp\/v2\/media?parent=835"}],"curies":[{"name":"wp","href":"https:\/\/api.w.org\/{rel}","templated":true}]}}